{"id":5961,"date":"2024-04-02T10:04:11","date_gmt":"2024-04-02T08:04:11","guid":{"rendered":"https:\/\/ayur.bio\/comprar\/slip-anti-radiations-pour-hommes-boxer-protection-contre-les-cem-et-les-radiations-rf-100-fibre-dargent-ayurbio-antirradiation-courte-blindage-nucleaire-de-faraday-contre-les-ondes-electromagneti\/"},"modified":"2024-04-02T10:04:11","modified_gmt":"2024-04-02T08:04:11","slug":"slip-anti-radiations-pour-hommes-boxer-protection-contre-les-cem-et-les-radiations-rf-100-fibre-dargent-ayurbio-antirradiation-courte-blindage-nucleaire-de-faraday-contre-les-ondes-electromagneti","status":"publish","type":"product","link":"https:\/\/ayur.bio\/fr\/acheter\/slip-anti-radiations-pour-hommes-boxer-protection-contre-les-cem-et-les-radiations-rf-100-fibre-dargent-ayurbio-antirradiation-courte-blindage-nucleaire-de-faraday-contre-les-ondes-electromagneti\/","title":{"rendered":"Slip anti-radiations pour hommes. Boxer Protection contre les CEM et les radiations RF 100% fibre d&rsquo;argent. Ayurbio Antirradiation courte. Blindage nucl\u00e9aire de Faraday contre les ondes \u00e9lectromagn\u00e9tiques, 5G, WIFI, t\u00e9l\u00e9phone, antennes."},"content":{"rendered":"","protected":false},"excerpt":{"rendered":"<p>\ud83d\udeab <strong>PROT\u00c9GEZ-VOUS DES RAYONNEMENTS<\/strong>Notre technologie r\u00e9volutionnaire SilverBlock int\u00e8gre le tissage naturel des fils ioniques d&rsquo;argent et l&rsquo;effet Faraday dans chaque v\u00eatement, formant un bouclier \u00e9lectromagn\u00e9tique avanc\u00e9 qui bloque 99,9999 % de tous les types de rayonnements nocifs : t\u00e9l\u00e9phone, 4G\/5G (y compris la 6G \u00e0 venir), Wi-Fi, antennes de t\u00e9l\u00e9phone portable, micro-ondes, Bluetooth. B\u00e9n\u00e9ficiez d&rsquo;une protection totale dans le style et le confort!<br \/>\n\ud83d\udee1 <strong>PROTECTION MAXIMALE: <\/strong> les v\u00eatements antiradiation Ayurbio, test\u00e9s dans des laboratoires militaires, ont une protection de 51-56,4 DB de 30 MHZ \u00e0 60 GHZ pour vous prot\u00e9ger des ondes \u00e9lectromagn\u00e9tiques (RF\/EMI\/EMF\/LF) pr\u00e9sentes dans tous les environnements. \u00c0 l&rsquo;int\u00e9rieur comme \u00e0 l&rsquo;ext\u00e9rieur, notre corps est constamment expos\u00e9 aux rayonnements. Portez-les sous vos v\u00eatements habituels et prot\u00e9gez votre sant\u00e9 et celle de votre famille.<br \/>\n\ud83e\udd0d <strong>B\u00c9N\u00c9FICES MULTIPLES POUR LA SANT\u00c9: <\/strong> les fibres d&rsquo;argent ayurv\u00e9diques sont b\u00e9n\u00e9fiques au contact de la peau. Gr\u00e2ce \u00e0 la technologie Silverblock, elles contribuent \u00e0 l&rsquo;am\u00e9lioration du syst\u00e8me immunitaire et cognitif, en r\u00e9duisant les signes de vieillissement et de stress caus\u00e9s par l&rsquo;interaction constante avec les radiations \u00e9lectromagn\u00e9tiques. Am\u00e9liorez votre bien-\u00eatre et investissez dans la qualit\u00e9 de vie !<br \/>\n\ud83d\udc5a <strong>TISSU ANTIBACTERIEN:<\/strong> tous les v\u00eatements anti-radiation Ayurbio sont prot\u00e9g\u00e9s contre les germes et les bact\u00e9ries, thermor\u00e9gulateurs, hypoallerg\u00e9niques et con\u00e7us pour repousser les odeurs, m\u00eame apr\u00e8s une utilisation prolong\u00e9e. Pour pr\u00e9server toutes ses propri\u00e9t\u00e9s, il est recommand\u00e9 de le laver \u00e0 la main.<\/p>\n","protected":false},"featured_media":5251,"comment_status":"open","ping_status":"closed","template":"","meta":{"_themeisle_gutenberg_block_has_review":false},"product_brand":[],"product_cat":[167],"product_tag":[192,193,263,261],"class_list":{"0":"post-5961","1":"product","2":"type-product","3":"status-publish","4":"has-post-thumbnail","6":"product_cat-pantalon","7":"product_tag-calecon-anti-radiation","8":"product_tag-pantalon-antiradiation","9":"product_tag-short-antiradiation","10":"product_tag-sous-vetements-antiradiation","12":"first","13":"instock","14":"taxable","15":"shipping-taxable","16":"purchasable","17":"product-type-variable"},"yoast_head":"<!-- This site is optimized with the Yoast SEO plugin v24.8.1 - https:\/\/yoast.com\/wordpress\/plugins\/seo\/ -->\n<title>Slip anti-radiations pour hommes. Boxer Protection contre les CEM et les radiations RF 100% fibre d&#039;argent. Ayurbio Antirradiation courte. Blindage nucl\u00e9aire de Faraday contre les ondes \u00e9lectromagn\u00e9tiques, 5G, WIFI, t\u00e9l\u00e9phone, antennes. - Ayurbio Wear<\/title>\n<meta name=\"robots\" content=\"index, follow, max-snippet:-1, max-image-preview:large, max-video-preview:-1\" \/>\n<link rel=\"canonical\" href=\"https:\/\/ayur.bio\/acheter\/calzoncillos-anti-radiacion-hombre-boxer-proteccion-emf-y-rf-contra-radiacion-100-fibra-de-plata-ayurbio-short-antirradiacion-blindaje-nuclear-faraday-frente-a-ondas-electromagneticas-5g-wifi-te\/\" \/>\n<meta property=\"og:locale\" content=\"fr_FR\" \/>\n<meta property=\"og:type\" content=\"article\" \/>\n<meta property=\"og:title\" content=\"Slip anti-radiations pour hommes. Boxer Protection contre les CEM et les radiations RF 100% fibre d&#039;argent. Ayurbio Antirradiation courte. Blindage nucl\u00e9aire de Faraday contre les ondes \u00e9lectromagn\u00e9tiques, 5G, WIFI, t\u00e9l\u00e9phone, antennes. - Ayurbio Wear\" \/>\n<meta property=\"og:description\" content=\"\ud83d\udeab PROT\u00c9GEZ-VOUS DES RAYONNEMENTSNotre technologie r\u00e9volutionnaire SilverBlock int\u00e8gre le tissage naturel des fils ioniques d&#039;argent et l&#039;effet Faraday dans chaque v\u00eatement, formant un bouclier \u00e9lectromagn\u00e9tique avanc\u00e9 qui bloque 99,9999 % de tous les types de rayonnements nocifs : t\u00e9l\u00e9phone, 4G\/5G (y compris la 6G \u00e0 venir), Wi-Fi, antennes de t\u00e9l\u00e9phone portable, micro-ondes, Bluetooth. B\u00e9n\u00e9ficiez d&#039;une protection totale dans le style et le confort! \ud83d\udee1 PROTECTION MAXIMALE: les v\u00eatements antiradiation Ayurbio, test\u00e9s dans des laboratoires militaires, ont une protection de 51-56,4 DB de 30 MHZ \u00e0 60 GHZ pour vous prot\u00e9ger des ondes \u00e9lectromagn\u00e9tiques (RF\/EMI\/EMF\/LF) pr\u00e9sentes dans tous les environnements. \u00c0 l&#039;int\u00e9rieur comme \u00e0 l&#039;ext\u00e9rieur, notre corps est constamment expos\u00e9 aux rayonnements. Portez-les sous vos v\u00eatements habituels et prot\u00e9gez votre sant\u00e9 et celle de votre famille. \ud83e\udd0d B\u00c9N\u00c9FICES MULTIPLES POUR LA SANT\u00c9: les fibres d&#039;argent ayurv\u00e9diques sont b\u00e9n\u00e9fiques au contact de la peau. Gr\u00e2ce \u00e0 la technologie Silverblock, elles contribuent \u00e0 l&#039;am\u00e9lioration du syst\u00e8me immunitaire et cognitif, en r\u00e9duisant les signes de vieillissement et de stress caus\u00e9s par l&#039;interaction constante avec les radiations \u00e9lectromagn\u00e9tiques. Am\u00e9liorez votre bien-\u00eatre et investissez dans la qualit\u00e9 de vie ! \ud83d\udc5a TISSU ANTIBACTERIEN: tous les v\u00eatements anti-radiation Ayurbio sont prot\u00e9g\u00e9s contre les germes et les bact\u00e9ries, thermor\u00e9gulateurs, hypoallerg\u00e9niques et con\u00e7us pour repousser les odeurs, m\u00eame apr\u00e8s une utilisation prolong\u00e9e. Pour pr\u00e9server toutes ses propri\u00e9t\u00e9s, il est recommand\u00e9 de le laver \u00e0 la main.\" \/>\n<meta property=\"og:url\" content=\"https:\/\/ayur.bio\/acheter\/calzoncillos-anti-radiacion-hombre-boxer-proteccion-emf-y-rf-contra-radiacion-100-fibra-de-plata-ayurbio-short-antirradiacion-blindaje-nuclear-faraday-frente-a-ondas-electromagneticas-5g-wifi-te\/\" \/>\n<meta property=\"og:site_name\" content=\"Ayurbio Wear\" \/>\n<meta property=\"og:image\" content=\"https:\/\/ayur.bio\/wp-content\/uploads\/2024\/04\/calzoncillos-boxer-antirradiacion-bloquea-todas-las-radiaciones-ayurbio.jpg\" \/>\n\t<meta property=\"og:image:width\" content=\"2000\" \/>\n\t<meta property=\"og:image:height\" content=\"2000\" \/>\n\t<meta property=\"og:image:type\" content=\"image\/jpeg\" \/>\n<meta name=\"twitter:card\" content=\"summary_large_image\" \/>\n<script type=\"application\/ld+json\" class=\"yoast-schema-graph\">{\"@context\":\"https:\/\/schema.org\",\"@graph\":[{\"@type\":\"WebPage\",\"@id\":\"https:\/\/ayur.bio\/acheter\/calzoncillos-anti-radiacion-hombre-boxer-proteccion-emf-y-rf-contra-radiacion-100-fibra-de-plata-ayurbio-short-antirradiacion-blindaje-nuclear-faraday-frente-a-ondas-electromagneticas-5g-wifi-te\/\",\"url\":\"https:\/\/ayur.bio\/acheter\/calzoncillos-anti-radiacion-hombre-boxer-proteccion-emf-y-rf-contra-radiacion-100-fibra-de-plata-ayurbio-short-antirradiacion-blindaje-nuclear-faraday-frente-a-ondas-electromagneticas-5g-wifi-te\/\",\"name\":\"Slip anti-radiations pour hommes. Boxer Protection contre les CEM et les radiations RF 100% fibre d'argent. Ayurbio Antirradiation courte. Blindage nucl\u00e9aire de Faraday contre les ondes \u00e9lectromagn\u00e9tiques, 5G, WIFI, t\u00e9l\u00e9phone, antennes. - Ayurbio Wear\",\"isPartOf\":{\"@id\":\"https:\/\/ayur.bio\/fr\/#website\"},\"primaryImageOfPage\":{\"@id\":\"https:\/\/ayur.bio\/acheter\/calzoncillos-anti-radiacion-hombre-boxer-proteccion-emf-y-rf-contra-radiacion-100-fibra-de-plata-ayurbio-short-antirradiacion-blindaje-nuclear-faraday-frente-a-ondas-electromagneticas-5g-wifi-te\/#primaryimage\"},\"image\":{\"@id\":\"https:\/\/ayur.bio\/acheter\/calzoncillos-anti-radiacion-hombre-boxer-proteccion-emf-y-rf-contra-radiacion-100-fibra-de-plata-ayurbio-short-antirradiacion-blindaje-nuclear-faraday-frente-a-ondas-electromagneticas-5g-wifi-te\/#primaryimage\"},\"thumbnailUrl\":\"https:\/\/ayur.bio\/wp-content\/uploads\/2024\/04\/calzoncillos-boxer-antirradiacion-bloquea-todas-las-radiaciones-ayurbio.jpg\",\"datePublished\":\"2024-04-02T08:04:11+00:00\",\"breadcrumb\":{\"@id\":\"https:\/\/ayur.bio\/acheter\/calzoncillos-anti-radiacion-hombre-boxer-proteccion-emf-y-rf-contra-radiacion-100-fibra-de-plata-ayurbio-short-antirradiacion-blindaje-nuclear-faraday-frente-a-ondas-electromagneticas-5g-wifi-te\/#breadcrumb\"},\"inLanguage\":\"fr-FR\",\"potentialAction\":[{\"@type\":\"ReadAction\",\"target\":[\"https:\/\/ayur.bio\/acheter\/calzoncillos-anti-radiacion-hombre-boxer-proteccion-emf-y-rf-contra-radiacion-100-fibra-de-plata-ayurbio-short-antirradiacion-blindaje-nuclear-faraday-frente-a-ondas-electromagneticas-5g-wifi-te\/\"]}]},{\"@type\":\"ImageObject\",\"inLanguage\":\"fr-FR\",\"@id\":\"https:\/\/ayur.bio\/acheter\/calzoncillos-anti-radiacion-hombre-boxer-proteccion-emf-y-rf-contra-radiacion-100-fibra-de-plata-ayurbio-short-antirradiacion-blindaje-nuclear-faraday-frente-a-ondas-electromagneticas-5g-wifi-te\/#primaryimage\",\"url\":\"https:\/\/ayur.bio\/wp-content\/uploads\/2024\/04\/calzoncillos-boxer-antirradiacion-bloquea-todas-las-radiaciones-ayurbio.jpg\",\"contentUrl\":\"https:\/\/ayur.bio\/wp-content\/uploads\/2024\/04\/calzoncillos-boxer-antirradiacion-bloquea-todas-las-radiaciones-ayurbio.jpg\",\"width\":2000,\"height\":2000},{\"@type\":\"BreadcrumbList\",\"@id\":\"https:\/\/ayur.bio\/acheter\/calzoncillos-anti-radiacion-hombre-boxer-proteccion-emf-y-rf-contra-radiacion-100-fibra-de-plata-ayurbio-short-antirradiacion-blindaje-nuclear-faraday-frente-a-ondas-electromagneticas-5g-wifi-te\/#breadcrumb\",\"itemListElement\":[{\"@type\":\"ListItem\",\"position\":1,\"name\":\"Portada\",\"item\":\"https:\/\/ayur.bio\/fr\/\"},{\"@type\":\"ListItem\",\"position\":2,\"name\":\"Boutique\",\"item\":\"https:\/\/ayur.bio\/fr\/boutique\/\"},{\"@type\":\"ListItem\",\"position\":3,\"name\":\"Slip anti-radiations pour hommes. Boxer Protection contre les CEM et les radiations RF 100% fibre d&#8217;argent. Ayurbio Antirradiation courte. Blindage nucl\u00e9aire de Faraday contre les ondes \u00e9lectromagn\u00e9tiques, 5G, WIFI, t\u00e9l\u00e9phone, antennes.\"}]},{\"@type\":\"WebSite\",\"@id\":\"https:\/\/ayur.bio\/fr\/#website\",\"url\":\"https:\/\/ayur.bio\/fr\/\",\"name\":\"Ayurbio Wear\",\"description\":\"\",\"potentialAction\":[{\"@type\":\"SearchAction\",\"target\":{\"@type\":\"EntryPoint\",\"urlTemplate\":\"https:\/\/ayur.bio\/fr\/?s={search_term_string}\"},\"query-input\":{\"@type\":\"PropertyValueSpecification\",\"valueRequired\":true,\"valueName\":\"search_term_string\"}}],\"inLanguage\":\"fr-FR\"}]}<\/script>\n<!-- \/ Yoast SEO plugin. -->","yoast_head_json":{"title":"Slip anti-radiations pour hommes. Boxer Protection contre les CEM et les radiations RF 100% fibre d'argent. Ayurbio Antirradiation courte. Blindage nucl\u00e9aire de Faraday contre les ondes \u00e9lectromagn\u00e9tiques, 5G, WIFI, t\u00e9l\u00e9phone, antennes. - Ayurbio Wear","robots":{"index":"index","follow":"follow","max-snippet":"max-snippet:-1","max-image-preview":"max-image-preview:large","max-video-preview":"max-video-preview:-1"},"canonical":"https:\/\/ayur.bio\/acheter\/calzoncillos-anti-radiacion-hombre-boxer-proteccion-emf-y-rf-contra-radiacion-100-fibra-de-plata-ayurbio-short-antirradiacion-blindaje-nuclear-faraday-frente-a-ondas-electromagneticas-5g-wifi-te\/","og_locale":"fr_FR","og_type":"article","og_title":"Slip anti-radiations pour hommes. Boxer Protection contre les CEM et les radiations RF 100% fibre d'argent. Ayurbio Antirradiation courte. Blindage nucl\u00e9aire de Faraday contre les ondes \u00e9lectromagn\u00e9tiques, 5G, WIFI, t\u00e9l\u00e9phone, antennes. - Ayurbio Wear","og_description":"\ud83d\udeab PROT\u00c9GEZ-VOUS DES RAYONNEMENTSNotre technologie r\u00e9volutionnaire SilverBlock int\u00e8gre le tissage naturel des fils ioniques d'argent et l'effet Faraday dans chaque v\u00eatement, formant un bouclier \u00e9lectromagn\u00e9tique avanc\u00e9 qui bloque 99,9999 % de tous les types de rayonnements nocifs : t\u00e9l\u00e9phone, 4G\/5G (y compris la 6G \u00e0 venir), Wi-Fi, antennes de t\u00e9l\u00e9phone portable, micro-ondes, Bluetooth. B\u00e9n\u00e9ficiez d'une protection totale dans le style et le confort! \ud83d\udee1 PROTECTION MAXIMALE: les v\u00eatements antiradiation Ayurbio, test\u00e9s dans des laboratoires militaires, ont une protection de 51-56,4 DB de 30 MHZ \u00e0 60 GHZ pour vous prot\u00e9ger des ondes \u00e9lectromagn\u00e9tiques (RF\/EMI\/EMF\/LF) pr\u00e9sentes dans tous les environnements. \u00c0 l'int\u00e9rieur comme \u00e0 l'ext\u00e9rieur, notre corps est constamment expos\u00e9 aux rayonnements. Portez-les sous vos v\u00eatements habituels et prot\u00e9gez votre sant\u00e9 et celle de votre famille. \ud83e\udd0d B\u00c9N\u00c9FICES MULTIPLES POUR LA SANT\u00c9: les fibres d'argent ayurv\u00e9diques sont b\u00e9n\u00e9fiques au contact de la peau. Gr\u00e2ce \u00e0 la technologie Silverblock, elles contribuent \u00e0 l'am\u00e9lioration du syst\u00e8me immunitaire et cognitif, en r\u00e9duisant les signes de vieillissement et de stress caus\u00e9s par l'interaction constante avec les radiations \u00e9lectromagn\u00e9tiques. Am\u00e9liorez votre bien-\u00eatre et investissez dans la qualit\u00e9 de vie ! \ud83d\udc5a TISSU ANTIBACTERIEN: tous les v\u00eatements anti-radiation Ayurbio sont prot\u00e9g\u00e9s contre les germes et les bact\u00e9ries, thermor\u00e9gulateurs, hypoallerg\u00e9niques et con\u00e7us pour repousser les odeurs, m\u00eame apr\u00e8s une utilisation prolong\u00e9e. Pour pr\u00e9server toutes ses propri\u00e9t\u00e9s, il est recommand\u00e9 de le laver \u00e0 la main.","og_url":"https:\/\/ayur.bio\/acheter\/calzoncillos-anti-radiacion-hombre-boxer-proteccion-emf-y-rf-contra-radiacion-100-fibra-de-plata-ayurbio-short-antirradiacion-blindaje-nuclear-faraday-frente-a-ondas-electromagneticas-5g-wifi-te\/","og_site_name":"Ayurbio Wear","og_image":[{"width":2000,"height":2000,"url":"https:\/\/ayur.bio\/wp-content\/uploads\/2024\/04\/calzoncillos-boxer-antirradiacion-bloquea-todas-las-radiaciones-ayurbio.jpg","type":"image\/jpeg"}],"twitter_card":"summary_large_image","schema":{"@context":"https:\/\/schema.org","@graph":[{"@type":"WebPage","@id":"https:\/\/ayur.bio\/acheter\/calzoncillos-anti-radiacion-hombre-boxer-proteccion-emf-y-rf-contra-radiacion-100-fibra-de-plata-ayurbio-short-antirradiacion-blindaje-nuclear-faraday-frente-a-ondas-electromagneticas-5g-wifi-te\/","url":"https:\/\/ayur.bio\/acheter\/calzoncillos-anti-radiacion-hombre-boxer-proteccion-emf-y-rf-contra-radiacion-100-fibra-de-plata-ayurbio-short-antirradiacion-blindaje-nuclear-faraday-frente-a-ondas-electromagneticas-5g-wifi-te\/","name":"Slip anti-radiations pour hommes. Boxer Protection contre les CEM et les radiations RF 100% fibre d'argent. Ayurbio Antirradiation courte. Blindage nucl\u00e9aire de Faraday contre les ondes \u00e9lectromagn\u00e9tiques, 5G, WIFI, t\u00e9l\u00e9phone, antennes. - Ayurbio Wear","isPartOf":{"@id":"https:\/\/ayur.bio\/fr\/#website"},"primaryImageOfPage":{"@id":"https:\/\/ayur.bio\/acheter\/calzoncillos-anti-radiacion-hombre-boxer-proteccion-emf-y-rf-contra-radiacion-100-fibra-de-plata-ayurbio-short-antirradiacion-blindaje-nuclear-faraday-frente-a-ondas-electromagneticas-5g-wifi-te\/#primaryimage"},"image":{"@id":"https:\/\/ayur.bio\/acheter\/calzoncillos-anti-radiacion-hombre-boxer-proteccion-emf-y-rf-contra-radiacion-100-fibra-de-plata-ayurbio-short-antirradiacion-blindaje-nuclear-faraday-frente-a-ondas-electromagneticas-5g-wifi-te\/#primaryimage"},"thumbnailUrl":"https:\/\/ayur.bio\/wp-content\/uploads\/2024\/04\/calzoncillos-boxer-antirradiacion-bloquea-todas-las-radiaciones-ayurbio.jpg","datePublished":"2024-04-02T08:04:11+00:00","breadcrumb":{"@id":"https:\/\/ayur.bio\/acheter\/calzoncillos-anti-radiacion-hombre-boxer-proteccion-emf-y-rf-contra-radiacion-100-fibra-de-plata-ayurbio-short-antirradiacion-blindaje-nuclear-faraday-frente-a-ondas-electromagneticas-5g-wifi-te\/#breadcrumb"},"inLanguage":"fr-FR","potentialAction":[{"@type":"ReadAction","target":["https:\/\/ayur.bio\/acheter\/calzoncillos-anti-radiacion-hombre-boxer-proteccion-emf-y-rf-contra-radiacion-100-fibra-de-plata-ayurbio-short-antirradiacion-blindaje-nuclear-faraday-frente-a-ondas-electromagneticas-5g-wifi-te\/"]}]},{"@type":"ImageObject","inLanguage":"fr-FR","@id":"https:\/\/ayur.bio\/acheter\/calzoncillos-anti-radiacion-hombre-boxer-proteccion-emf-y-rf-contra-radiacion-100-fibra-de-plata-ayurbio-short-antirradiacion-blindaje-nuclear-faraday-frente-a-ondas-electromagneticas-5g-wifi-te\/#primaryimage","url":"https:\/\/ayur.bio\/wp-content\/uploads\/2024\/04\/calzoncillos-boxer-antirradiacion-bloquea-todas-las-radiaciones-ayurbio.jpg","contentUrl":"https:\/\/ayur.bio\/wp-content\/uploads\/2024\/04\/calzoncillos-boxer-antirradiacion-bloquea-todas-las-radiaciones-ayurbio.jpg","width":2000,"height":2000},{"@type":"BreadcrumbList","@id":"https:\/\/ayur.bio\/acheter\/calzoncillos-anti-radiacion-hombre-boxer-proteccion-emf-y-rf-contra-radiacion-100-fibra-de-plata-ayurbio-short-antirradiacion-blindaje-nuclear-faraday-frente-a-ondas-electromagneticas-5g-wifi-te\/#breadcrumb","itemListElement":[{"@type":"ListItem","position":1,"name":"Portada","item":"https:\/\/ayur.bio\/fr\/"},{"@type":"ListItem","position":2,"name":"Boutique","item":"https:\/\/ayur.bio\/fr\/boutique\/"},{"@type":"ListItem","position":3,"name":"Slip anti-radiations pour hommes. Boxer Protection contre les CEM et les radiations RF 100% fibre d&#8217;argent. Ayurbio Antirradiation courte. Blindage nucl\u00e9aire de Faraday contre les ondes \u00e9lectromagn\u00e9tiques, 5G, WIFI, t\u00e9l\u00e9phone, antennes."}]},{"@type":"WebSite","@id":"https:\/\/ayur.bio\/fr\/#website","url":"https:\/\/ayur.bio\/fr\/","name":"Ayurbio Wear","description":"","potentialAction":[{"@type":"SearchAction","target":{"@type":"EntryPoint","urlTemplate":"https:\/\/ayur.bio\/fr\/?s={search_term_string}"},"query-input":{"@type":"PropertyValueSpecification","valueRequired":true,"valueName":"search_term_string"}}],"inLanguage":"fr-FR"}]}},"jetpack_sharing_enabled":true,"_links":{"self":[{"href":"https:\/\/ayur.bio\/fr\/wp-json\/wp\/v2\/product\/5961","targetHints":{"allow":["GET"]}}],"collection":[{"href":"https:\/\/ayur.bio\/fr\/wp-json\/wp\/v2\/product"}],"about":[{"href":"https:\/\/ayur.bio\/fr\/wp-json\/wp\/v2\/types\/product"}],"replies":[{"embeddable":true,"href":"https:\/\/ayur.bio\/fr\/wp-json\/wp\/v2\/comments?post=5961"}],"wp:featuredmedia":[{"embeddable":true,"href":"https:\/\/ayur.bio\/fr\/wp-json\/wp\/v2\/media\/5251"}],"wp:attachment":[{"href":"https:\/\/ayur.bio\/fr\/wp-json\/wp\/v2\/media?parent=5961"}],"wp:term":[{"taxonomy":"product_brand","embeddable":true,"href":"https:\/\/ayur.bio\/fr\/wp-json\/wp\/v2\/product_brand?post=5961"},{"taxonomy":"product_cat","embeddable":true,"href":"https:\/\/ayur.bio\/fr\/wp-json\/wp\/v2\/product_cat?post=5961"},{"taxonomy":"product_tag","embeddable":true,"href":"https:\/\/ayur.bio\/fr\/wp-json\/wp\/v2\/product_tag?post=5961"}],"curies":[{"name":"wp","href":"https:\/\/api.w.org\/{rel}","templated":true}]}}