{"id":5582,"date":"2024-04-23T11:48:21","date_gmt":"2024-04-23T09:48:21","guid":{"rendered":"https:\/\/ayur.bio\/politique-en-matiere-de-cookies\/"},"modified":"2024-04-26T12:38:21","modified_gmt":"2024-04-26T10:38:21","slug":"politique-en-matiere-de-cookies","status":"publish","type":"page","link":"https:\/\/ayur.bio\/fr\/politique-en-matiere-de-cookies\/","title":{"rendered":"Politique en mati\u00e8re de cookies"},"content":{"rendered":"<p>Un cookie est un fichier qui est t\u00e9l\u00e9charg\u00e9 sur votre ordinateur lorsque vous acc\u00e9dez \u00e0 certaines pages web. Les cookies permettent \u00e0 un site web, entre autres, de stocker et de r\u00e9cup\u00e9rer des informations sur les habitudes de navigation d&rsquo;un utilisateur ou sur son \u00e9quipement et, en fonction des informations qu&rsquo;ils contiennent et de la mani\u00e8re dont il utilise son \u00e9quipement, ils peuvent \u00eatre utilis\u00e9s pour reconna\u00eetre l&rsquo;utilisateur.<\/p><p>Le site web de NORTEM CHEM, S.A. utilise ses propres cookies et ceux de tiers, tous dans le domaine <strong>\u201cayur.bio\u201d<\/strong><\/p><p><strong>A.- TYPES DE COOKIES.<\/strong><\/p><p><strong>1.- Types de cookies, en fonction de l&rsquo;entit\u00e9 qui les g\u00e8re :<\/strong><\/p><p>a) Cookies propres : ce sont ceux qui sont envoy\u00e9s \u00e0 l&rsquo;\u00e9quipement terminal de l&rsquo;utilisateur \u00e0 partir d&rsquo;un ordinateur ou d&rsquo;un domaine g\u00e9r\u00e9 par l&rsquo;\u00e9diteur lui-m\u00eame et \u00e0 partir duquel le service demand\u00e9 par l&rsquo;utilisateur est fourni.<\/p><p>b) Cookies de tiers : il s&rsquo;agit de cookies envoy\u00e9s \u00e0 l&rsquo;\u00e9quipement terminal de l&rsquo;utilisateur \u00e0 partir d&rsquo;un ordinateur ou d&rsquo;un domaine qui n&rsquo;est pas g\u00e9r\u00e9 par l&rsquo;\u00e9diteur, mais par une autre entit\u00e9 qui traite les donn\u00e9es obtenues par le biais des cookies.<\/p><p><strong>2.- Types de cookies, en fonction de leur finalit\u00e9 :<\/strong><\/p><p>a) Cookies techniques : ce sont ceux qui permettent \u00e0 l&rsquo;utilisateur de naviguer sur le site web, la plate-forme ou l&rsquo;application et d&rsquo;utiliser les diff\u00e9rentes options ou services qui y sont propos\u00e9s.<\/p><p>b) Cookies d&rsquo;analyse : il s&rsquo;agit de cookies qui permettent au responsable de surveiller et d&rsquo;analyser le comportement des utilisateurs des sites web auxquels ils sont li\u00e9s.<\/p><p>c) Cookies de personnalisation : Ces cookies stockent des informations sur le comportement des utilisateurs obtenues gr\u00e2ce \u00e0 l&rsquo;enregistrement de leurs habitudes de navigation, ce qui permet de d\u00e9velopper un profil sp\u00e9cifique afin de leur proposer des informations commerciales adapt\u00e9es \u00e0 leurs go\u00fbts et \u00e0 leurs pr\u00e9f\u00e9rences. Ils stockent des informations telles que le type de connexion, la langue, les habitudes de navigation ou la localisation.<\/p><p>d) Cookies de publicit\u00e9 comportementale : il s&rsquo;agit de cookies qui stockent des informations sur le comportement des utilisateurs, obtenues gr\u00e2ce \u00e0 l&rsquo;observation continue de leurs habitudes de navigation, ce qui permet de d\u00e9velopper un profil sp\u00e9cifique afin d&rsquo;afficher de la publicit\u00e9 en fonction de ce profil.<\/p><p><strong>3. les types de cookies, en fonction de la dur\u00e9e pendant laquelle ils restent activ\u00e9s : <\/strong><\/p><p>a) Cookies de session : ils sont con\u00e7us pour collecter et stocker des donn\u00e9es pendant que l&rsquo;utilisateur acc\u00e8de \u00e0 une page web. Ils sont g\u00e9n\u00e9ralement utilis\u00e9s pour la fourniture du service demand\u00e9 par l&rsquo;utilisateur \u00e0 une seule occasion.<\/p><p>b) Cookies persistants : Ils sont con\u00e7us de mani\u00e8re \u00e0 ce que les donn\u00e9es restent stock\u00e9es dans le terminal et puissent \u00eatre consult\u00e9es et trait\u00e9es pendant une p\u00e9riode d\u00e9finie par le responsable du cookie, qui peut aller de quelques minutes \u00e0 plusieurs ann\u00e9es.<\/p><p><strong><u>LES COOKIES UTILIS\u00c9S DANS <\/u><\/strong><a href=\"http:\/\/www.nortembio.com\/\"><strong>www.ayur.bio<\/strong><\/a><\/p><figure class=\"wp-block-table\"><table><tbody><tr><td><strong>NOM COOKIE<\/strong><\/td><td><strong>TYPE DE COOKIE<\/strong><\/td><td><strong>EXPIRATION<\/strong><\/td><td><strong>DESCRIPTION<\/strong><\/td><\/tr><tr><td>_gid<\/td><td>Analyse<\/td><td>1 jour<\/td><td>Contient un identifiant unique utilis\u00e9 par Google Analytics pour d\u00e9terminer que deux visites distinctes appartiennent au m\u00eame utilisateur au cours des sessions de navigation.<\/td><\/tr><tr><td>_gat_*<\/td><td>Analyse<\/td><td>1 heure<\/td><td>Utilis\u00e9 par Google Analytics pour limiter le taux de requ\u00eate (limiter la collecte de donn\u00e9es sur les sites \u00e0 fort trafic).<\/td><\/tr><tr><td>_ga_*<\/td><td>Analyse<\/td><td>730 jours<\/td><td>Contient un identifiant unique utilis\u00e9 par Google Analytics 4 pour d\u00e9terminer que deux hits distincts appartiennent au m\u00eame utilisateur \u00e0 travers les sessions de navigation.<\/td><\/tr><tr><td>_ga<\/td><td>Analyse<\/td><td>730 jours<\/td><td>Contient un identifiant unique utilis\u00e9 par Google Analytics pour d\u00e9terminer que deux visites distinctes appartiennent au m\u00eame utilisateur au cours des sessions de navigation.<\/td><\/tr><\/tbody><\/table><\/figure><p><strong><u>B- GESTION DES COOKIES.<\/u><\/strong><\/p><p><strong>1.- Pourquoi dois-je autoriser les cookies ?<\/strong><\/p><p>En activant les cookies, vous pouvez b\u00e9n\u00e9ficier d&rsquo;une meilleure exp\u00e9rience sur notre site web.<\/p><p>En outre, certaines actions de base n\u00e9cessitent des cookies (techniques) et permettent au site web de d\u00e9velopper ses fonctionnalit\u00e9s.<\/p><p><strong>2.- Que se passe-t-il si je bloque les cookies ?<\/strong><\/p><p>Si vous choisissez de bloquer les cookies, certaines fonctionnalit\u00e9s du site web risquent de ne pas fonctionner correctement. Cela limitera ce que vous pouvez y faire.<\/p><p>Si vous acceptez ces limitations et d\u00e9cidez de bloquer les cookies, veuillez suivre les instructions relatives \u00e0 votre navigateur dans la section suivante.<\/p><p><strong>3.- Comment puis-je bloquer ou autoriser les cookies ?<\/strong><\/p><p>Vous pouvez autoriser, conna\u00eetre, bloquer ou supprimer les cookies install\u00e9s sur votre ordinateur en configurant les options du navigateur install\u00e9 sur votre ordinateur.<\/p><p>Vous trouverez des informations sur la mani\u00e8re de proc\u00e9der dans l&rsquo;application que vous utilisez comme navigateur :<\/p><p>Chrome, de<\/p><p><a href=\"http:\/\/support.google.com\/chrome\/bin\/answer.py?hl=es&amp;answer=95647\">http:\/\/support.google.com\/chrome\/bin\/answer.py?hl=es&amp;answer=95647<\/a><\/p><p>Explorer, de<\/p><p><a href=\"http:\/\/windows.microsoft.com\/es-es\/windows7\/how-to-manage-cookies-in-internet-explorer-9\">http:\/\/windows.microsoft.com\/es-es\/windows7\/how-to-manage-cookies-in-internet-explorer-9<\/a><\/p><p>Firefox, de<\/p><p><a href=\"https:\/\/support.mozilla.org\/es\/kb\/habilitar-y-deshabilitar-cookies-sitios-web-rastrear-preferencias\">https:\/\/support.mozilla.org\/es\/kb\/habilitar-y-deshabilitar-cookies-sitios-web-rastrear-preferencias<\/a><\/p><p>Safari, de<\/p><p><a href=\"http:\/\/support.apple.com\/kb\/ph5042\">http:\/\/support.apple.com\/kb\/ph5042<\/a><\/p><p>Op\u00e9ra, de<\/p><p><a href=\"http:\/\/www.opera.com\/help\/tutorials\/security\/privacy\/\">http:\/\/www.opera.com\/help\/tutorials\/security\/privacy\/<\/a><\/p><p><strong><u>VIE PRIV\u00c9E ET TRAITEMENT DES DONN\u00c9ES<\/u><\/strong><\/p><p>L&rsquo;ENTREPRISE traite vos donn\u00e9es personnelles conform\u00e9ment aux dispositions du R\u00e8glement (UE) 2016\/679 du Parlement europ\u00e9en et du Conseil du 27 avril 2016 relatif \u00e0 la protection des personnes physiques \u00e0 l&rsquo;\u00e9gard du traitement des donn\u00e9es \u00e0 caract\u00e8re personnel et \u00e0 la libre circulation de ces donn\u00e9es, et abrogeant la directive 95\/46\/CE (R\u00e8glement g\u00e9n\u00e9ral sur la protection des donn\u00e9es) et LO 3\/2018. Les informations relatives \u00e0 vos donn\u00e9es personnelles, conform\u00e9ment \u00e0 l&rsquo;article 13 de la section 2 du r\u00e8glement susmentionn\u00e9 et \u00e0 la LO 3\/2018, peuvent \u00eatre consult\u00e9es sur le lien suivant <a href=\"https:\/\/ayur.bio\/fr\/politique-de-confidentialite\/\" data-type=\"URL\" data-id=\"https:\/\/nortembio.com\/politica-privacidad\/\">[LINK]<\/a>.<\/p><p><strong><u>ACC\u00c8S AUX DONN\u00c9ES<\/u><\/strong><\/p><p>Les cookies sur notre site web sont utilis\u00e9s par :<\/p><ul class=\"wp-block-list\"><li>Le propri\u00e9taire du site web est NORTEM CHEM, S.A., avec CIF A95234191 et si\u00e8ge social \u00e0 P.I. Las Salinas, Calle Alexander Humboldt n\u00ba 12 &#8211; 11500 El Puerto de Santa Mar\u00eda (C\u00e1diz).<\/li>\n\n<li>GOOGLE INC, 1600 Amphitheatre Parkway, Mountain View (California), CA 94043, USA<\/li><\/ul>","protected":false},"excerpt":{"rendered":"<p>Un cookie est un fichier qui est t\u00e9l\u00e9charg\u00e9 sur votre ordinateur lorsque vous acc\u00e9dez \u00e0 certaines pages web. Les cookies permettent \u00e0 un site web, entre autres, de stocker et de r\u00e9cup\u00e9rer des informations sur les habitudes de navigation d&rsquo;un utilisateur ou sur son \u00e9quipement et, en fonction des informations qu&rsquo;ils contiennent et de la<\/p>\n<div class=\"klb-readmore entry-button\"><a class=\"btn link\" href=\"https:\/\/ayur.bio\/fr\/politique-en-matiere-de-cookies\/\">Read More <i class=\"klbth-icon-right-arrow\"><\/i><\/a><\/div>\n","protected":false},"author":4,"featured_media":0,"parent":0,"menu_order":0,"comment_status":"closed","ping_status":"closed","template":"","meta":{"_themeisle_gutenberg_block_has_review":false,"footnotes":""},"class_list":["post-5582","page","type-page","status-publish","hentry"],"yoast_head":"<!-- This site is optimized with the Yoast SEO plugin v24.8.1 - https:\/\/yoast.com\/wordpress\/plugins\/seo\/ -->\n<title>Politique en mati\u00e8re de cookies - Ayurbio Wear<\/title>\n<meta name=\"robots\" content=\"index, follow, max-snippet:-1, max-image-preview:large, max-video-preview:-1\" \/>\n<link rel=\"canonical\" href=\"https:\/\/ayur.bio\/politicas-de-cookies\/\" \/>\n<meta property=\"og:locale\" content=\"fr_FR\" \/>\n<meta property=\"og:type\" content=\"article\" \/>\n<meta property=\"og:title\" content=\"Politique en mati\u00e8re de cookies - Ayurbio Wear\" \/>\n<meta property=\"og:description\" content=\"Un cookie est un fichier qui est t\u00e9l\u00e9charg\u00e9 sur votre ordinateur lorsque vous acc\u00e9dez \u00e0 certaines pages web. Les cookies permettent \u00e0 un site web, entre autres, de stocker et de r\u00e9cup\u00e9rer des informations sur les habitudes de navigation d&rsquo;un utilisateur ou sur son \u00e9quipement et, en fonction des informations qu&rsquo;ils contiennent et de laRead More\" \/>\n<meta property=\"og:url\" content=\"https:\/\/ayur.bio\/politicas-de-cookies\/\" \/>\n<meta property=\"og:site_name\" content=\"Ayurbio Wear\" \/>\n<meta property=\"article:modified_time\" content=\"2024-04-26T10:38:21+00:00\" \/>\n<meta name=\"twitter:card\" content=\"summary_large_image\" \/>\n<meta name=\"twitter:label1\" content=\"Dur\u00e9e de lecture estim\u00e9e\" \/>\n\t<meta name=\"twitter:data1\" content=\"5 minutes\" \/>\n<script type=\"application\/ld+json\" class=\"yoast-schema-graph\">{\"@context\":\"https:\/\/schema.org\",\"@graph\":[{\"@type\":\"WebPage\",\"@id\":\"https:\/\/ayur.bio\/politicas-de-cookies\/\",\"url\":\"https:\/\/ayur.bio\/politicas-de-cookies\/\",\"name\":\"Politique en mati\u00e8re de cookies - Ayurbio Wear\",\"isPartOf\":{\"@id\":\"https:\/\/ayur.bio\/fr\/#website\"},\"datePublished\":\"2024-04-23T09:48:21+00:00\",\"dateModified\":\"2024-04-26T10:38:21+00:00\",\"breadcrumb\":{\"@id\":\"https:\/\/ayur.bio\/politicas-de-cookies\/#breadcrumb\"},\"inLanguage\":\"fr-FR\",\"potentialAction\":[{\"@type\":\"ReadAction\",\"target\":[\"https:\/\/ayur.bio\/politicas-de-cookies\/\"]}]},{\"@type\":\"BreadcrumbList\",\"@id\":\"https:\/\/ayur.bio\/politicas-de-cookies\/#breadcrumb\",\"itemListElement\":[{\"@type\":\"ListItem\",\"position\":1,\"name\":\"Portada\",\"item\":\"https:\/\/ayur.bio\/fr\/\"},{\"@type\":\"ListItem\",\"position\":2,\"name\":\"Politique en mati\u00e8re de cookies\"}]},{\"@type\":\"WebSite\",\"@id\":\"https:\/\/ayur.bio\/fr\/#website\",\"url\":\"https:\/\/ayur.bio\/fr\/\",\"name\":\"Ayurbio Wear\",\"description\":\"\",\"potentialAction\":[{\"@type\":\"SearchAction\",\"target\":{\"@type\":\"EntryPoint\",\"urlTemplate\":\"https:\/\/ayur.bio\/fr\/?s={search_term_string}\"},\"query-input\":{\"@type\":\"PropertyValueSpecification\",\"valueRequired\":true,\"valueName\":\"search_term_string\"}}],\"inLanguage\":\"fr-FR\"}]}<\/script>\n<!-- \/ Yoast SEO plugin. -->","yoast_head_json":{"title":"Politique en mati\u00e8re de cookies - Ayurbio Wear","robots":{"index":"index","follow":"follow","max-snippet":"max-snippet:-1","max-image-preview":"max-image-preview:large","max-video-preview":"max-video-preview:-1"},"canonical":"https:\/\/ayur.bio\/politicas-de-cookies\/","og_locale":"fr_FR","og_type":"article","og_title":"Politique en mati\u00e8re de cookies - Ayurbio Wear","og_description":"Un cookie est un fichier qui est t\u00e9l\u00e9charg\u00e9 sur votre ordinateur lorsque vous acc\u00e9dez \u00e0 certaines pages web. Les cookies permettent \u00e0 un site web, entre autres, de stocker et de r\u00e9cup\u00e9rer des informations sur les habitudes de navigation d&rsquo;un utilisateur ou sur son \u00e9quipement et, en fonction des informations qu&rsquo;ils contiennent et de laRead More","og_url":"https:\/\/ayur.bio\/politicas-de-cookies\/","og_site_name":"Ayurbio Wear","article_modified_time":"2024-04-26T10:38:21+00:00","twitter_card":"summary_large_image","twitter_misc":{"Dur\u00e9e de lecture estim\u00e9e":"5 minutes"},"schema":{"@context":"https:\/\/schema.org","@graph":[{"@type":"WebPage","@id":"https:\/\/ayur.bio\/politicas-de-cookies\/","url":"https:\/\/ayur.bio\/politicas-de-cookies\/","name":"Politique en mati\u00e8re de cookies - Ayurbio Wear","isPartOf":{"@id":"https:\/\/ayur.bio\/fr\/#website"},"datePublished":"2024-04-23T09:48:21+00:00","dateModified":"2024-04-26T10:38:21+00:00","breadcrumb":{"@id":"https:\/\/ayur.bio\/politicas-de-cookies\/#breadcrumb"},"inLanguage":"fr-FR","potentialAction":[{"@type":"ReadAction","target":["https:\/\/ayur.bio\/politicas-de-cookies\/"]}]},{"@type":"BreadcrumbList","@id":"https:\/\/ayur.bio\/politicas-de-cookies\/#breadcrumb","itemListElement":[{"@type":"ListItem","position":1,"name":"Portada","item":"https:\/\/ayur.bio\/fr\/"},{"@type":"ListItem","position":2,"name":"Politique en mati\u00e8re de cookies"}]},{"@type":"WebSite","@id":"https:\/\/ayur.bio\/fr\/#website","url":"https:\/\/ayur.bio\/fr\/","name":"Ayurbio Wear","description":"","potentialAction":[{"@type":"SearchAction","target":{"@type":"EntryPoint","urlTemplate":"https:\/\/ayur.bio\/fr\/?s={search_term_string}"},"query-input":{"@type":"PropertyValueSpecification","valueRequired":true,"valueName":"search_term_string"}}],"inLanguage":"fr-FR"}]}},"jetpack_sharing_enabled":true,"_links":{"self":[{"href":"https:\/\/ayur.bio\/fr\/wp-json\/wp\/v2\/pages\/5582","targetHints":{"allow":["GET"]}}],"collection":[{"href":"https:\/\/ayur.bio\/fr\/wp-json\/wp\/v2\/pages"}],"about":[{"href":"https:\/\/ayur.bio\/fr\/wp-json\/wp\/v2\/types\/page"}],"author":[{"embeddable":true,"href":"https:\/\/ayur.bio\/fr\/wp-json\/wp\/v2\/users\/4"}],"replies":[{"embeddable":true,"href":"https:\/\/ayur.bio\/fr\/wp-json\/wp\/v2\/comments?post=5582"}],"version-history":[{"count":1,"href":"https:\/\/ayur.bio\/fr\/wp-json\/wp\/v2\/pages\/5582\/revisions"}],"predecessor-version":[{"id":5583,"href":"https:\/\/ayur.bio\/fr\/wp-json\/wp\/v2\/pages\/5582\/revisions\/5583"}],"wp:attachment":[{"href":"https:\/\/ayur.bio\/fr\/wp-json\/wp\/v2\/media?parent=5582"}],"curies":[{"name":"wp","href":"https:\/\/api.w.org\/{rel}","templated":true}]}}