{"id":5580,"date":"2022-04-11T10:35:27","date_gmt":"2022-04-11T08:35:27","guid":{"rendered":"https:\/\/ayur.bio\/politique-de-confidentialite\/"},"modified":"2024-04-26T12:23:41","modified_gmt":"2024-04-26T10:23:41","slug":"politique-de-confidentialite","status":"publish","type":"page","link":"https:\/\/ayur.bio\/fr\/politique-de-confidentialite\/","title":{"rendered":"Politique de confidentialit\u00e9"},"content":{"rendered":"<p>Cette politique de confidentialit\u00e9 s&rsquo;applique au traitement des donn\u00e9es \u00e0 caract\u00e8re personnel des clients et\/ou utilisateurs du site web www.ayur.bio dont le responsable du traitement est NORTEM CHEM, S.A.<\/p><p><strong>CONFIDENTIALIT\u00c9 ET PROTECTION DES DONN\u00c9ES<\/strong><\/p><p>L&rsquo;objectif de la pr\u00e9sente politique de confidentialit\u00e9 est de fournir des informations sur vos droits en vertu des dispositions du R\u00c8GLEMENT (UE) 2016\/679 DU PARLEMENT EUROP\u00c9EN ET DU CONSEIL du 27 avril 2016 relatif \u00e0 la protection des personnes physiques \u00e0 l&rsquo;\u00e9gard du traitement des donn\u00e9es \u00e0 caract\u00e8re personnel et \u00e0 la libre circulation de ces donn\u00e9es, et abrogeant la directive 95\/46\/CE (r\u00e8glement g\u00e9n\u00e9ral sur la protection des donn\u00e9es) et de la LO 3\/2018. Informations sur vos donn\u00e9es personnelles, conform\u00e9ment \u00e0 l&rsquo;article 13 de la section 2 du r\u00e8glement susmentionn\u00e9 et \u00e0 la LO 3\/2018.<\/p><p>En nous fournissant ses donn\u00e9es, le client et\/ou l&rsquo;utilisateur d\u00e9clare avoir lu et pris connaissance de la pr\u00e9sente politique de confidentialit\u00e9 et donne son consentement explicite et sans \u00e9quivoque au traitement de ses donn\u00e9es personnelles conform\u00e9ment aux finalit\u00e9s et aux conditions \u00e9nonc\u00e9es dans la pr\u00e9sente politique.<\/p><p>NORTEM CHEM, S.A. peut modifier cette politique de confidentialit\u00e9 afin de l&rsquo;adapter \u00e0 la nouvelle l\u00e9gislation, \u00e0 la jurisprudence ou \u00e0 l&rsquo;interpr\u00e9tation de l&rsquo;Agence espagnole de protection des donn\u00e9es. Ces conditions de confidentialit\u00e9 peuvent \u00eatre compl\u00e9t\u00e9es par les mentions l\u00e9gales, la politique en mati\u00e8re de cookies et les conditions g\u00e9n\u00e9rales qui, le cas \u00e9ch\u00e9ant, sont incluses pour certains produits ou services, si cet acc\u00e8s implique une sp\u00e9cificit\u00e9 en termes de protection des donn\u00e9es \u00e0 caract\u00e8re personnel.<\/p><p><strong>INFORMATIONS DE BASE SUR LA PROTECTION DES DONN\u00c9ES<\/strong><\/p><figure class=\"wp-block-table\"><table><tbody><tr><td><strong>INFORMATIONS DE BASE SUR LA PROTECTION DES DONN\u00c9ES<\/strong><\/td><\/tr><tr><td>Site web<\/td><td>www.ayur.bio<\/td><\/tr><tr><td>Propri\u00e9taire du site web<\/td><td>NORTEM CHEM, S.A.<strong><em><u><a href=\"https:\/\/ayur.bio\/politica-de-privacidad\/#titular\">+ info<\/a><\/u><\/em><\/strong> <\/td><\/tr><tr><td>Responsable du traitement des donn\u00e9es<\/td><td>NORTEM CHEM, S.A., ci-apr\u00e8s d\u00e9nomm\u00e9e \u00ab la soci\u00e9t\u00e9 \u00bb. <strong><em><u><a href=\"https:\/\/ayur.bio\/politica-de-privacidad\/#responsable\">+ info<\/a><\/u><\/em><\/strong><\/td><\/tr><tr><td>Objectif<\/td><td>Gestion, \u00e9tude et r\u00e9solution des demandes de renseignements faites par l&rsquo;interm\u00e9diaire du site web. <strong><em><u><a href=\"https:\/\/ayur.bio\/politica-de-privacidad\/#finalidad\">+ info<\/a><\/u><\/em><\/strong><\/td><\/tr><tr><td>L\u00e9gitimation<\/td><td>Consentement donn\u00e9 par l&rsquo;utilisateur <strong><em><u><a href=\"https:\/\/ayur.bio\/politica-de-privacidad\/legitimacion\">+ info<\/a><\/u><\/em><\/strong><\/td><\/tr><tr><td>\u00c2ge l\u00e9gal du consentement<\/td><td>L&rsquo;utilisateur certifie qu&rsquo;il est \u00e2g\u00e9 de plus de 14 ans et qu&rsquo;il a donc la capacit\u00e9 juridique n\u00e9cessaire pour consentir au traitement de ses donn\u00e9es personnelles, conform\u00e9ment aux dispositions de la pr\u00e9sente politique de confidentialit\u00e9.<\/td><\/tr><tr><td>Destinataires<\/td><td>Les donn\u00e9es seront communiqu\u00e9es \u00e0 des tiers afin de r\u00e9aliser les objectifs d\u00e9crits dans la pr\u00e9sente politique de confidentialit\u00e9. En aucun cas, les donn\u00e9es ne seront transf\u00e9r\u00e9es \u00e0 des tiers \u00e0 des fins autres que celles d\u00e9crites dans le pr\u00e9sent document.<\/td><\/tr><tr><td>Droits de l&rsquo;homme<\/td><td>Acc\u00e8s, rectification et suppression des donn\u00e9es, ainsi que d&rsquo;autres droits, comme expliqu\u00e9 dans les informations compl\u00e9mentaires.<\/td><\/tr><tr><td>Informations compl\u00e9mentaires<\/td><td>Vous pouvez consulter des informations suppl\u00e9mentaires et d\u00e9taill\u00e9es sur la protection des donn\u00e9es en cliquant ici. <strong><em><u><a href=\"https:\/\/ayur.bio\/politica-de-privacidad\/#info-adicional\">+ info<\/a><\/u><\/em><\/strong><\/td><\/tr><\/tbody><\/table><\/figure><p id=\"info-adicional\"><strong>DES INFORMATIONS COMPL\u00c9MENTAIRES SUR LA PROTECTION DES DONN\u00c9ES :<\/strong><\/p><ol class=\"wp-block-list\" style=\"list-style-type:1\" id=\"titular\"><li><strong>1 &#8211; Qui est le propri\u00e9taire de ce site ?<\/strong><\/li><\/ol><figure class=\"wp-block-table\"><table><tbody><tr><td>Identit\u00e9<\/td><td>NORTEM CHEM, S.A.- CIF : A95234191<strong><\/strong><\/td><\/tr><tr><td>Donn\u00e9es d&rsquo;enregistrement<\/td><td>Registre du commerce de Cadix, volume 2065, folio 197, section 8, page 44093, entr\u00e9e 7<strong><\/strong><\/td><\/tr><tr><td>Adresse postale<\/td><td>P.I. Las Salinas, Calle Alexander Humboldt n\u00ba 12 \u2013 11500 El Puerto de Santa Mar\u00eda (C\u00e1diz)<strong><\/strong><\/td><\/tr><tr><td>Tel\u00e9fono<\/td><td>856925095<\/td><\/tr><tr><td>Adresse \u00e9lectronique<\/td><td>info@ayur.bio<\/td><\/tr><\/tbody><\/table><\/figure><ol class=\"wp-block-list\" style=\"list-style-type:1\" id=\"responsable\"><li><strong>2 &#8211; Qui est responsable du traitement de vos donn\u00e9es personnelles ?<\/strong><\/li><\/ol><figure class=\"wp-block-table\"><table><tbody><tr><td>Identit\u00e9<\/td><td>NORTEM CHEM, S.A.- CIF : A95234191<\/td><\/tr><tr><td>Donn\u00e9es d&rsquo;enregistrement<\/td><td>Registro Mercantil de C\u00e1diz, tomo 2065, folio 197, secci\u00f3n 8, hoja 44093, inscripci\u00f3n 7<\/td><\/tr><tr><td>Adresse postale<\/td><td>P.I. Las Salinas, Calle Alexander Humboldt n\u00ba 12 &#8211; 11500 El Puerto de Santa Mar\u00eda (C\u00e1diz)<\/td><\/tr><tr><td>Tel\u00e9fono<\/td><td>856925095<\/td><\/tr><tr><td>Adresse \u00e9lectronique<\/td><td>info@ayur.bio<\/td><\/tr><\/tbody><\/table><\/figure><ol class=\"wp-block-list\" style=\"list-style-type:1\" id=\"finalidad\"><li>3 &#8211; Dans quel but traitons-nous vos donn\u00e9es personnelles et pendant combien de temps les conservons-nous ?<strong><\/strong><\/li><\/ol><ul class=\"wp-block-list\"><li>Vos donn\u00e9es personnelles ne seront trait\u00e9es par l&rsquo;entreprise que pour des finalit\u00e9s d\u00e9termin\u00e9es, explicites et l\u00e9gitimes et ne seront pas trait\u00e9es d&rsquo;une mani\u00e8re incompatible avec ces finalit\u00e9s.<\/li><\/ul><figure class=\"wp-block-table\"><table><tbody><tr><td><strong>Objectifs<\/strong><\/td><\/tr><tr><td>Objectif 1 : pour tous les utilisateurs<\/td><td>Gestion, \u00e9tude et r\u00e9solution des demandes de renseignements faites par l&rsquo;interm\u00e9diaire du site web.<\/td><\/tr><tr><td>Finalit\u00e9 2 : pour tous les utilisateurs qui consentent \u00e0 cette finalit\u00e9.<\/td><td>Envoi de communications commerciales sur les produits et services de l&rsquo;entreprise.<\/td><\/tr><tr><td>Objectif 3 : pour les clients de la boutique en ligne<\/td><td>Comptabilit\u00e9, fiscalit\u00e9 et gestion administrative.<\/td><\/tr><\/tbody><\/table><\/figure><ul class=\"wp-block-list\"><li>L&rsquo;entreprise conservera vos donn\u00e9es personnelles pendant la dur\u00e9e n\u00e9cessaire en fonction des informations fournies et des p\u00e9riodes de conservation pr\u00e9vues par la r\u00e9glementation applicable.<\/li><\/ul><p>NORTEM CHEM, S.A. traitera les donn\u00e9es personnelles fournies par les utilisateurs \u00e0 travers les formulaires \u00e9lectroniques du site web www.biosaltpearls.com aux fins indiqu\u00e9es ci-dessous :<\/p><ol class=\"wp-block-list\" style=\"list-style-type:lower-alpha\"><li>En ce qui concerne le \u00ab formulaire d&rsquo;enregistrement \u00bb :<\/li><\/ol><p>En ce qui concerne le \u00ab Formulaire d&rsquo;inscription \u00bb : Finalit\u00e9 : Gestion, \u00e9tude et r\u00e9solution des demandes d&rsquo;inscription en tant qu&rsquo;utilisateur de notre site Web, ainsi que l&rsquo;envoi de communications commerciales sur nos services, \u00e0 condition que l&rsquo;int\u00e9ress\u00e9 ait consenti au traitement de ses donn\u00e9es \u00e0 caract\u00e8re personnel \u00e0 cette fin.<\/p><p>L\u00e9gitimation : Le consentement de la personne concern\u00e9e, qui peut \u00eatre r\u00e9voqu\u00e9 \u00e0 tout moment.<\/p><ul class=\"wp-block-list\"><li>En ce qui concerne le formulaire \u00ab Envoyez-nous un message \u00bb :<\/li><\/ul><p>Objectif : gestion des demandes de renseignements, ainsi que l&rsquo;envoi de communications commerciales sur nos services, \u00e0 condition que l&rsquo;int\u00e9ress\u00e9 ait consenti au traitement de ses donn\u00e9es personnelles \u00e0 cette fin.<\/p><p>L\u00e9gitimation : Le consentement de la personne concern\u00e9e, qui peut \u00eatre r\u00e9voqu\u00e9 \u00e0 tout moment.<\/p><ul class=\"wp-block-list\"><li>En ce qui concerne le \u00ab bon de commande \u00bb :<\/li><\/ul><p>Finalit\u00e9 : Gestion, \u00e9tude et r\u00e9solution des demandes d&rsquo;achat en ligne sur notre site web, ainsi que l&rsquo;envoi de communications commerciales sur nos services, \u00e0 condition que l&rsquo;int\u00e9ress\u00e9 ait consenti au traitement de ses donn\u00e9es personnelles \u00e0 cette fin.<\/p><p>L\u00e9gitimation : Le consentement de la personne concern\u00e9e, qui peut \u00eatre r\u00e9voqu\u00e9 \u00e0 tout moment.<\/p><ul class=\"wp-block-list\"><li>Lorsque les donn\u00e9es demand\u00e9es dans les formulaires \u00e9lectroniques sont n\u00e9cessaires pour acc\u00e9der \u00e0 des fonctionnalit\u00e9s sp\u00e9cifiques du site web, NORTEM CHEM, S.A. indiquera ce caract\u00e8re obligatoire au moment de la collecte des donn\u00e9es de l&rsquo;utilisateur et le fait de ne pas les fournir signifiera que la demande correspondante ne pourra pas \u00eatre trait\u00e9e.<\/li><\/ul><ol class=\"wp-block-list\" style=\"list-style-type:1\" id=\"legitimacion\"><li><strong>4 &#8211; A quels destinataires vos donn\u00e9es seront-elles communiqu\u00e9es ? <\/strong><\/li><\/ol><p>Les donn\u00e9es seront communiqu\u00e9es aux soci\u00e9t\u00e9s suivantes et aux fins suivantes : <\/p><figure class=\"wp-block-table\"><table><tbody><tr><td><strong>CIBLE<\/strong><\/td><td><strong>OBJECTIF<\/strong><\/td><td><strong>L\u00c9GITIMIT\u00c9<\/strong><\/td><\/tr><tr><td>NORTEM CHEM S.A.<\/td><td>Soci\u00e9t\u00e9 charg\u00e9e de la maintenance et de la programmation de notre site web.<\/td><td>Ex\u00e9cution d&rsquo;un contrat de prestation de services.<\/td><\/tr><\/tbody><\/table><\/figure><ul class=\"wp-block-list\"><li>Il n&rsquo;est pas pr\u00e9vu de transf\u00e9rer des donn\u00e9es \u00e0 des pays tiers.<\/li><\/ul><ol class=\"wp-block-list\" style=\"list-style-type:1\"><li><strong>5 &#8211; Quels sont vos droits lorsque vous nous fournissez vos donn\u00e9es ?<\/strong><\/li><\/ol><p>Toute personne a le droit d&rsquo;obtenir la confirmation que l&rsquo;entreprise traite ou non des donn\u00e9es \u00e0 caract\u00e8re personnel la concernant.<\/p><p>En particulier, vous pouvez contacter l&rsquo;entreprise \u00e0 son adresse postale ou \u00e0 l&rsquo;adresse \u00e9lectronique fournie dans le pr\u00e9sent document afin d&rsquo;exercer les droits suivants :<\/p><ul class=\"wp-block-list\"><li>Droit de demander l&rsquo;acc\u00e8s aux donn\u00e9es personnelles concernant la personne concern\u00e9e.<ul class=\"wp-block-list\"><li>Le droit de demander sa rectification ou son effacement.<\/li>\n\n<li>Le droit de demander la limitation du traitement.<\/li>\n\n<li>Droit d&rsquo;opposition au traitement.<\/li>\n\n<li>Droit \u00e0 la portabilit\u00e9 des donn\u00e9es.<\/li><\/ul><\/li><\/ul><p>Vous pouvez demander les formulaires n\u00e9cessaires \u00e0 l&rsquo;exercice de ces droits en envoyant un courriel \u00e0 l&rsquo;adresse \u00e9lectronique indiqu\u00e9e dans le pr\u00e9sent document.<\/p><p>Compte tenu du caract\u00e8re hautement personnel de l&rsquo;exercice de l&rsquo;un de ces droits, vous devez joindre \u00e0 votre demande une copie de votre carte d&rsquo;identit\u00e9 ou d&rsquo;un document justificatif \u00e9quivalent.<\/p><p>Vous pouvez vous adresser \u00e0 l&rsquo;Agence espagnole de protection des donn\u00e9es pour obtenir des informations compl\u00e9mentaires sur vos droits ou pour d\u00e9poser une plainte aupr\u00e8s d&rsquo;elle, en particulier lorsque vous n&rsquo;avez pas obtenu satisfaction dans l&rsquo;exercice de vos droits, en obtenant toutes les informations n\u00e9cessaires pour le faire par le biais du site web. <a href=\"http:\/\/www.agpd.es\/\">www.agpd.es<\/a><\/p><ol class=\"wp-block-list\" style=\"list-style-type:1\"><li><strong>6 \u2013 \u00bfQu\u00e9 medidas de seguridad se aplican?<\/strong><\/li><\/ol><p>6 &#8211; Quelles sont les mesures de s\u00e9curit\u00e9 appliqu\u00e9es ? Nonobstant ce qui pr\u00e9c\u00e8de, l&rsquo;utilisateur doit tenir compte du fait que la s\u00e9curit\u00e9 des syst\u00e8mes n&rsquo;est pas infaillible et qu&rsquo;il peut y avoir des actions frauduleuses de la part de tiers, bien que NORTEM CHEM, S.A. s&rsquo;efforce d&rsquo;\u00e9viter de telles actions. Vous pouvez demander plus d&rsquo;informations sur nos mesures de s\u00e9curit\u00e9 en envoyant un courriel \u00e0 rgpd@nortem.info.<\/p>","protected":false},"excerpt":{"rendered":"<p>Cette politique de confidentialit\u00e9 s&rsquo;applique au traitement des donn\u00e9es \u00e0 caract\u00e8re personnel des clients et\/ou utilisateurs du site web www.ayur.bio dont le responsable du traitement est NORTEM CHEM, S.A. CONFIDENTIALIT\u00c9 ET PROTECTION DES DONN\u00c9ES L&rsquo;objectif de la pr\u00e9sente politique de confidentialit\u00e9 est de fournir des informations sur vos droits en vertu des dispositions du R\u00c8GLEMENT<\/p>\n<div class=\"klb-readmore entry-button\"><a class=\"btn link\" href=\"https:\/\/ayur.bio\/fr\/politique-de-confidentialite\/\">Read More <i class=\"klbth-icon-right-arrow\"><\/i><\/a><\/div>\n","protected":false},"author":1,"featured_media":0,"parent":0,"menu_order":0,"comment_status":"closed","ping_status":"closed","template":"","meta":{"_themeisle_gutenberg_block_has_review":false,"footnotes":""},"class_list":["post-5580","page","type-page","status-publish","hentry"],"yoast_head":"<!-- This site is optimized with the Yoast SEO plugin v24.8.1 - https:\/\/yoast.com\/wordpress\/plugins\/seo\/ -->\n<title>Politique de confidentialit\u00e9 - Ayurbio Wear<\/title>\n<meta name=\"robots\" content=\"index, follow, max-snippet:-1, max-image-preview:large, max-video-preview:-1\" \/>\n<link rel=\"canonical\" href=\"https:\/\/ayur.bio\/politica-privacidad\/\" \/>\n<meta property=\"og:locale\" content=\"fr_FR\" \/>\n<meta property=\"og:type\" content=\"article\" \/>\n<meta property=\"og:title\" content=\"Politique de confidentialit\u00e9 - Ayurbio Wear\" \/>\n<meta property=\"og:description\" content=\"Cette politique de confidentialit\u00e9 s&rsquo;applique au traitement des donn\u00e9es \u00e0 caract\u00e8re personnel des clients et\/ou utilisateurs du site web www.ayur.bio dont le responsable du traitement est NORTEM CHEM, S.A. CONFIDENTIALIT\u00c9 ET PROTECTION DES DONN\u00c9ES L&rsquo;objectif de la pr\u00e9sente politique de confidentialit\u00e9 est de fournir des informations sur vos droits en vertu des dispositions du R\u00c8GLEMENTRead More\" \/>\n<meta property=\"og:url\" content=\"https:\/\/ayur.bio\/politica-privacidad\/\" \/>\n<meta property=\"og:site_name\" content=\"Ayurbio Wear\" \/>\n<meta property=\"article:modified_time\" content=\"2024-04-26T10:23:41+00:00\" \/>\n<meta name=\"twitter:card\" content=\"summary_large_image\" \/>\n<meta name=\"twitter:label1\" content=\"Dur\u00e9e de lecture estim\u00e9e\" \/>\n\t<meta name=\"twitter:data1\" content=\"7 minutes\" \/>\n<script type=\"application\/ld+json\" class=\"yoast-schema-graph\">{\"@context\":\"https:\/\/schema.org\",\"@graph\":[{\"@type\":\"WebPage\",\"@id\":\"https:\/\/ayur.bio\/politica-privacidad\/\",\"url\":\"https:\/\/ayur.bio\/politica-privacidad\/\",\"name\":\"Politique de confidentialit\u00e9 - Ayurbio Wear\",\"isPartOf\":{\"@id\":\"https:\/\/ayur.bio\/fr\/#website\"},\"datePublished\":\"2022-04-11T08:35:27+00:00\",\"dateModified\":\"2024-04-26T10:23:41+00:00\",\"breadcrumb\":{\"@id\":\"https:\/\/ayur.bio\/politica-privacidad\/#breadcrumb\"},\"inLanguage\":\"fr-FR\",\"potentialAction\":[{\"@type\":\"ReadAction\",\"target\":[\"https:\/\/ayur.bio\/politica-privacidad\/\"]}]},{\"@type\":\"BreadcrumbList\",\"@id\":\"https:\/\/ayur.bio\/politica-privacidad\/#breadcrumb\",\"itemListElement\":[{\"@type\":\"ListItem\",\"position\":1,\"name\":\"Portada\",\"item\":\"https:\/\/ayur.bio\/fr\/\"},{\"@type\":\"ListItem\",\"position\":2,\"name\":\"Politique de confidentialit\u00e9\"}]},{\"@type\":\"WebSite\",\"@id\":\"https:\/\/ayur.bio\/fr\/#website\",\"url\":\"https:\/\/ayur.bio\/fr\/\",\"name\":\"Ayurbio Wear\",\"description\":\"\",\"potentialAction\":[{\"@type\":\"SearchAction\",\"target\":{\"@type\":\"EntryPoint\",\"urlTemplate\":\"https:\/\/ayur.bio\/fr\/?s={search_term_string}\"},\"query-input\":{\"@type\":\"PropertyValueSpecification\",\"valueRequired\":true,\"valueName\":\"search_term_string\"}}],\"inLanguage\":\"fr-FR\"}]}<\/script>\n<!-- \/ Yoast SEO plugin. -->","yoast_head_json":{"title":"Politique de confidentialit\u00e9 - Ayurbio Wear","robots":{"index":"index","follow":"follow","max-snippet":"max-snippet:-1","max-image-preview":"max-image-preview:large","max-video-preview":"max-video-preview:-1"},"canonical":"https:\/\/ayur.bio\/politica-privacidad\/","og_locale":"fr_FR","og_type":"article","og_title":"Politique de confidentialit\u00e9 - Ayurbio Wear","og_description":"Cette politique de confidentialit\u00e9 s&rsquo;applique au traitement des donn\u00e9es \u00e0 caract\u00e8re personnel des clients et\/ou utilisateurs du site web www.ayur.bio dont le responsable du traitement est NORTEM CHEM, S.A. CONFIDENTIALIT\u00c9 ET PROTECTION DES DONN\u00c9ES L&rsquo;objectif de la pr\u00e9sente politique de confidentialit\u00e9 est de fournir des informations sur vos droits en vertu des dispositions du R\u00c8GLEMENTRead More","og_url":"https:\/\/ayur.bio\/politica-privacidad\/","og_site_name":"Ayurbio Wear","article_modified_time":"2024-04-26T10:23:41+00:00","twitter_card":"summary_large_image","twitter_misc":{"Dur\u00e9e de lecture estim\u00e9e":"7 minutes"},"schema":{"@context":"https:\/\/schema.org","@graph":[{"@type":"WebPage","@id":"https:\/\/ayur.bio\/politica-privacidad\/","url":"https:\/\/ayur.bio\/politica-privacidad\/","name":"Politique de confidentialit\u00e9 - Ayurbio Wear","isPartOf":{"@id":"https:\/\/ayur.bio\/fr\/#website"},"datePublished":"2022-04-11T08:35:27+00:00","dateModified":"2024-04-26T10:23:41+00:00","breadcrumb":{"@id":"https:\/\/ayur.bio\/politica-privacidad\/#breadcrumb"},"inLanguage":"fr-FR","potentialAction":[{"@type":"ReadAction","target":["https:\/\/ayur.bio\/politica-privacidad\/"]}]},{"@type":"BreadcrumbList","@id":"https:\/\/ayur.bio\/politica-privacidad\/#breadcrumb","itemListElement":[{"@type":"ListItem","position":1,"name":"Portada","item":"https:\/\/ayur.bio\/fr\/"},{"@type":"ListItem","position":2,"name":"Politique de confidentialit\u00e9"}]},{"@type":"WebSite","@id":"https:\/\/ayur.bio\/fr\/#website","url":"https:\/\/ayur.bio\/fr\/","name":"Ayurbio Wear","description":"","potentialAction":[{"@type":"SearchAction","target":{"@type":"EntryPoint","urlTemplate":"https:\/\/ayur.bio\/fr\/?s={search_term_string}"},"query-input":{"@type":"PropertyValueSpecification","valueRequired":true,"valueName":"search_term_string"}}],"inLanguage":"fr-FR"}]}},"jetpack_sharing_enabled":true,"_links":{"self":[{"href":"https:\/\/ayur.bio\/fr\/wp-json\/wp\/v2\/pages\/5580","targetHints":{"allow":["GET"]}}],"collection":[{"href":"https:\/\/ayur.bio\/fr\/wp-json\/wp\/v2\/pages"}],"about":[{"href":"https:\/\/ayur.bio\/fr\/wp-json\/wp\/v2\/types\/page"}],"author":[{"embeddable":true,"href":"https:\/\/ayur.bio\/fr\/wp-json\/wp\/v2\/users\/1"}],"replies":[{"embeddable":true,"href":"https:\/\/ayur.bio\/fr\/wp-json\/wp\/v2\/comments?post=5580"}],"version-history":[{"count":1,"href":"https:\/\/ayur.bio\/fr\/wp-json\/wp\/v2\/pages\/5580\/revisions"}],"predecessor-version":[{"id":5581,"href":"https:\/\/ayur.bio\/fr\/wp-json\/wp\/v2\/pages\/5580\/revisions\/5581"}],"wp:attachment":[{"href":"https:\/\/ayur.bio\/fr\/wp-json\/wp\/v2\/media?parent=5580"}],"curies":[{"name":"wp","href":"https:\/\/api.w.org\/{rel}","templated":true}]}}