{"id":5540,"date":"2022-04-12T08:23:50","date_gmt":"2022-04-12T06:23:50","guid":{"rendered":"https:\/\/ayur.bio\/retours-et-echanges\/"},"modified":"2024-04-26T08:21:53","modified_gmt":"2024-04-26T06:21:53","slug":"retours-et-echanges","status":"publish","type":"page","link":"https:\/\/ayur.bio\/fr\/retours-et-echanges\/","title":{"rendered":"Retours et \u00e9changes"},"content":{"rendered":"\t\t<div data-elementor-type=\"wp-page\" data-elementor-id=\"5540\" class=\"elementor elementor-5540 elementor-2811\">\n\t\t\t\t<div class=\"elementor-element elementor-element-70f4cb2 e-flex e-con-boxed e-con e-parent\" data-id=\"70f4cb2\" data-element_type=\"container\">\n\t\t\t\t\t<div class=\"e-con-inner\">\n\t\t\t\t<div class=\"elementor-element elementor-element-a5467bb elementor-widget elementor-widget-heading\" data-id=\"a5467bb\" data-element_type=\"widget\" data-widget_type=\"heading.default\">\n\t\t\t\t<div class=\"elementor-widget-container\">\n\t\t\t\t\t<h2 class=\"elementor-heading-title elementor-size-default\">Retours et \u00e9changes<\/h2>\t\t\t\t<\/div>\n\t\t\t\t<\/div>\n\t\t\t\t<div class=\"elementor-element elementor-element-244b1b1 elementor-widget elementor-widget-text-editor\" data-id=\"244b1b1\" data-element_type=\"widget\" data-widget_type=\"text-editor.default\">\n\t\t\t\t<div class=\"elementor-widget-container\">\n\t\t\t\t\t\t\t\t\t<p>Vous pouvez \u00e9changer ou retourner les produits de votre commande dans un d\u00e9lai de 14 jours calendaires \u00e0 compter de la date de r\u00e9ception des produits et nous proc\u00e9derons \u00e0 un remboursement ou \u00e0 un \u00e9change. Vous pouvez le faire en ligne via notre <strong><span style=\"text-decoration: underline;\"><a href=\"https:\/\/tracking.eu-central-1-0.sendcloud.sc\/\" target=\"_blank\" rel=\"noopener\">portail de retour<\/a><\/span><\/strong> ou en nous envoyant un courrier \u00e9lectronique \u00e0 l&rsquo;adresse suivante <a href=\"mailto:info@ayur.bio\" target=\"_blank\" rel=\"noopener\"><strong><span style=\"text-decoration: underline;\">info@ayur.bio<\/span><\/strong><\/a><\/p>\n\t\t\t\t\t\t\t\t<\/div>\n\t\t\t\t<\/div>\n\t\t\t\t\t<\/div>\n\t\t\t\t<\/div>\n\t\t<div class=\"elementor-element elementor-element-097e292 e-flex e-con-boxed e-con e-parent\" data-id=\"097e292\" data-element_type=\"container\">\n\t\t\t\t\t<div class=\"e-con-inner\">\n\t\t\t\t<div class=\"elementor-element elementor-element-096a697 elementor-widget elementor-widget-heading\" data-id=\"096a697\" data-element_type=\"widget\" data-widget_type=\"heading.default\">\n\t\t\t\t<div class=\"elementor-widget-container\">\n\t\t\t\t\t<h3 class=\"elementor-heading-title elementor-size-default\">Comment puis-je \u00e9changer mon produit ?<\/h3>\t\t\t\t<\/div>\n\t\t\t\t<\/div>\n\t\t\t\t<div class=\"elementor-element elementor-element-927c3d2 elementor-widget elementor-widget-text-editor\" data-id=\"927c3d2\" data-element_type=\"widget\" data-widget_type=\"text-editor.default\">\n\t\t\t\t<div class=\"elementor-widget-container\">\n\t\t\t\t\t\t\t\t\t<p>Si vous avez command\u00e9 le mauvais produit, si le produit est arriv\u00e9 endommag\u00e9 ou d\u00e9fectueux, vous pouvez l<strong>&lsquo;\u00e9changer<\/strong> contre un autre sans frais ! Vous pouvez le faire via notre <span style=\"text-decoration: underline;\"><strong><a href=\"https:\/\/tracking.eu-central-1-0.sendcloud.sc\/\" target=\"_blank\" rel=\"noopener\">portail de retour<\/a><\/strong><\/span> ou nous \u00e9crire \u00e0 <a href=\"mailto:info@ayur.bio\"><strong><span style=\"text-decoration: underline;\">info@ayur.bio<\/span><\/strong><\/a> pour obtenir des conseils et des recommandations sur les produits. N&rsquo;oubliez pas que vous pourrez \u00e9changer le produit contre un autre produit de m\u00eame prix de vente conseill\u00e9 ou inf\u00e9rieur, et que la diff\u00e9rence vous sera rembours\u00e9e dans ce cas.<\/p>\n<p>Vous recevrez l&rsquo;\u00e9tiquette de retour, vous devrez conserver la commande dans le m\u00eame carton que celui dans lequel nous vous l&rsquo;avons envoy\u00e9e afin qu&rsquo;elle arrive bien prot\u00e9g\u00e9e et l&rsquo;apporter au bureau de poste le plus proche, accompagn\u00e9e de l&rsquo;\u00e9tiquette que nous vous fournirons, <strong>sans frais pour vous !<\/strong><\/p>\n\t\t\t\t\t\t\t\t<\/div>\n\t\t\t\t<\/div>\n\t\t\t\t\t<\/div>\n\t\t\t\t<\/div>\n\t\t<div class=\"elementor-element elementor-element-3960a51 e-flex e-con-boxed e-con e-parent\" data-id=\"3960a51\" data-element_type=\"container\">\n\t\t\t\t\t<div class=\"e-con-inner\">\n\t\t\t\t<div class=\"elementor-element elementor-element-41c832b elementor-widget elementor-widget-heading\" data-id=\"41c832b\" data-element_type=\"widget\" data-widget_type=\"heading.default\">\n\t\t\t\t<div class=\"elementor-widget-container\">\n\t\t\t\t\t<h3 class=\"elementor-heading-title elementor-size-default\">Comment retourner un produit ?<\/h3>\t\t\t\t<\/div>\n\t\t\t\t<\/div>\n\t\t\t\t<div class=\"elementor-element elementor-element-c7610f7 elementor-widget elementor-widget-text-editor\" data-id=\"c7610f7\" data-element_type=\"widget\" data-widget_type=\"text-editor.default\">\n\t\t\t\t<div class=\"elementor-widget-container\">\n\t\t\t\t\t\t\t\t\t<p>Proc\u00e9dez comme suit :<\/p>\n<ol>\n<li>Acc\u00e9dez \u00e0 notre <strong><span style=\"text-decoration: underline;\"><a href=\"https:\/\/tracking.eu-central-1-0.sendcloud.sc\/\" target=\"_blank\" rel=\"noopener\">portail de retour<\/a><\/span><\/strong> et suivez les \u00e9tapes ci-dessous.<\/li>\n<li>Pr\u00e9parez le colis et remettez-le au bureau de poste le plus proche de chez vous, accompagn\u00e9 de l&rsquo;\u00e9tiquette que nous vous fournirons. <strong>Sans frais pour vous !<\/strong><\/li>\n<li>Nous proc\u00e9derons au remboursement d\u00e8s que nous l&rsquo;aurons re\u00e7u dans nos locaux et vous en informerons par courrier \u00e9lectronique.<\/li>\n<\/ol>\t\t\t\t\t\t\t\t<\/div>\n\t\t\t\t<\/div>\n\t\t\t\t\t<\/div>\n\t\t\t\t<\/div>\n\t\t<div class=\"elementor-element elementor-element-fa9a4c2 e-flex e-con-boxed e-con e-parent\" data-id=\"fa9a4c2\" data-element_type=\"container\">\n\t\t\t\t\t<div class=\"e-con-inner\">\n\t\t\t\t<div class=\"elementor-element elementor-element-ca71383 elementor-widget elementor-widget-heading\" data-id=\"ca71383\" data-element_type=\"widget\" data-widget_type=\"heading.default\">\n\t\t\t\t<div class=\"elementor-widget-container\">\n\t\t\t\t\t<h3 class=\"elementor-heading-title elementor-size-default\">Que se passe-t-il si le produit est d\u00e9fectueux ou ne correspond pas \u00e0 la r\u00e9f\u00e9rence achet\u00e9e ?<\/h3>\t\t\t\t<\/div>\n\t\t\t\t<\/div>\n\t\t\t\t<div class=\"elementor-element elementor-element-fe76759 elementor-widget elementor-widget-text-editor\" data-id=\"fe76759\" data-element_type=\"widget\" data-widget_type=\"text-editor.default\">\n\t\t\t\t<div class=\"elementor-widget-container\">\n\t\t\t\t\t\t\t\t\t<p>Garantie totale ! Nous nous occupons de l&rsquo;ensemble du processus tr\u00e8s facilement et sans frais pour vous, car nous voulons que vous soyez satisfaits \u00e0 100 % de vos produits.<\/p>\n<p>Contactez-nous \u00e0 l&rsquo;adresse <a href=\"mailto:info@ayur.bio\" target=\"_blank\" rel=\"noopener\"><span style=\"text-decoration: underline;\"><strong>info@ayur.bio<\/strong><\/span><\/a> avec les d\u00e9tails de votre commande et expliquez-nous ce qui s&rsquo;est pass\u00e9 afin que nous puissions r\u00e9soudre le probl\u00e8me rapidement.<\/p>\n<p><em>*Le retour ou l&rsquo;\u00e9change sera toujours gratuit pour l&rsquo;Espagne. Pour les retours dans le reste de l&rsquo;Europe, des frais de douane peuvent \u00eatre inclus.<\/em><\/p>\n\t\t\t\t\t\t\t\t<\/div>\n\t\t\t\t<\/div>\n\t\t\t\t\t<\/div>\n\t\t\t\t<\/div>\n\t\t\t\t<\/div>\n\t\t","protected":false},"excerpt":{"rendered":"<p>Retours et \u00e9changes Vous pouvez \u00e9changer ou retourner les produits de votre commande dans un d\u00e9lai de 14 jours calendaires \u00e0 compter de la date de r\u00e9ception des produits et nous proc\u00e9derons \u00e0 un remboursement ou \u00e0 un \u00e9change. Vous pouvez le faire en ligne via notre portail de retour ou en nous envoyant un<\/p>\n<div class=\"klb-readmore entry-button\"><a class=\"btn link\" href=\"https:\/\/ayur.bio\/fr\/retours-et-echanges\/\">Read More <i class=\"klbth-icon-right-arrow\"><\/i><\/a><\/div>\n","protected":false},"author":1,"featured_media":0,"parent":0,"menu_order":0,"comment_status":"closed","ping_status":"closed","template":"","meta":{"_themeisle_gutenberg_block_has_review":false,"footnotes":""},"class_list":["post-5540","page","type-page","status-publish","hentry"],"yoast_head":"<!-- This site is optimized with the Yoast SEO plugin v24.8.1 - https:\/\/yoast.com\/wordpress\/plugins\/seo\/ -->\n<title>Retours et \u00e9changes - Ayurbio Wear<\/title>\n<meta name=\"robots\" content=\"index, follow, max-snippet:-1, max-image-preview:large, max-video-preview:-1\" \/>\n<link rel=\"canonical\" href=\"https:\/\/ayur.bio\/cambios-y-devoluciones\/\" \/>\n<meta property=\"og:locale\" content=\"fr_FR\" \/>\n<meta property=\"og:type\" content=\"article\" \/>\n<meta property=\"og:title\" content=\"Retours et \u00e9changes - Ayurbio Wear\" \/>\n<meta property=\"og:description\" content=\"Retours et \u00e9changes Vous pouvez \u00e9changer ou retourner les produits de votre commande dans un d\u00e9lai de 14 jours calendaires \u00e0 compter de la date de r\u00e9ception des produits et nous proc\u00e9derons \u00e0 un remboursement ou \u00e0 un \u00e9change. Vous pouvez le faire en ligne via notre portail de retour ou en nous envoyant unRead More\" \/>\n<meta property=\"og:url\" content=\"https:\/\/ayur.bio\/cambios-y-devoluciones\/\" \/>\n<meta property=\"og:site_name\" content=\"Ayurbio Wear\" \/>\n<meta property=\"article:modified_time\" content=\"2024-04-26T06:21:53+00:00\" \/>\n<meta name=\"twitter:card\" content=\"summary_large_image\" \/>\n<meta name=\"twitter:label1\" content=\"Dur\u00e9e de lecture estim\u00e9e\" \/>\n\t<meta name=\"twitter:data1\" content=\"2 minutes\" \/>\n<script type=\"application\/ld+json\" class=\"yoast-schema-graph\">{\"@context\":\"https:\/\/schema.org\",\"@graph\":[{\"@type\":\"WebPage\",\"@id\":\"https:\/\/ayur.bio\/cambios-y-devoluciones\/\",\"url\":\"https:\/\/ayur.bio\/cambios-y-devoluciones\/\",\"name\":\"Retours et \u00e9changes - Ayurbio Wear\",\"isPartOf\":{\"@id\":\"https:\/\/ayur.bio\/fr\/#website\"},\"datePublished\":\"2022-04-12T06:23:50+00:00\",\"dateModified\":\"2024-04-26T06:21:53+00:00\",\"breadcrumb\":{\"@id\":\"https:\/\/ayur.bio\/cambios-y-devoluciones\/#breadcrumb\"},\"inLanguage\":\"fr-FR\",\"potentialAction\":[{\"@type\":\"ReadAction\",\"target\":[\"https:\/\/ayur.bio\/cambios-y-devoluciones\/\"]}]},{\"@type\":\"BreadcrumbList\",\"@id\":\"https:\/\/ayur.bio\/cambios-y-devoluciones\/#breadcrumb\",\"itemListElement\":[{\"@type\":\"ListItem\",\"position\":1,\"name\":\"Portada\",\"item\":\"https:\/\/ayur.bio\/fr\/\"},{\"@type\":\"ListItem\",\"position\":2,\"name\":\"Retours et \u00e9changes\"}]},{\"@type\":\"WebSite\",\"@id\":\"https:\/\/ayur.bio\/fr\/#website\",\"url\":\"https:\/\/ayur.bio\/fr\/\",\"name\":\"Ayurbio Wear\",\"description\":\"\",\"potentialAction\":[{\"@type\":\"SearchAction\",\"target\":{\"@type\":\"EntryPoint\",\"urlTemplate\":\"https:\/\/ayur.bio\/fr\/?s={search_term_string}\"},\"query-input\":{\"@type\":\"PropertyValueSpecification\",\"valueRequired\":true,\"valueName\":\"search_term_string\"}}],\"inLanguage\":\"fr-FR\"}]}<\/script>\n<!-- \/ Yoast SEO plugin. -->","yoast_head_json":{"title":"Retours et \u00e9changes - Ayurbio Wear","robots":{"index":"index","follow":"follow","max-snippet":"max-snippet:-1","max-image-preview":"max-image-preview:large","max-video-preview":"max-video-preview:-1"},"canonical":"https:\/\/ayur.bio\/cambios-y-devoluciones\/","og_locale":"fr_FR","og_type":"article","og_title":"Retours et \u00e9changes - Ayurbio Wear","og_description":"Retours et \u00e9changes Vous pouvez \u00e9changer ou retourner les produits de votre commande dans un d\u00e9lai de 14 jours calendaires \u00e0 compter de la date de r\u00e9ception des produits et nous proc\u00e9derons \u00e0 un remboursement ou \u00e0 un \u00e9change. Vous pouvez le faire en ligne via notre portail de retour ou en nous envoyant unRead More","og_url":"https:\/\/ayur.bio\/cambios-y-devoluciones\/","og_site_name":"Ayurbio Wear","article_modified_time":"2024-04-26T06:21:53+00:00","twitter_card":"summary_large_image","twitter_misc":{"Dur\u00e9e de lecture estim\u00e9e":"2 minutes"},"schema":{"@context":"https:\/\/schema.org","@graph":[{"@type":"WebPage","@id":"https:\/\/ayur.bio\/cambios-y-devoluciones\/","url":"https:\/\/ayur.bio\/cambios-y-devoluciones\/","name":"Retours et \u00e9changes - Ayurbio Wear","isPartOf":{"@id":"https:\/\/ayur.bio\/fr\/#website"},"datePublished":"2022-04-12T06:23:50+00:00","dateModified":"2024-04-26T06:21:53+00:00","breadcrumb":{"@id":"https:\/\/ayur.bio\/cambios-y-devoluciones\/#breadcrumb"},"inLanguage":"fr-FR","potentialAction":[{"@type":"ReadAction","target":["https:\/\/ayur.bio\/cambios-y-devoluciones\/"]}]},{"@type":"BreadcrumbList","@id":"https:\/\/ayur.bio\/cambios-y-devoluciones\/#breadcrumb","itemListElement":[{"@type":"ListItem","position":1,"name":"Portada","item":"https:\/\/ayur.bio\/fr\/"},{"@type":"ListItem","position":2,"name":"Retours et \u00e9changes"}]},{"@type":"WebSite","@id":"https:\/\/ayur.bio\/fr\/#website","url":"https:\/\/ayur.bio\/fr\/","name":"Ayurbio Wear","description":"","potentialAction":[{"@type":"SearchAction","target":{"@type":"EntryPoint","urlTemplate":"https:\/\/ayur.bio\/fr\/?s={search_term_string}"},"query-input":{"@type":"PropertyValueSpecification","valueRequired":true,"valueName":"search_term_string"}}],"inLanguage":"fr-FR"}]}},"jetpack_sharing_enabled":true,"_links":{"self":[{"href":"https:\/\/ayur.bio\/fr\/wp-json\/wp\/v2\/pages\/5540","targetHints":{"allow":["GET"]}}],"collection":[{"href":"https:\/\/ayur.bio\/fr\/wp-json\/wp\/v2\/pages"}],"about":[{"href":"https:\/\/ayur.bio\/fr\/wp-json\/wp\/v2\/types\/page"}],"author":[{"embeddable":true,"href":"https:\/\/ayur.bio\/fr\/wp-json\/wp\/v2\/users\/1"}],"replies":[{"embeddable":true,"href":"https:\/\/ayur.bio\/fr\/wp-json\/wp\/v2\/comments?post=5540"}],"version-history":[{"count":1,"href":"https:\/\/ayur.bio\/fr\/wp-json\/wp\/v2\/pages\/5540\/revisions"}],"predecessor-version":[{"id":5541,"href":"https:\/\/ayur.bio\/fr\/wp-json\/wp\/v2\/pages\/5540\/revisions\/5541"}],"wp:attachment":[{"href":"https:\/\/ayur.bio\/fr\/wp-json\/wp\/v2\/media?parent=5540"}],"curies":[{"name":"wp","href":"https:\/\/api.w.org\/{rel}","templated":true}]}}