{"id":6004,"date":"2024-04-02T08:45:00","date_gmt":"2024-04-02T06:45:00","guid":{"rendered":"https:\/\/ayur.bio\/comprar\/aermelloses-damen-t-shirt-mit-emf-und-rf-strahlenschutz-100-silberfaser-ayurbio-anti-strahlung-tank-top-nukleare-abschirmung-von-elektromagnetischen-wellen-5g-wifi-telefon-antennen\/"},"modified":"2024-04-02T08:45:00","modified_gmt":"2024-04-02T06:45:00","slug":"aermelloses-damen-t-shirt-mit-emf-und-rf-strahlenschutz-100-silberfaser-ayurbio-anti-strahlung-tank-top-nukleare-abschirmung-von-elektromagnetischen-wellen-5g-wifi-telefon-antennen","status":"publish","type":"product","link":"https:\/\/ayur.bio\/de\/kaufen\/aermelloses-damen-t-shirt-mit-emf-und-rf-strahlenschutz-100-silberfaser-ayurbio-anti-strahlung-tank-top-nukleare-abschirmung-von-elektromagnetischen-wellen-5g-wifi-telefon-antennen\/","title":{"rendered":"\u00c4rmelloses Damen-T-Shirt mit EMF- und RF-Strahlenschutz 100% Silberfaser. Ayurbio Anti-Strahlung Tank Top. Nukleare Abschirmung von elektromagnetischen Wellen, 5G, WiFi, Telefon, Antennen"},"content":{"rendered":"","protected":false},"excerpt":{"rendered":"<p>\ud83d\udeab SCH\u00dcTZEN SIE SICH VOR STRAHLUNG: Unsere revolution\u00e4re SilverBlock-Technologie integriert die nat\u00fcrliche Verflechtung von Silber-Ionen-Garnen und den Faraday-Effekt in jedes Kleidungsst\u00fcck und bildet so eine fortschrittliche elektromagnetische Abschirmung, die 99,9999 % aller Arten von sch\u00e4dlicher Strahlung blockiert: Telefon, 4G\/5G (einschlie\u00dflich des kommenden 6G), Wi-Fi, Mobilfunkantennen, Mikrowellen, Bluetooth. Erleben Sie totalen Schutz mit Stil und Komfort!<br \/>\n\ud83d\udee1 MAXIMALE ABSCHIRMUNG: Die in milit\u00e4rischen Labors getestete Strahlenschutzkleidung von Ayurbio hat eine Abschirmung von 51-56,4 DB von 30 MHZ bis 60 GHZ, um Sie vor elektromagnetischen Wellen (RF\/EMI\/EMF\/LF) in allen Umgebungen zu sch\u00fctzen. Sowohl in Innenr\u00e4umen als auch im Freien ist unser K\u00f6rper st\u00e4ndig Strahlung ausgesetzt. Tragen Sie sie unter Ihrer normalen Kleidung und sch\u00fctzen Sie Ihre Gesundheit und die Ihrer Familie.<br \/>\n\ud83e\udd0d MEHRERE GESUNDHEITSVORTEILE: Die ayurvedischen Silberfasern sind gut im Kontakt mit der Haut. Dank der Silverblock-Technologie tragen sie zur Verbesserung des Immunsystems und der kognitiven F\u00e4higkeiten bei und reduzieren die Anzeichen von Alterung und Stress, die durch die st\u00e4ndige Interaktion mit elektromagnetischer Strahlung entstehen. Steigern Sie Ihr Wohlbefinden und investieren Sie in Ihre Lebensqualit\u00e4t!<br \/>\n\ud83d\udc5a ANTIBAKTERIELLES GEWEBE: Alle Ayurbio Anti-Strahlungs-Kleidungsst\u00fccke sind keim- und bakterienfrei, thermoregulierend, hypoallergen und so konzipiert, dass sie auch nach l\u00e4ngerem Gebrauch geruchsabweisend sind. Um alle seine Eigenschaften zu erhalten, wird empfohlen, ihn mit der Hand zu waschen.<\/p>\n","protected":false},"featured_media":5192,"comment_status":"open","ping_status":"closed","template":"","meta":{"_themeisle_gutenberg_block_has_review":false},"product_brand":[],"product_cat":[177,175],"product_tag":[204,205,206,207,208],"class_list":{"0":"post-6004","1":"product","2":"type-product","3":"status-publish","4":"has-post-thumbnail","6":"product_cat-frau","7":"product_cat-t-shirts-de","8":"product_tag-anti-strahlen-t-shirt","9":"product_tag-anti-strahlen-t-shirt-de","10":"product_tag-anti-strahlen-tank-top","11":"product_tag-strahlenschutz-t-shirt-ohne-aermel","12":"product_tag-strahlenschutz-t-shirt-ohne-aermel-de","14":"first","15":"instock","16":"taxable","17":"shipping-taxable","18":"purchasable","19":"product-type-variable","20":"has-default-attributes"},"yoast_head":"<!-- This site is optimized with the Yoast SEO plugin v24.8.1 - https:\/\/yoast.com\/wordpress\/plugins\/seo\/ -->\n<title>\u00c4rmelloses Damen-T-Shirt mit EMF- und RF-Strahlenschutz 100% Silberfaser. Ayurbio Anti-Strahlung Tank Top. Nukleare Abschirmung von elektromagnetischen Wellen, 5G, WiFi, Telefon, Antennen - Ayurbio Wear<\/title>\n<meta name=\"robots\" content=\"index, follow, max-snippet:-1, max-image-preview:large, max-video-preview:-1\" \/>\n<link rel=\"canonical\" href=\"https:\/\/ayur.bio\/kaufen\/camiseta-sin-mangas-mujer-de-proteccion-emf-y-rf-contra-radiacion-100-fibra-de-plata-ayurbio-camiseta-de-tirantes-antirradiacion-blindaje-nuclear-frente-a-ondas-electromagneticas-5g-wifi-telefono\/\" \/>\n<meta property=\"og:locale\" content=\"de_DE\" \/>\n<meta property=\"og:type\" content=\"article\" \/>\n<meta property=\"og:title\" content=\"\u00c4rmelloses Damen-T-Shirt mit EMF- und RF-Strahlenschutz 100% Silberfaser. Ayurbio Anti-Strahlung Tank Top. Nukleare Abschirmung von elektromagnetischen Wellen, 5G, WiFi, Telefon, Antennen - Ayurbio Wear\" \/>\n<meta property=\"og:description\" content=\"\ud83d\udeab SCH\u00dcTZEN SIE SICH VOR STRAHLUNG: Unsere revolution\u00e4re SilverBlock-Technologie integriert die nat\u00fcrliche Verflechtung von Silber-Ionen-Garnen und den Faraday-Effekt in jedes Kleidungsst\u00fcck und bildet so eine fortschrittliche elektromagnetische Abschirmung, die 99,9999 % aller Arten von sch\u00e4dlicher Strahlung blockiert: Telefon, 4G\/5G (einschlie\u00dflich des kommenden 6G), Wi-Fi, Mobilfunkantennen, Mikrowellen, Bluetooth. Erleben Sie totalen Schutz mit Stil und Komfort! \ud83d\udee1 MAXIMALE ABSCHIRMUNG: Die in milit\u00e4rischen Labors getestete Strahlenschutzkleidung von Ayurbio hat eine Abschirmung von 51-56,4 DB von 30 MHZ bis 60 GHZ, um Sie vor elektromagnetischen Wellen (RF\/EMI\/EMF\/LF) in allen Umgebungen zu sch\u00fctzen. Sowohl in Innenr\u00e4umen als auch im Freien ist unser K\u00f6rper st\u00e4ndig Strahlung ausgesetzt. Tragen Sie sie unter Ihrer normalen Kleidung und sch\u00fctzen Sie Ihre Gesundheit und die Ihrer Familie. \ud83e\udd0d MEHRERE GESUNDHEITSVORTEILE: Die ayurvedischen Silberfasern sind gut im Kontakt mit der Haut. Dank der Silverblock-Technologie tragen sie zur Verbesserung des Immunsystems und der kognitiven F\u00e4higkeiten bei und reduzieren die Anzeichen von Alterung und Stress, die durch die st\u00e4ndige Interaktion mit elektromagnetischer Strahlung entstehen. Steigern Sie Ihr Wohlbefinden und investieren Sie in Ihre Lebensqualit\u00e4t! \ud83d\udc5a ANTIBAKTERIELLES GEWEBE: Alle Ayurbio Anti-Strahlungs-Kleidungsst\u00fccke sind keim- und bakterienfrei, thermoregulierend, hypoallergen und so konzipiert, dass sie auch nach l\u00e4ngerem Gebrauch geruchsabweisend sind. Um alle seine Eigenschaften zu erhalten, wird empfohlen, ihn mit der Hand zu waschen.\" \/>\n<meta property=\"og:url\" content=\"https:\/\/ayur.bio\/kaufen\/camiseta-sin-mangas-mujer-de-proteccion-emf-y-rf-contra-radiacion-100-fibra-de-plata-ayurbio-camiseta-de-tirantes-antirradiacion-blindaje-nuclear-frente-a-ondas-electromagneticas-5g-wifi-telefono\/\" \/>\n<meta property=\"og:site_name\" content=\"Ayurbio Wear\" \/>\n<meta property=\"og:image\" content=\"https:\/\/ayur.bio\/wp-content\/uploads\/2024\/04\/camiseta-interior-sin-mangas-mujer-antirradiacion-ayurbio.jpg\" \/>\n\t<meta property=\"og:image:width\" content=\"1000\" \/>\n\t<meta property=\"og:image:height\" content=\"1000\" \/>\n\t<meta property=\"og:image:type\" content=\"image\/jpeg\" \/>\n<meta name=\"twitter:card\" content=\"summary_large_image\" \/>\n<script type=\"application\/ld+json\" class=\"yoast-schema-graph\">{\"@context\":\"https:\/\/schema.org\",\"@graph\":[{\"@type\":\"WebPage\",\"@id\":\"https:\/\/ayur.bio\/kaufen\/camiseta-sin-mangas-mujer-de-proteccion-emf-y-rf-contra-radiacion-100-fibra-de-plata-ayurbio-camiseta-de-tirantes-antirradiacion-blindaje-nuclear-frente-a-ondas-electromagneticas-5g-wifi-telefono\/\",\"url\":\"https:\/\/ayur.bio\/kaufen\/camiseta-sin-mangas-mujer-de-proteccion-emf-y-rf-contra-radiacion-100-fibra-de-plata-ayurbio-camiseta-de-tirantes-antirradiacion-blindaje-nuclear-frente-a-ondas-electromagneticas-5g-wifi-telefono\/\",\"name\":\"\u00c4rmelloses Damen-T-Shirt mit EMF- und RF-Strahlenschutz 100% Silberfaser. Ayurbio Anti-Strahlung Tank Top. Nukleare Abschirmung von elektromagnetischen Wellen, 5G, WiFi, Telefon, Antennen - Ayurbio Wear\",\"isPartOf\":{\"@id\":\"https:\/\/ayur.bio\/fr\/#website\"},\"primaryImageOfPage\":{\"@id\":\"https:\/\/ayur.bio\/kaufen\/camiseta-sin-mangas-mujer-de-proteccion-emf-y-rf-contra-radiacion-100-fibra-de-plata-ayurbio-camiseta-de-tirantes-antirradiacion-blindaje-nuclear-frente-a-ondas-electromagneticas-5g-wifi-telefono\/#primaryimage\"},\"image\":{\"@id\":\"https:\/\/ayur.bio\/kaufen\/camiseta-sin-mangas-mujer-de-proteccion-emf-y-rf-contra-radiacion-100-fibra-de-plata-ayurbio-camiseta-de-tirantes-antirradiacion-blindaje-nuclear-frente-a-ondas-electromagneticas-5g-wifi-telefono\/#primaryimage\"},\"thumbnailUrl\":\"https:\/\/ayur.bio\/wp-content\/uploads\/2024\/04\/camiseta-interior-sin-mangas-mujer-antirradiacion-ayurbio.jpg\",\"datePublished\":\"2024-04-02T06:45:00+00:00\",\"breadcrumb\":{\"@id\":\"https:\/\/ayur.bio\/kaufen\/camiseta-sin-mangas-mujer-de-proteccion-emf-y-rf-contra-radiacion-100-fibra-de-plata-ayurbio-camiseta-de-tirantes-antirradiacion-blindaje-nuclear-frente-a-ondas-electromagneticas-5g-wifi-telefono\/#breadcrumb\"},\"inLanguage\":\"de\",\"potentialAction\":[{\"@type\":\"ReadAction\",\"target\":[\"https:\/\/ayur.bio\/kaufen\/camiseta-sin-mangas-mujer-de-proteccion-emf-y-rf-contra-radiacion-100-fibra-de-plata-ayurbio-camiseta-de-tirantes-antirradiacion-blindaje-nuclear-frente-a-ondas-electromagneticas-5g-wifi-telefono\/\"]}]},{\"@type\":\"ImageObject\",\"inLanguage\":\"de\",\"@id\":\"https:\/\/ayur.bio\/kaufen\/camiseta-sin-mangas-mujer-de-proteccion-emf-y-rf-contra-radiacion-100-fibra-de-plata-ayurbio-camiseta-de-tirantes-antirradiacion-blindaje-nuclear-frente-a-ondas-electromagneticas-5g-wifi-telefono\/#primaryimage\",\"url\":\"https:\/\/ayur.bio\/wp-content\/uploads\/2024\/04\/camiseta-interior-sin-mangas-mujer-antirradiacion-ayurbio.jpg\",\"contentUrl\":\"https:\/\/ayur.bio\/wp-content\/uploads\/2024\/04\/camiseta-interior-sin-mangas-mujer-antirradiacion-ayurbio.jpg\",\"width\":1000,\"height\":1000},{\"@type\":\"BreadcrumbList\",\"@id\":\"https:\/\/ayur.bio\/kaufen\/camiseta-sin-mangas-mujer-de-proteccion-emf-y-rf-contra-radiacion-100-fibra-de-plata-ayurbio-camiseta-de-tirantes-antirradiacion-blindaje-nuclear-frente-a-ondas-electromagneticas-5g-wifi-telefono\/#breadcrumb\",\"itemListElement\":[{\"@type\":\"ListItem\",\"position\":1,\"name\":\"Portada\",\"item\":\"https:\/\/ayur.bio\/de\/\"},{\"@type\":\"ListItem\",\"position\":2,\"name\":\"Shop\",\"item\":\"https:\/\/ayur.bio\/tienda\/\"},{\"@type\":\"ListItem\",\"position\":3,\"name\":\"\u00c4rmelloses Damen-T-Shirt mit EMF- und RF-Strahlenschutz 100% Silberfaser. Ayurbio Anti-Strahlung Tank Top. Nukleare Abschirmung von elektromagnetischen Wellen, 5G, WiFi, Telefon, Antennen\"}]},{\"@type\":\"WebSite\",\"@id\":\"https:\/\/ayur.bio\/fr\/#website\",\"url\":\"https:\/\/ayur.bio\/fr\/\",\"name\":\"Ayurbio Wear\",\"description\":\"\",\"potentialAction\":[{\"@type\":\"SearchAction\",\"target\":{\"@type\":\"EntryPoint\",\"urlTemplate\":\"https:\/\/ayur.bio\/fr\/?s={search_term_string}\"},\"query-input\":{\"@type\":\"PropertyValueSpecification\",\"valueRequired\":true,\"valueName\":\"search_term_string\"}}],\"inLanguage\":\"de\"}]}<\/script>\n<!-- \/ Yoast SEO plugin. -->","yoast_head_json":{"title":"\u00c4rmelloses Damen-T-Shirt mit EMF- und RF-Strahlenschutz 100% Silberfaser. Ayurbio Anti-Strahlung Tank Top. Nukleare Abschirmung von elektromagnetischen Wellen, 5G, WiFi, Telefon, Antennen - Ayurbio Wear","robots":{"index":"index","follow":"follow","max-snippet":"max-snippet:-1","max-image-preview":"max-image-preview:large","max-video-preview":"max-video-preview:-1"},"canonical":"https:\/\/ayur.bio\/kaufen\/camiseta-sin-mangas-mujer-de-proteccion-emf-y-rf-contra-radiacion-100-fibra-de-plata-ayurbio-camiseta-de-tirantes-antirradiacion-blindaje-nuclear-frente-a-ondas-electromagneticas-5g-wifi-telefono\/","og_locale":"de_DE","og_type":"article","og_title":"\u00c4rmelloses Damen-T-Shirt mit EMF- und RF-Strahlenschutz 100% Silberfaser. Ayurbio Anti-Strahlung Tank Top. Nukleare Abschirmung von elektromagnetischen Wellen, 5G, WiFi, Telefon, Antennen - Ayurbio Wear","og_description":"\ud83d\udeab SCH\u00dcTZEN SIE SICH VOR STRAHLUNG: Unsere revolution\u00e4re SilverBlock-Technologie integriert die nat\u00fcrliche Verflechtung von Silber-Ionen-Garnen und den Faraday-Effekt in jedes Kleidungsst\u00fcck und bildet so eine fortschrittliche elektromagnetische Abschirmung, die 99,9999 % aller Arten von sch\u00e4dlicher Strahlung blockiert: Telefon, 4G\/5G (einschlie\u00dflich des kommenden 6G), Wi-Fi, Mobilfunkantennen, Mikrowellen, Bluetooth. Erleben Sie totalen Schutz mit Stil und Komfort! \ud83d\udee1 MAXIMALE ABSCHIRMUNG: Die in milit\u00e4rischen Labors getestete Strahlenschutzkleidung von Ayurbio hat eine Abschirmung von 51-56,4 DB von 30 MHZ bis 60 GHZ, um Sie vor elektromagnetischen Wellen (RF\/EMI\/EMF\/LF) in allen Umgebungen zu sch\u00fctzen. Sowohl in Innenr\u00e4umen als auch im Freien ist unser K\u00f6rper st\u00e4ndig Strahlung ausgesetzt. Tragen Sie sie unter Ihrer normalen Kleidung und sch\u00fctzen Sie Ihre Gesundheit und die Ihrer Familie. \ud83e\udd0d MEHRERE GESUNDHEITSVORTEILE: Die ayurvedischen Silberfasern sind gut im Kontakt mit der Haut. Dank der Silverblock-Technologie tragen sie zur Verbesserung des Immunsystems und der kognitiven F\u00e4higkeiten bei und reduzieren die Anzeichen von Alterung und Stress, die durch die st\u00e4ndige Interaktion mit elektromagnetischer Strahlung entstehen. Steigern Sie Ihr Wohlbefinden und investieren Sie in Ihre Lebensqualit\u00e4t! \ud83d\udc5a ANTIBAKTERIELLES GEWEBE: Alle Ayurbio Anti-Strahlungs-Kleidungsst\u00fccke sind keim- und bakterienfrei, thermoregulierend, hypoallergen und so konzipiert, dass sie auch nach l\u00e4ngerem Gebrauch geruchsabweisend sind. Um alle seine Eigenschaften zu erhalten, wird empfohlen, ihn mit der Hand zu waschen.","og_url":"https:\/\/ayur.bio\/kaufen\/camiseta-sin-mangas-mujer-de-proteccion-emf-y-rf-contra-radiacion-100-fibra-de-plata-ayurbio-camiseta-de-tirantes-antirradiacion-blindaje-nuclear-frente-a-ondas-electromagneticas-5g-wifi-telefono\/","og_site_name":"Ayurbio Wear","og_image":[{"width":1000,"height":1000,"url":"https:\/\/ayur.bio\/wp-content\/uploads\/2024\/04\/camiseta-interior-sin-mangas-mujer-antirradiacion-ayurbio.jpg","type":"image\/jpeg"}],"twitter_card":"summary_large_image","schema":{"@context":"https:\/\/schema.org","@graph":[{"@type":"WebPage","@id":"https:\/\/ayur.bio\/kaufen\/camiseta-sin-mangas-mujer-de-proteccion-emf-y-rf-contra-radiacion-100-fibra-de-plata-ayurbio-camiseta-de-tirantes-antirradiacion-blindaje-nuclear-frente-a-ondas-electromagneticas-5g-wifi-telefono\/","url":"https:\/\/ayur.bio\/kaufen\/camiseta-sin-mangas-mujer-de-proteccion-emf-y-rf-contra-radiacion-100-fibra-de-plata-ayurbio-camiseta-de-tirantes-antirradiacion-blindaje-nuclear-frente-a-ondas-electromagneticas-5g-wifi-telefono\/","name":"\u00c4rmelloses Damen-T-Shirt mit EMF- und RF-Strahlenschutz 100% Silberfaser. Ayurbio Anti-Strahlung Tank Top. Nukleare Abschirmung von elektromagnetischen Wellen, 5G, WiFi, Telefon, Antennen - Ayurbio Wear","isPartOf":{"@id":"https:\/\/ayur.bio\/fr\/#website"},"primaryImageOfPage":{"@id":"https:\/\/ayur.bio\/kaufen\/camiseta-sin-mangas-mujer-de-proteccion-emf-y-rf-contra-radiacion-100-fibra-de-plata-ayurbio-camiseta-de-tirantes-antirradiacion-blindaje-nuclear-frente-a-ondas-electromagneticas-5g-wifi-telefono\/#primaryimage"},"image":{"@id":"https:\/\/ayur.bio\/kaufen\/camiseta-sin-mangas-mujer-de-proteccion-emf-y-rf-contra-radiacion-100-fibra-de-plata-ayurbio-camiseta-de-tirantes-antirradiacion-blindaje-nuclear-frente-a-ondas-electromagneticas-5g-wifi-telefono\/#primaryimage"},"thumbnailUrl":"https:\/\/ayur.bio\/wp-content\/uploads\/2024\/04\/camiseta-interior-sin-mangas-mujer-antirradiacion-ayurbio.jpg","datePublished":"2024-04-02T06:45:00+00:00","breadcrumb":{"@id":"https:\/\/ayur.bio\/kaufen\/camiseta-sin-mangas-mujer-de-proteccion-emf-y-rf-contra-radiacion-100-fibra-de-plata-ayurbio-camiseta-de-tirantes-antirradiacion-blindaje-nuclear-frente-a-ondas-electromagneticas-5g-wifi-telefono\/#breadcrumb"},"inLanguage":"de","potentialAction":[{"@type":"ReadAction","target":["https:\/\/ayur.bio\/kaufen\/camiseta-sin-mangas-mujer-de-proteccion-emf-y-rf-contra-radiacion-100-fibra-de-plata-ayurbio-camiseta-de-tirantes-antirradiacion-blindaje-nuclear-frente-a-ondas-electromagneticas-5g-wifi-telefono\/"]}]},{"@type":"ImageObject","inLanguage":"de","@id":"https:\/\/ayur.bio\/kaufen\/camiseta-sin-mangas-mujer-de-proteccion-emf-y-rf-contra-radiacion-100-fibra-de-plata-ayurbio-camiseta-de-tirantes-antirradiacion-blindaje-nuclear-frente-a-ondas-electromagneticas-5g-wifi-telefono\/#primaryimage","url":"https:\/\/ayur.bio\/wp-content\/uploads\/2024\/04\/camiseta-interior-sin-mangas-mujer-antirradiacion-ayurbio.jpg","contentUrl":"https:\/\/ayur.bio\/wp-content\/uploads\/2024\/04\/camiseta-interior-sin-mangas-mujer-antirradiacion-ayurbio.jpg","width":1000,"height":1000},{"@type":"BreadcrumbList","@id":"https:\/\/ayur.bio\/kaufen\/camiseta-sin-mangas-mujer-de-proteccion-emf-y-rf-contra-radiacion-100-fibra-de-plata-ayurbio-camiseta-de-tirantes-antirradiacion-blindaje-nuclear-frente-a-ondas-electromagneticas-5g-wifi-telefono\/#breadcrumb","itemListElement":[{"@type":"ListItem","position":1,"name":"Portada","item":"https:\/\/ayur.bio\/de\/"},{"@type":"ListItem","position":2,"name":"Shop","item":"https:\/\/ayur.bio\/tienda\/"},{"@type":"ListItem","position":3,"name":"\u00c4rmelloses Damen-T-Shirt mit EMF- und RF-Strahlenschutz 100% Silberfaser. Ayurbio Anti-Strahlung Tank Top. Nukleare Abschirmung von elektromagnetischen Wellen, 5G, WiFi, Telefon, Antennen"}]},{"@type":"WebSite","@id":"https:\/\/ayur.bio\/fr\/#website","url":"https:\/\/ayur.bio\/fr\/","name":"Ayurbio Wear","description":"","potentialAction":[{"@type":"SearchAction","target":{"@type":"EntryPoint","urlTemplate":"https:\/\/ayur.bio\/fr\/?s={search_term_string}"},"query-input":{"@type":"PropertyValueSpecification","valueRequired":true,"valueName":"search_term_string"}}],"inLanguage":"de"}]}},"jetpack_sharing_enabled":true,"_links":{"self":[{"href":"https:\/\/ayur.bio\/de\/wp-json\/wp\/v2\/product\/6004","targetHints":{"allow":["GET"]}}],"collection":[{"href":"https:\/\/ayur.bio\/de\/wp-json\/wp\/v2\/product"}],"about":[{"href":"https:\/\/ayur.bio\/de\/wp-json\/wp\/v2\/types\/product"}],"replies":[{"embeddable":true,"href":"https:\/\/ayur.bio\/de\/wp-json\/wp\/v2\/comments?post=6004"}],"wp:featuredmedia":[{"embeddable":true,"href":"https:\/\/ayur.bio\/de\/wp-json\/wp\/v2\/media\/5192"}],"wp:attachment":[{"href":"https:\/\/ayur.bio\/de\/wp-json\/wp\/v2\/media?parent=6004"}],"wp:term":[{"taxonomy":"product_brand","embeddable":true,"href":"https:\/\/ayur.bio\/de\/wp-json\/wp\/v2\/product_brand?post=6004"},{"taxonomy":"product_cat","embeddable":true,"href":"https:\/\/ayur.bio\/de\/wp-json\/wp\/v2\/product_cat?post=6004"},{"taxonomy":"product_tag","embeddable":true,"href":"https:\/\/ayur.bio\/de\/wp-json\/wp\/v2\/product_tag?post=6004"}],"curies":[{"name":"wp","href":"https:\/\/api.w.org\/{rel}","templated":true}]}}