{"id":5985,"date":"2024-04-02T10:04:11","date_gmt":"2024-04-02T08:04:11","guid":{"rendered":"https:\/\/ayur.bio\/comprar\/anti-strahlungs-slips-fuer-maenner-boxer-emf-und-rf-strahlungsschutz-100-silberfaser-ayurbio-short-antirradiation-faradaysche-nuklearabschirmung-gegen-elektromagnetische-wellen-5g-wifi-telefon\/"},"modified":"2024-04-02T10:04:11","modified_gmt":"2024-04-02T08:04:11","slug":"anti-strahlungs-slips-fuer-maenner-boxer-emf-und-rf-strahlungsschutz-100-silberfaser-ayurbio-short-antirradiation-faradaysche-nuklearabschirmung-gegen-elektromagnetische-wellen-5g-wifi-telefon","status":"publish","type":"product","link":"https:\/\/ayur.bio\/de\/kaufen\/anti-strahlungs-slips-fuer-maenner-boxer-emf-und-rf-strahlungsschutz-100-silberfaser-ayurbio-short-antirradiation-faradaysche-nuklearabschirmung-gegen-elektromagnetische-wellen-5g-wifi-telefon\/","title":{"rendered":"Anti-Strahlungs-Slips f\u00fcr M\u00e4nner. Boxer EMF und RF Strahlungsschutz 100% Silberfaser. Ayurbio Short Antirradiation. Faradaysche Nuklearabschirmung gegen elektromagnetische Wellen, 5G, WIFI, Telefon, Antennen."},"content":{"rendered":"","protected":false},"excerpt":{"rendered":"<p>\ud83d\udeab <strong>SCH\u00dcTZEN SIE SICH VOR STRAHLUNG<\/strong>Unsere revolution\u00e4re SilverBlock-Technologie integriert die nat\u00fcrliche Verflechtung von Silberionen-Dr\u00e4hten und den Faraday-Effekt in jedes Kleidungsst\u00fcck und bildet so eine fortschrittliche elektromagnetische Abschirmung, die 99,9999 % aller Arten von sch\u00e4dlicher Strahlung blockiert: Telefon, 4G\/5G (einschlie\u00dflich des kommenden 6G), Wi-Fi, Mobilfunkantennen, Mikrowellen, Bluetooth. Erleben Sie totalen Schutz mit Stil und Komfort!<br \/>\n<strong>MAXIMALE ABSCHIRMUNG:<\/strong> Die in milit\u00e4rischen Labors getestete Strahlenschutzkleidung von Ayurbio hat eine Abschirmung von 51-56,4 DB von 30 MHZ bis 60 GHZ, um Sie vor elektromagnetischen Wellen (RF\/EMI\/EMF\/LF) in allen Umgebungen zu sch\u00fctzen. Sowohl in Innenr\u00e4umen als auch im Freien ist unser K\u00f6rper st\u00e4ndig Strahlung ausgesetzt. Tragen Sie sie unter Ihrer normalen Kleidung und sch\u00fctzen Sie Ihre Gesundheit und die Ihrer Familie.<br \/>\n\ud83e\udd0d <strong>MEHRERE GESUNDHEITSVORTEILE: <\/strong> Die ayurvedischen Silberfasern sind gut im Kontakt mit der Haut. Dank der Silverblock-Technologie tragen sie zur Verbesserung des Immunsystems und der kognitiven F\u00e4higkeiten bei und reduzieren die Anzeichen von Alterung und Stress, die durch die st\u00e4ndige Interaktion mit elektromagnetischer Strahlung entstehen. Steigern Sie Ihr Wohlbefinden und investieren Sie in Ihre Lebensqualit\u00e4t!<br \/>\n\ud83d\udc5a <strong>ANTIBAKTERIELLES GEWEBE: <\/strong> Alle Ayurbio Anti-Strahlungs-Kleidungsst\u00fccke sind keim- und bakterienfrei, thermoregulierend, hypoallergen und so konzipiert, dass sie auch nach l\u00e4ngerem Gebrauch geruchsabweisend sind. Um alle seine Eigenschaften zu erhalten, wird empfohlen, ihn mit der Hand zu waschen.<\/p>\n","protected":false},"featured_media":5252,"comment_status":"open","ping_status":"closed","template":"","meta":{"_themeisle_gutenberg_block_has_review":false},"product_brand":[],"product_cat":[174],"product_tag":[202,270,203,272],"class_list":{"0":"post-5985","1":"product","2":"type-product","3":"status-publish","4":"has-post-thumbnail","6":"product_cat-hosen","7":"product_tag-strahlenschutz-boxershorts","8":"product_tag-strahlenschutz-unterwaesche","9":"product_tag-strahlenschutzhose","10":"product_tag-strahlenschutzshorts","12":"first","13":"instock","14":"taxable","15":"shipping-taxable","16":"purchasable","17":"product-type-variable"},"yoast_head":"<!-- This site is optimized with the Yoast SEO plugin v24.8.1 - https:\/\/yoast.com\/wordpress\/plugins\/seo\/ -->\n<title>Anti-Strahlungs-Slips f\u00fcr M\u00e4nner. Boxer EMF und RF Strahlungsschutz 100% Silberfaser. Ayurbio Short Antirradiation. Faradaysche Nuklearabschirmung gegen elektromagnetische Wellen, 5G, WIFI, Telefon, Antennen. - Ayurbio Wear<\/title>\n<meta name=\"robots\" content=\"index, follow, max-snippet:-1, max-image-preview:large, max-video-preview:-1\" \/>\n<link rel=\"canonical\" href=\"https:\/\/ayur.bio\/kaufen\/calzoncillos-anti-radiacion-hombre-boxer-proteccion-emf-y-rf-contra-radiacion-100-fibra-de-plata-ayurbio-short-antirradiacion-blindaje-nuclear-faraday-frente-a-ondas-electromagneticas-5g-wifi-te\/\" \/>\n<meta property=\"og:locale\" content=\"de_DE\" \/>\n<meta property=\"og:type\" content=\"article\" \/>\n<meta property=\"og:title\" content=\"Anti-Strahlungs-Slips f\u00fcr M\u00e4nner. Boxer EMF und RF Strahlungsschutz 100% Silberfaser. Ayurbio Short Antirradiation. Faradaysche Nuklearabschirmung gegen elektromagnetische Wellen, 5G, WIFI, Telefon, Antennen. - Ayurbio Wear\" \/>\n<meta property=\"og:description\" content=\"\ud83d\udeab SCH\u00dcTZEN SIE SICH VOR STRAHLUNGUnsere revolution\u00e4re SilverBlock-Technologie integriert die nat\u00fcrliche Verflechtung von Silberionen-Dr\u00e4hten und den Faraday-Effekt in jedes Kleidungsst\u00fcck und bildet so eine fortschrittliche elektromagnetische Abschirmung, die 99,9999 % aller Arten von sch\u00e4dlicher Strahlung blockiert: Telefon, 4G\/5G (einschlie\u00dflich des kommenden 6G), Wi-Fi, Mobilfunkantennen, Mikrowellen, Bluetooth. Erleben Sie totalen Schutz mit Stil und Komfort! MAXIMALE ABSCHIRMUNG: Die in milit\u00e4rischen Labors getestete Strahlenschutzkleidung von Ayurbio hat eine Abschirmung von 51-56,4 DB von 30 MHZ bis 60 GHZ, um Sie vor elektromagnetischen Wellen (RF\/EMI\/EMF\/LF) in allen Umgebungen zu sch\u00fctzen. Sowohl in Innenr\u00e4umen als auch im Freien ist unser K\u00f6rper st\u00e4ndig Strahlung ausgesetzt. Tragen Sie sie unter Ihrer normalen Kleidung und sch\u00fctzen Sie Ihre Gesundheit und die Ihrer Familie. \ud83e\udd0d MEHRERE GESUNDHEITSVORTEILE: Die ayurvedischen Silberfasern sind gut im Kontakt mit der Haut. Dank der Silverblock-Technologie tragen sie zur Verbesserung des Immunsystems und der kognitiven F\u00e4higkeiten bei und reduzieren die Anzeichen von Alterung und Stress, die durch die st\u00e4ndige Interaktion mit elektromagnetischer Strahlung entstehen. Steigern Sie Ihr Wohlbefinden und investieren Sie in Ihre Lebensqualit\u00e4t! \ud83d\udc5a ANTIBAKTERIELLES GEWEBE: Alle Ayurbio Anti-Strahlungs-Kleidungsst\u00fccke sind keim- und bakterienfrei, thermoregulierend, hypoallergen und so konzipiert, dass sie auch nach l\u00e4ngerem Gebrauch geruchsabweisend sind. Um alle seine Eigenschaften zu erhalten, wird empfohlen, ihn mit der Hand zu waschen.\" \/>\n<meta property=\"og:url\" content=\"https:\/\/ayur.bio\/kaufen\/calzoncillos-anti-radiacion-hombre-boxer-proteccion-emf-y-rf-contra-radiacion-100-fibra-de-plata-ayurbio-short-antirradiacion-blindaje-nuclear-faraday-frente-a-ondas-electromagneticas-5g-wifi-te\/\" \/>\n<meta property=\"og:site_name\" content=\"Ayurbio Wear\" \/>\n<meta property=\"og:image\" content=\"https:\/\/ayur.bio\/wp-content\/uploads\/2024\/04\/calzoncillos-boxer-antirradiacion-bloquea-todas-las-radiaciones-ayurbio.jpg\" \/>\n\t<meta property=\"og:image:width\" content=\"2000\" \/>\n\t<meta property=\"og:image:height\" content=\"2000\" \/>\n\t<meta property=\"og:image:type\" content=\"image\/jpeg\" \/>\n<meta name=\"twitter:card\" content=\"summary_large_image\" \/>\n<script type=\"application\/ld+json\" class=\"yoast-schema-graph\">{\"@context\":\"https:\/\/schema.org\",\"@graph\":[{\"@type\":\"WebPage\",\"@id\":\"https:\/\/ayur.bio\/kaufen\/calzoncillos-anti-radiacion-hombre-boxer-proteccion-emf-y-rf-contra-radiacion-100-fibra-de-plata-ayurbio-short-antirradiacion-blindaje-nuclear-faraday-frente-a-ondas-electromagneticas-5g-wifi-te\/\",\"url\":\"https:\/\/ayur.bio\/kaufen\/calzoncillos-anti-radiacion-hombre-boxer-proteccion-emf-y-rf-contra-radiacion-100-fibra-de-plata-ayurbio-short-antirradiacion-blindaje-nuclear-faraday-frente-a-ondas-electromagneticas-5g-wifi-te\/\",\"name\":\"Anti-Strahlungs-Slips f\u00fcr M\u00e4nner. Boxer EMF und RF Strahlungsschutz 100% Silberfaser. Ayurbio Short Antirradiation. Faradaysche Nuklearabschirmung gegen elektromagnetische Wellen, 5G, WIFI, Telefon, Antennen. - Ayurbio Wear\",\"isPartOf\":{\"@id\":\"https:\/\/ayur.bio\/fr\/#website\"},\"primaryImageOfPage\":{\"@id\":\"https:\/\/ayur.bio\/kaufen\/calzoncillos-anti-radiacion-hombre-boxer-proteccion-emf-y-rf-contra-radiacion-100-fibra-de-plata-ayurbio-short-antirradiacion-blindaje-nuclear-faraday-frente-a-ondas-electromagneticas-5g-wifi-te\/#primaryimage\"},\"image\":{\"@id\":\"https:\/\/ayur.bio\/kaufen\/calzoncillos-anti-radiacion-hombre-boxer-proteccion-emf-y-rf-contra-radiacion-100-fibra-de-plata-ayurbio-short-antirradiacion-blindaje-nuclear-faraday-frente-a-ondas-electromagneticas-5g-wifi-te\/#primaryimage\"},\"thumbnailUrl\":\"https:\/\/ayur.bio\/wp-content\/uploads\/2024\/04\/calzoncillos-boxer-antirradiacion-bloquea-todas-las-radiaciones-ayurbio.jpg\",\"datePublished\":\"2024-04-02T08:04:11+00:00\",\"breadcrumb\":{\"@id\":\"https:\/\/ayur.bio\/kaufen\/calzoncillos-anti-radiacion-hombre-boxer-proteccion-emf-y-rf-contra-radiacion-100-fibra-de-plata-ayurbio-short-antirradiacion-blindaje-nuclear-faraday-frente-a-ondas-electromagneticas-5g-wifi-te\/#breadcrumb\"},\"inLanguage\":\"de\",\"potentialAction\":[{\"@type\":\"ReadAction\",\"target\":[\"https:\/\/ayur.bio\/kaufen\/calzoncillos-anti-radiacion-hombre-boxer-proteccion-emf-y-rf-contra-radiacion-100-fibra-de-plata-ayurbio-short-antirradiacion-blindaje-nuclear-faraday-frente-a-ondas-electromagneticas-5g-wifi-te\/\"]}]},{\"@type\":\"ImageObject\",\"inLanguage\":\"de\",\"@id\":\"https:\/\/ayur.bio\/kaufen\/calzoncillos-anti-radiacion-hombre-boxer-proteccion-emf-y-rf-contra-radiacion-100-fibra-de-plata-ayurbio-short-antirradiacion-blindaje-nuclear-faraday-frente-a-ondas-electromagneticas-5g-wifi-te\/#primaryimage\",\"url\":\"https:\/\/ayur.bio\/wp-content\/uploads\/2024\/04\/calzoncillos-boxer-antirradiacion-bloquea-todas-las-radiaciones-ayurbio.jpg\",\"contentUrl\":\"https:\/\/ayur.bio\/wp-content\/uploads\/2024\/04\/calzoncillos-boxer-antirradiacion-bloquea-todas-las-radiaciones-ayurbio.jpg\",\"width\":2000,\"height\":2000},{\"@type\":\"BreadcrumbList\",\"@id\":\"https:\/\/ayur.bio\/kaufen\/calzoncillos-anti-radiacion-hombre-boxer-proteccion-emf-y-rf-contra-radiacion-100-fibra-de-plata-ayurbio-short-antirradiacion-blindaje-nuclear-faraday-frente-a-ondas-electromagneticas-5g-wifi-te\/#breadcrumb\",\"itemListElement\":[{\"@type\":\"ListItem\",\"position\":1,\"name\":\"Portada\",\"item\":\"https:\/\/ayur.bio\/de\/\"},{\"@type\":\"ListItem\",\"position\":2,\"name\":\"Shop\",\"item\":\"https:\/\/ayur.bio\/tienda\/\"},{\"@type\":\"ListItem\",\"position\":3,\"name\":\"Anti-Strahlungs-Slips f\u00fcr M\u00e4nner. Boxer EMF und RF Strahlungsschutz 100% Silberfaser. Ayurbio Short Antirradiation. Faradaysche Nuklearabschirmung gegen elektromagnetische Wellen, 5G, WIFI, Telefon, Antennen.\"}]},{\"@type\":\"WebSite\",\"@id\":\"https:\/\/ayur.bio\/fr\/#website\",\"url\":\"https:\/\/ayur.bio\/fr\/\",\"name\":\"Ayurbio Wear\",\"description\":\"\",\"potentialAction\":[{\"@type\":\"SearchAction\",\"target\":{\"@type\":\"EntryPoint\",\"urlTemplate\":\"https:\/\/ayur.bio\/fr\/?s={search_term_string}\"},\"query-input\":{\"@type\":\"PropertyValueSpecification\",\"valueRequired\":true,\"valueName\":\"search_term_string\"}}],\"inLanguage\":\"de\"}]}<\/script>\n<!-- \/ Yoast SEO plugin. -->","yoast_head_json":{"title":"Anti-Strahlungs-Slips f\u00fcr M\u00e4nner. Boxer EMF und RF Strahlungsschutz 100% Silberfaser. Ayurbio Short Antirradiation. Faradaysche Nuklearabschirmung gegen elektromagnetische Wellen, 5G, WIFI, Telefon, Antennen. - Ayurbio Wear","robots":{"index":"index","follow":"follow","max-snippet":"max-snippet:-1","max-image-preview":"max-image-preview:large","max-video-preview":"max-video-preview:-1"},"canonical":"https:\/\/ayur.bio\/kaufen\/calzoncillos-anti-radiacion-hombre-boxer-proteccion-emf-y-rf-contra-radiacion-100-fibra-de-plata-ayurbio-short-antirradiacion-blindaje-nuclear-faraday-frente-a-ondas-electromagneticas-5g-wifi-te\/","og_locale":"de_DE","og_type":"article","og_title":"Anti-Strahlungs-Slips f\u00fcr M\u00e4nner. Boxer EMF und RF Strahlungsschutz 100% Silberfaser. Ayurbio Short Antirradiation. Faradaysche Nuklearabschirmung gegen elektromagnetische Wellen, 5G, WIFI, Telefon, Antennen. - Ayurbio Wear","og_description":"\ud83d\udeab SCH\u00dcTZEN SIE SICH VOR STRAHLUNGUnsere revolution\u00e4re SilverBlock-Technologie integriert die nat\u00fcrliche Verflechtung von Silberionen-Dr\u00e4hten und den Faraday-Effekt in jedes Kleidungsst\u00fcck und bildet so eine fortschrittliche elektromagnetische Abschirmung, die 99,9999 % aller Arten von sch\u00e4dlicher Strahlung blockiert: Telefon, 4G\/5G (einschlie\u00dflich des kommenden 6G), Wi-Fi, Mobilfunkantennen, Mikrowellen, Bluetooth. Erleben Sie totalen Schutz mit Stil und Komfort! MAXIMALE ABSCHIRMUNG: Die in milit\u00e4rischen Labors getestete Strahlenschutzkleidung von Ayurbio hat eine Abschirmung von 51-56,4 DB von 30 MHZ bis 60 GHZ, um Sie vor elektromagnetischen Wellen (RF\/EMI\/EMF\/LF) in allen Umgebungen zu sch\u00fctzen. Sowohl in Innenr\u00e4umen als auch im Freien ist unser K\u00f6rper st\u00e4ndig Strahlung ausgesetzt. Tragen Sie sie unter Ihrer normalen Kleidung und sch\u00fctzen Sie Ihre Gesundheit und die Ihrer Familie. \ud83e\udd0d MEHRERE GESUNDHEITSVORTEILE: Die ayurvedischen Silberfasern sind gut im Kontakt mit der Haut. Dank der Silverblock-Technologie tragen sie zur Verbesserung des Immunsystems und der kognitiven F\u00e4higkeiten bei und reduzieren die Anzeichen von Alterung und Stress, die durch die st\u00e4ndige Interaktion mit elektromagnetischer Strahlung entstehen. Steigern Sie Ihr Wohlbefinden und investieren Sie in Ihre Lebensqualit\u00e4t! \ud83d\udc5a ANTIBAKTERIELLES GEWEBE: Alle Ayurbio Anti-Strahlungs-Kleidungsst\u00fccke sind keim- und bakterienfrei, thermoregulierend, hypoallergen und so konzipiert, dass sie auch nach l\u00e4ngerem Gebrauch geruchsabweisend sind. Um alle seine Eigenschaften zu erhalten, wird empfohlen, ihn mit der Hand zu waschen.","og_url":"https:\/\/ayur.bio\/kaufen\/calzoncillos-anti-radiacion-hombre-boxer-proteccion-emf-y-rf-contra-radiacion-100-fibra-de-plata-ayurbio-short-antirradiacion-blindaje-nuclear-faraday-frente-a-ondas-electromagneticas-5g-wifi-te\/","og_site_name":"Ayurbio Wear","og_image":[{"width":2000,"height":2000,"url":"https:\/\/ayur.bio\/wp-content\/uploads\/2024\/04\/calzoncillos-boxer-antirradiacion-bloquea-todas-las-radiaciones-ayurbio.jpg","type":"image\/jpeg"}],"twitter_card":"summary_large_image","schema":{"@context":"https:\/\/schema.org","@graph":[{"@type":"WebPage","@id":"https:\/\/ayur.bio\/kaufen\/calzoncillos-anti-radiacion-hombre-boxer-proteccion-emf-y-rf-contra-radiacion-100-fibra-de-plata-ayurbio-short-antirradiacion-blindaje-nuclear-faraday-frente-a-ondas-electromagneticas-5g-wifi-te\/","url":"https:\/\/ayur.bio\/kaufen\/calzoncillos-anti-radiacion-hombre-boxer-proteccion-emf-y-rf-contra-radiacion-100-fibra-de-plata-ayurbio-short-antirradiacion-blindaje-nuclear-faraday-frente-a-ondas-electromagneticas-5g-wifi-te\/","name":"Anti-Strahlungs-Slips f\u00fcr M\u00e4nner. Boxer EMF und RF Strahlungsschutz 100% Silberfaser. Ayurbio Short Antirradiation. Faradaysche Nuklearabschirmung gegen elektromagnetische Wellen, 5G, WIFI, Telefon, Antennen. - Ayurbio Wear","isPartOf":{"@id":"https:\/\/ayur.bio\/fr\/#website"},"primaryImageOfPage":{"@id":"https:\/\/ayur.bio\/kaufen\/calzoncillos-anti-radiacion-hombre-boxer-proteccion-emf-y-rf-contra-radiacion-100-fibra-de-plata-ayurbio-short-antirradiacion-blindaje-nuclear-faraday-frente-a-ondas-electromagneticas-5g-wifi-te\/#primaryimage"},"image":{"@id":"https:\/\/ayur.bio\/kaufen\/calzoncillos-anti-radiacion-hombre-boxer-proteccion-emf-y-rf-contra-radiacion-100-fibra-de-plata-ayurbio-short-antirradiacion-blindaje-nuclear-faraday-frente-a-ondas-electromagneticas-5g-wifi-te\/#primaryimage"},"thumbnailUrl":"https:\/\/ayur.bio\/wp-content\/uploads\/2024\/04\/calzoncillos-boxer-antirradiacion-bloquea-todas-las-radiaciones-ayurbio.jpg","datePublished":"2024-04-02T08:04:11+00:00","breadcrumb":{"@id":"https:\/\/ayur.bio\/kaufen\/calzoncillos-anti-radiacion-hombre-boxer-proteccion-emf-y-rf-contra-radiacion-100-fibra-de-plata-ayurbio-short-antirradiacion-blindaje-nuclear-faraday-frente-a-ondas-electromagneticas-5g-wifi-te\/#breadcrumb"},"inLanguage":"de","potentialAction":[{"@type":"ReadAction","target":["https:\/\/ayur.bio\/kaufen\/calzoncillos-anti-radiacion-hombre-boxer-proteccion-emf-y-rf-contra-radiacion-100-fibra-de-plata-ayurbio-short-antirradiacion-blindaje-nuclear-faraday-frente-a-ondas-electromagneticas-5g-wifi-te\/"]}]},{"@type":"ImageObject","inLanguage":"de","@id":"https:\/\/ayur.bio\/kaufen\/calzoncillos-anti-radiacion-hombre-boxer-proteccion-emf-y-rf-contra-radiacion-100-fibra-de-plata-ayurbio-short-antirradiacion-blindaje-nuclear-faraday-frente-a-ondas-electromagneticas-5g-wifi-te\/#primaryimage","url":"https:\/\/ayur.bio\/wp-content\/uploads\/2024\/04\/calzoncillos-boxer-antirradiacion-bloquea-todas-las-radiaciones-ayurbio.jpg","contentUrl":"https:\/\/ayur.bio\/wp-content\/uploads\/2024\/04\/calzoncillos-boxer-antirradiacion-bloquea-todas-las-radiaciones-ayurbio.jpg","width":2000,"height":2000},{"@type":"BreadcrumbList","@id":"https:\/\/ayur.bio\/kaufen\/calzoncillos-anti-radiacion-hombre-boxer-proteccion-emf-y-rf-contra-radiacion-100-fibra-de-plata-ayurbio-short-antirradiacion-blindaje-nuclear-faraday-frente-a-ondas-electromagneticas-5g-wifi-te\/#breadcrumb","itemListElement":[{"@type":"ListItem","position":1,"name":"Portada","item":"https:\/\/ayur.bio\/de\/"},{"@type":"ListItem","position":2,"name":"Shop","item":"https:\/\/ayur.bio\/tienda\/"},{"@type":"ListItem","position":3,"name":"Anti-Strahlungs-Slips f\u00fcr M\u00e4nner. Boxer EMF und RF Strahlungsschutz 100% Silberfaser. Ayurbio Short Antirradiation. Faradaysche Nuklearabschirmung gegen elektromagnetische Wellen, 5G, WIFI, Telefon, Antennen."}]},{"@type":"WebSite","@id":"https:\/\/ayur.bio\/fr\/#website","url":"https:\/\/ayur.bio\/fr\/","name":"Ayurbio Wear","description":"","potentialAction":[{"@type":"SearchAction","target":{"@type":"EntryPoint","urlTemplate":"https:\/\/ayur.bio\/fr\/?s={search_term_string}"},"query-input":{"@type":"PropertyValueSpecification","valueRequired":true,"valueName":"search_term_string"}}],"inLanguage":"de"}]}},"jetpack_sharing_enabled":true,"_links":{"self":[{"href":"https:\/\/ayur.bio\/de\/wp-json\/wp\/v2\/product\/5985","targetHints":{"allow":["GET"]}}],"collection":[{"href":"https:\/\/ayur.bio\/de\/wp-json\/wp\/v2\/product"}],"about":[{"href":"https:\/\/ayur.bio\/de\/wp-json\/wp\/v2\/types\/product"}],"replies":[{"embeddable":true,"href":"https:\/\/ayur.bio\/de\/wp-json\/wp\/v2\/comments?post=5985"}],"wp:featuredmedia":[{"embeddable":true,"href":"https:\/\/ayur.bio\/de\/wp-json\/wp\/v2\/media\/5252"}],"wp:attachment":[{"href":"https:\/\/ayur.bio\/de\/wp-json\/wp\/v2\/media?parent=5985"}],"wp:term":[{"taxonomy":"product_brand","embeddable":true,"href":"https:\/\/ayur.bio\/de\/wp-json\/wp\/v2\/product_brand?post=5985"},{"taxonomy":"product_cat","embeddable":true,"href":"https:\/\/ayur.bio\/de\/wp-json\/wp\/v2\/product_cat?post=5985"},{"taxonomy":"product_tag","embeddable":true,"href":"https:\/\/ayur.bio\/de\/wp-json\/wp\/v2\/product_tag?post=5985"}],"curies":[{"name":"wp","href":"https:\/\/api.w.org\/{rel}","templated":true}]}}