{"id":6044,"date":"2022-04-12T08:23:50","date_gmt":"2022-04-12T06:23:50","guid":{"rendered":"https:\/\/ayur.bio\/rueckgabe-und-umtausch\/"},"modified":"2024-05-14T07:52:06","modified_gmt":"2024-05-14T05:52:06","slug":"rueckgabe-und-umtausch","status":"publish","type":"page","link":"https:\/\/ayur.bio\/de\/rueckgabe-und-umtausch\/","title":{"rendered":"R\u00fcckgabe und Umtausch"},"content":{"rendered":"\t\t<div data-elementor-type=\"wp-page\" data-elementor-id=\"6044\" class=\"elementor elementor-6044 elementor-2811\">\n\t\t\t\t<div class=\"elementor-element elementor-element-70f4cb2 e-flex e-con-boxed e-con e-parent\" data-id=\"70f4cb2\" data-element_type=\"container\">\n\t\t\t\t\t<div class=\"e-con-inner\">\n\t\t\t\t<div class=\"elementor-element elementor-element-a5467bb elementor-widget elementor-widget-heading\" data-id=\"a5467bb\" data-element_type=\"widget\" data-widget_type=\"heading.default\">\n\t\t\t\t<div class=\"elementor-widget-container\">\n\t\t\t\t\t<h2 class=\"elementor-heading-title elementor-size-default\">R\u00fcckgabe und Umtausch<\/h2>\t\t\t\t<\/div>\n\t\t\t\t<\/div>\n\t\t\t\t<div class=\"elementor-element elementor-element-244b1b1 elementor-widget elementor-widget-text-editor\" data-id=\"244b1b1\" data-element_type=\"widget\" data-widget_type=\"text-editor.default\">\n\t\t\t\t<div class=\"elementor-widget-container\">\n\t\t\t\t\t\t\t\t\t<p>Sie k\u00f6nnen die in Ihrer Bestellung enthaltenen Produkte innerhalb von 14 Kalendertagen nach Erhalt der Produkte umtauschen oder zur\u00fcckgeben, und wir werden Ihnen den Kaufpreis erstatten oder einen Umtausch veranlassen. Sie k\u00f6nnen dies online \u00fcber unser <strong><span style=\"text-decoration: underline;\"><a href=\"https:\/\/tracking.eu-central-1-0.sendcloud.sc\/\" target=\"_blank\" rel=\"noopener\">Retourenportal<\/a><\/span><\/strong> oder per E-Mail an uns tun <a href=\"mailto:info@ayur.bio\" target=\"_blank\" rel=\"noopener\"><strong><span style=\"text-decoration: underline;\">info@ayur.bio<\/span><\/strong><\/a><\/p>\n\t\t\t\t\t\t\t\t<\/div>\n\t\t\t\t<\/div>\n\t\t\t\t\t<\/div>\n\t\t\t\t<\/div>\n\t\t<div class=\"elementor-element elementor-element-097e292 e-flex e-con-boxed e-con e-parent\" data-id=\"097e292\" data-element_type=\"container\">\n\t\t\t\t\t<div class=\"e-con-inner\">\n\t\t\t\t<div class=\"elementor-element elementor-element-096a697 elementor-widget elementor-widget-heading\" data-id=\"096a697\" data-element_type=\"widget\" data-widget_type=\"heading.default\">\n\t\t\t\t<div class=\"elementor-widget-container\">\n\t\t\t\t\t<h3 class=\"elementor-heading-title elementor-size-default\">Wie kann ich mein Produkt umtauschen?<\/h3>\t\t\t\t<\/div>\n\t\t\t\t<\/div>\n\t\t\t\t<div class=\"elementor-element elementor-element-927c3d2 elementor-widget elementor-widget-text-editor\" data-id=\"927c3d2\" data-element_type=\"widget\" data-widget_type=\"text-editor.default\">\n\t\t\t\t<div class=\"elementor-widget-container\">\n\t\t\t\t\t\t\t\t\t<p>Wenn Sie das falsche Produkt bestellt haben, wenn das Produkt besch\u00e4digt oder defekt angekommen ist, k\u00f6nnen Sie es <strong>kostenlos<\/strong> gegen ein anderes austauschen! Sie k\u00f6nnen dies \u00fcber unser <span style=\"text-decoration: underline;\"><strong><a href=\"https:\/\/tracking.eu-central-1-0.sendcloud.sc\/\" target=\"_blank\" rel=\"noopener\">Retourenportal<\/a><\/strong><\/span> tun oder uns unter <a href=\"mailto:info@ayur.bio\"><strong><span style=\"text-decoration: underline;\">info@ayur.bio<\/span><\/strong><\/a> schreiben, um Ratschl\u00e4ge und Produktempfehlungen zu erhalten. Denken Sie daran, dass Sie das Produkt gegen ein anderes Produkt mit dem gleichen oder einem niedrigeren UVP umtauschen k\u00f6nnen und Ihnen in diesem Fall der Differenzbetrag erstattet wird.<\/p>\n<p>Sie erhalten das R\u00fccksendeetikett und m\u00fcssen die Bestellung in demselben Karton aufbewahren, in dem wir sie Ihnen geschickt haben, damit sie gut gesch\u00fctzt ankommt, und zusammen mit dem Etikett, das wir Ihnen kostenlos zur Verf\u00fcgung stellen, <strong> zur n\u00e4chsten Poststelle bringen!<\/strong><\/p>\n\t\t\t\t\t\t\t\t<\/div>\n\t\t\t\t<\/div>\n\t\t\t\t\t<\/div>\n\t\t\t\t<\/div>\n\t\t<div class=\"elementor-element elementor-element-3960a51 e-flex e-con-boxed e-con e-parent\" data-id=\"3960a51\" data-element_type=\"container\">\n\t\t\t\t\t<div class=\"e-con-inner\">\n\t\t\t\t<div class=\"elementor-element elementor-element-41c832b elementor-widget elementor-widget-heading\" data-id=\"41c832b\" data-element_type=\"widget\" data-widget_type=\"heading.default\">\n\t\t\t\t<div class=\"elementor-widget-container\">\n\t\t\t\t\t<h3 class=\"elementor-heading-title elementor-size-default\">Wie kann ich ein Produkt zur\u00fcckgeben?<\/h3>\t\t\t\t<\/div>\n\t\t\t\t<\/div>\n\t\t\t\t<div class=\"elementor-element elementor-element-c7610f7 elementor-widget elementor-widget-text-editor\" data-id=\"c7610f7\" data-element_type=\"widget\" data-widget_type=\"text-editor.default\">\n\t\t\t\t<div class=\"elementor-widget-container\">\n\t\t\t\t\t\t\t\t\t<p>Folgen Sie diesen Schritten:<\/p>\n<ol>\n<li>Gehen Sie zu unserem <strong><span style=\"text-decoration: underline;\"><a href=\"https:\/\/tracking.eu-central-1-0.sendcloud.sc\/\" target=\"_blank\" rel=\"noopener\">Retourenportal<\/a><\/span><\/strong> und befolgen Sie die nachstehenden Schritte.<\/li>\n<li>Bereiten Sie das Paket vor und geben Sie es zusammen mit dem von uns zur Verf\u00fcgung gestellten Etikett bei der n\u00e4chstgelegenen Poststelle ab. <strong>Ohne Kosten f\u00fcr Sie!<\/strong><\/li>\n<li>Wir werden die R\u00fcckerstattung bearbeiten, sobald sie bei uns eingeht, und Sie per E-Mail benachrichtigen.<\/li>\n<\/ol>\t\t\t\t\t\t\t\t<\/div>\n\t\t\t\t<\/div>\n\t\t\t\t\t<\/div>\n\t\t\t\t<\/div>\n\t\t<div class=\"elementor-element elementor-element-fa9a4c2 e-flex e-con-boxed e-con e-parent\" data-id=\"fa9a4c2\" data-element_type=\"container\">\n\t\t\t\t\t<div class=\"e-con-inner\">\n\t\t\t\t<div class=\"elementor-element elementor-element-ca71383 elementor-widget elementor-widget-heading\" data-id=\"ca71383\" data-element_type=\"widget\" data-widget_type=\"heading.default\">\n\t\t\t\t<div class=\"elementor-widget-container\">\n\t\t\t\t\t<h3 class=\"elementor-heading-title elementor-size-default\">Was passiert, wenn das Produkt defekt ist oder nicht mit der gekauften Referenz \u00fcbereinstimmt?<\/h3>\t\t\t\t<\/div>\n\t\t\t\t<\/div>\n\t\t\t\t<div class=\"elementor-element elementor-element-fe76759 elementor-widget elementor-widget-text-editor\" data-id=\"fe76759\" data-element_type=\"widget\" data-widget_type=\"text-editor.default\">\n\t\t\t\t<div class=\"elementor-widget-container\">\n\t\t\t\t\t\t\t\t\t<p>Vollst\u00e4ndige Garantie! Wir k\u00fcmmern uns um den gesamten Prozess ganz einfach und ohne Kosten f\u00fcr Sie, denn wir m\u00f6chten, dass Sie mit Ihren Produkten zu 100 % zufrieden sind.<\/p>\n<p>Kontaktieren Sie uns unter <a href=\"mailto:info@ayur.bio\" target=\"_blank\" rel=\"noopener\"><span style=\"text-decoration: underline;\"><strong>info@ayur.bio<\/strong><\/span><\/a> mit Ihren Bestelldaten und teilen Sie uns mit, was passiert ist, damit wir das Problem schnell l\u00f6sen k\u00f6nnen.<\/p>\n<p><em>*Die R\u00fcckgabe oder der Umtausch ist f\u00fcr Spanien immer kostenlos. Bei R\u00fccksendungen in das \u00fcbrige Europa k\u00f6nnen Zollkosten anfallen.<\/em><\/p>\n\t\t\t\t\t\t\t\t<\/div>\n\t\t\t\t<\/div>\n\t\t\t\t\t<\/div>\n\t\t\t\t<\/div>\n\t\t\t\t<\/div>\n\t\t","protected":false},"excerpt":{"rendered":"<p>R\u00fcckgabe und Umtausch Sie k\u00f6nnen die in Ihrer Bestellung enthaltenen Produkte innerhalb von 14 Kalendertagen nach Erhalt der Produkte umtauschen oder zur\u00fcckgeben, und wir werden Ihnen den Kaufpreis erstatten oder einen Umtausch veranlassen. Sie k\u00f6nnen dies online \u00fcber unser Retourenportal oder per E-Mail an uns tun info@ayur.bio Wie kann ich mein Produkt umtauschen? Wenn Sie<\/p>\n<div class=\"klb-readmore entry-button\"><a class=\"btn link\" href=\"https:\/\/ayur.bio\/de\/rueckgabe-und-umtausch\/\">Read More <i class=\"klbth-icon-right-arrow\"><\/i><\/a><\/div>\n","protected":false},"author":1,"featured_media":0,"parent":0,"menu_order":0,"comment_status":"closed","ping_status":"closed","template":"","meta":{"_themeisle_gutenberg_block_has_review":false,"footnotes":""},"class_list":["post-6044","page","type-page","status-publish","hentry"],"yoast_head":"<!-- This site is optimized with the Yoast SEO plugin v24.8.1 - https:\/\/yoast.com\/wordpress\/plugins\/seo\/ -->\n<title>R\u00fcckgabe und Umtausch - Ayurbio Wear<\/title>\n<meta name=\"robots\" content=\"index, follow, max-snippet:-1, max-image-preview:large, max-video-preview:-1\" \/>\n<link rel=\"canonical\" href=\"https:\/\/ayur.bio\/cambios-y-devoluciones\/\" \/>\n<meta property=\"og:locale\" content=\"de_DE\" \/>\n<meta property=\"og:type\" content=\"article\" \/>\n<meta property=\"og:title\" content=\"R\u00fcckgabe und Umtausch - Ayurbio Wear\" \/>\n<meta property=\"og:description\" content=\"R\u00fcckgabe und Umtausch Sie k\u00f6nnen die in Ihrer Bestellung enthaltenen Produkte innerhalb von 14 Kalendertagen nach Erhalt der Produkte umtauschen oder zur\u00fcckgeben, und wir werden Ihnen den Kaufpreis erstatten oder einen Umtausch veranlassen. Sie k\u00f6nnen dies online \u00fcber unser Retourenportal oder per E-Mail an uns tun info@ayur.bio Wie kann ich mein Produkt umtauschen? Wenn SieRead More\" \/>\n<meta property=\"og:url\" content=\"https:\/\/ayur.bio\/cambios-y-devoluciones\/\" \/>\n<meta property=\"og:site_name\" content=\"Ayurbio Wear\" \/>\n<meta property=\"article:modified_time\" content=\"2024-05-14T05:52:06+00:00\" \/>\n<meta name=\"twitter:card\" content=\"summary_large_image\" \/>\n<meta name=\"twitter:label1\" content=\"Gesch\u00e4tzte Lesezeit\" \/>\n\t<meta name=\"twitter:data1\" content=\"2\u00a0Minuten\" \/>\n<script type=\"application\/ld+json\" class=\"yoast-schema-graph\">{\"@context\":\"https:\/\/schema.org\",\"@graph\":[{\"@type\":\"WebPage\",\"@id\":\"https:\/\/ayur.bio\/cambios-y-devoluciones\/\",\"url\":\"https:\/\/ayur.bio\/cambios-y-devoluciones\/\",\"name\":\"R\u00fcckgabe und Umtausch - Ayurbio Wear\",\"isPartOf\":{\"@id\":\"https:\/\/ayur.bio\/fr\/#website\"},\"datePublished\":\"2022-04-12T06:23:50+00:00\",\"dateModified\":\"2024-05-14T05:52:06+00:00\",\"breadcrumb\":{\"@id\":\"https:\/\/ayur.bio\/cambios-y-devoluciones\/#breadcrumb\"},\"inLanguage\":\"de\",\"potentialAction\":[{\"@type\":\"ReadAction\",\"target\":[\"https:\/\/ayur.bio\/cambios-y-devoluciones\/\"]}]},{\"@type\":\"BreadcrumbList\",\"@id\":\"https:\/\/ayur.bio\/cambios-y-devoluciones\/#breadcrumb\",\"itemListElement\":[{\"@type\":\"ListItem\",\"position\":1,\"name\":\"Portada\",\"item\":\"https:\/\/ayur.bio\/de\/\"},{\"@type\":\"ListItem\",\"position\":2,\"name\":\"R\u00fcckgabe und Umtausch\"}]},{\"@type\":\"WebSite\",\"@id\":\"https:\/\/ayur.bio\/fr\/#website\",\"url\":\"https:\/\/ayur.bio\/fr\/\",\"name\":\"Ayurbio Wear\",\"description\":\"\",\"potentialAction\":[{\"@type\":\"SearchAction\",\"target\":{\"@type\":\"EntryPoint\",\"urlTemplate\":\"https:\/\/ayur.bio\/fr\/?s={search_term_string}\"},\"query-input\":{\"@type\":\"PropertyValueSpecification\",\"valueRequired\":true,\"valueName\":\"search_term_string\"}}],\"inLanguage\":\"de\"}]}<\/script>\n<!-- \/ Yoast SEO plugin. -->","yoast_head_json":{"title":"R\u00fcckgabe und Umtausch - Ayurbio Wear","robots":{"index":"index","follow":"follow","max-snippet":"max-snippet:-1","max-image-preview":"max-image-preview:large","max-video-preview":"max-video-preview:-1"},"canonical":"https:\/\/ayur.bio\/cambios-y-devoluciones\/","og_locale":"de_DE","og_type":"article","og_title":"R\u00fcckgabe und Umtausch - Ayurbio Wear","og_description":"R\u00fcckgabe und Umtausch Sie k\u00f6nnen die in Ihrer Bestellung enthaltenen Produkte innerhalb von 14 Kalendertagen nach Erhalt der Produkte umtauschen oder zur\u00fcckgeben, und wir werden Ihnen den Kaufpreis erstatten oder einen Umtausch veranlassen. Sie k\u00f6nnen dies online \u00fcber unser Retourenportal oder per E-Mail an uns tun info@ayur.bio Wie kann ich mein Produkt umtauschen? Wenn SieRead More","og_url":"https:\/\/ayur.bio\/cambios-y-devoluciones\/","og_site_name":"Ayurbio Wear","article_modified_time":"2024-05-14T05:52:06+00:00","twitter_card":"summary_large_image","twitter_misc":{"Gesch\u00e4tzte Lesezeit":"2\u00a0Minuten"},"schema":{"@context":"https:\/\/schema.org","@graph":[{"@type":"WebPage","@id":"https:\/\/ayur.bio\/cambios-y-devoluciones\/","url":"https:\/\/ayur.bio\/cambios-y-devoluciones\/","name":"R\u00fcckgabe und Umtausch - Ayurbio Wear","isPartOf":{"@id":"https:\/\/ayur.bio\/fr\/#website"},"datePublished":"2022-04-12T06:23:50+00:00","dateModified":"2024-05-14T05:52:06+00:00","breadcrumb":{"@id":"https:\/\/ayur.bio\/cambios-y-devoluciones\/#breadcrumb"},"inLanguage":"de","potentialAction":[{"@type":"ReadAction","target":["https:\/\/ayur.bio\/cambios-y-devoluciones\/"]}]},{"@type":"BreadcrumbList","@id":"https:\/\/ayur.bio\/cambios-y-devoluciones\/#breadcrumb","itemListElement":[{"@type":"ListItem","position":1,"name":"Portada","item":"https:\/\/ayur.bio\/de\/"},{"@type":"ListItem","position":2,"name":"R\u00fcckgabe und Umtausch"}]},{"@type":"WebSite","@id":"https:\/\/ayur.bio\/fr\/#website","url":"https:\/\/ayur.bio\/fr\/","name":"Ayurbio Wear","description":"","potentialAction":[{"@type":"SearchAction","target":{"@type":"EntryPoint","urlTemplate":"https:\/\/ayur.bio\/fr\/?s={search_term_string}"},"query-input":{"@type":"PropertyValueSpecification","valueRequired":true,"valueName":"search_term_string"}}],"inLanguage":"de"}]}},"jetpack_sharing_enabled":true,"_links":{"self":[{"href":"https:\/\/ayur.bio\/de\/wp-json\/wp\/v2\/pages\/6044","targetHints":{"allow":["GET"]}}],"collection":[{"href":"https:\/\/ayur.bio\/de\/wp-json\/wp\/v2\/pages"}],"about":[{"href":"https:\/\/ayur.bio\/de\/wp-json\/wp\/v2\/types\/page"}],"author":[{"embeddable":true,"href":"https:\/\/ayur.bio\/de\/wp-json\/wp\/v2\/users\/1"}],"replies":[{"embeddable":true,"href":"https:\/\/ayur.bio\/de\/wp-json\/wp\/v2\/comments?post=6044"}],"version-history":[{"count":1,"href":"https:\/\/ayur.bio\/de\/wp-json\/wp\/v2\/pages\/6044\/revisions"}],"predecessor-version":[{"id":6045,"href":"https:\/\/ayur.bio\/de\/wp-json\/wp\/v2\/pages\/6044\/revisions\/6045"}],"wp:attachment":[{"href":"https:\/\/ayur.bio\/de\/wp-json\/wp\/v2\/media?parent=6044"}],"curies":[{"name":"wp","href":"https:\/\/api.w.org\/{rel}","templated":true}]}}