{"id":5845,"date":"2024-04-23T11:48:21","date_gmt":"2024-04-23T09:48:21","guid":{"rendered":"https:\/\/ayur.bio\/cookie-richtlinie\/"},"modified":"2024-04-30T12:01:07","modified_gmt":"2024-04-30T10:01:07","slug":"cookie-richtlinie","status":"publish","type":"page","link":"https:\/\/ayur.bio\/de\/cookie-richtlinie\/","title":{"rendered":"Cookie-Richtlinie"},"content":{"rendered":"<p>Ein Cookie ist eine Datei, die auf Ihren Computer heruntergeladen wird, wenn Sie bestimmte Webseiten aufrufen. Cookies erm\u00f6glichen es einer Website unter anderem, Informationen \u00fcber die Surfgewohnheiten eines Nutzers oder seines Ger\u00e4ts zu speichern und abzurufen, und je nach den enthaltenen Informationen und der Art und Weise, wie er sein Ger\u00e4t benutzt, k\u00f6nnen sie zur Wiedererkennung des Nutzers verwendet werden.<\/p><p>Die Website von NORTEM CHEM, S.A. verwendet eigene Cookies und Cookies von Drittanbietern, die alle in den Zust\u00e4ndigkeitsbereich von <strong>\u201cayur.bio\u201d<\/strong><\/p><p><strong>A.- ARTEN VON COOKIES.<\/strong><\/p><p><strong>1.- Arten von Cookies, abh\u00e4ngig von der Einrichtung, die sie verwaltet: <\/strong><\/p><p>a) Eigene Cookies: Es handelt sich um Cookies, die von einem Computer oder einer Dom\u00e4ne, die vom Herausgeber selbst verwaltet wird und von der aus der vom Benutzer angeforderte Dienst erbracht wird, an das Endger\u00e4t des Benutzers gesendet werden.<\/p><p>b) Cookies von Dritten: Hierbei handelt es sich um Cookies, die von einem Computer oder einer Dom\u00e4ne, die nicht vom Herausgeber verwaltet werden, sondern von einer anderen Einheit, die die durch die Cookies erhaltenen Daten verarbeitet, an das Endger\u00e4t des Benutzers gesendet werden.<\/p><p><strong>2.- Arten von Cookies, je nach ihrem Zweck: <\/strong><\/p><p>a) Technische Cookies: Diese erm\u00f6glichen es dem Nutzer, auf der Website, der Plattform oder der Anwendung zu surfen und die verschiedenen Optionen oder Dienste zu nutzen, die dort angeboten werden.<\/p><p>b) Analyse-Cookies: Dies sind Cookies, die es dem Verantwortlichen erm\u00f6glichen, das Verhalten der Nutzer der Websites, mit denen sie verkn\u00fcpft sind, zu beobachten und zu analysieren.<\/p><p>c) Personalisierungs-Cookies: Diese Cookies speichern Informationen \u00fcber das Verhalten der Nutzer, die durch die Aufzeichnung ihrer Surfgewohnheiten gewonnen werden und die es erm\u00f6glichen, ein spezifisches Profil zu erstellen, um kommerzielle Informationen anzubieten, die auf ihren Geschmack und ihre Vorlieben abgestimmt sind. Sie speichern Informationen wie die Art der Verbindung, die Sprache, das Surfverhalten oder den Standort.<\/p><p>d) Cookies f\u00fcr verhaltensbasierte Werbung: Es handelt sich um Cookies, die Informationen \u00fcber das Verhalten der Nutzer speichern, die durch die kontinuierliche Beobachtung ihrer Surfgewohnheiten gewonnen werden und die es erm\u00f6glichen, ein spezifisches Profil zu erstellen, um auf dieser Grundlage Werbung anzuzeigen.<\/p><p><strong>3. die Arten von Cookies, je nachdem, wie lange sie aktiv bleiben: <\/strong><\/p><p>a) Sitzungs-Cookies: Diese sind dazu bestimmt, Daten zu sammeln und zu speichern, w\u00e4hrend der Nutzer auf eine Webseite zugreift. Sie werden in der Regel f\u00fcr die Erbringung der vom Nutzer angeforderten Dienstleistung bei einer einzigen Gelegenheit verwendet.<\/p><p>b) Dauerhafte Cookies: Diese sind so konzipiert, dass die Daten auf dem Endger\u00e4t gespeichert bleiben und f\u00fcr einen von der f\u00fcr das Cookie verantwortlichen Partei festgelegten Zeitraum, der von einigen Minuten bis zu mehreren Jahren reichen kann, abgerufen und verarbeitet werden k\u00f6nnen.<\/p><p><strong><u>COOKIES VERWENDET IN <\/u><\/strong><a href=\"http:\/\/www.nortembio.com\/\"><strong>www.ayur.bio<\/strong><\/a><\/p><figure class=\"wp-block-table\"><table><tbody><tr><td><strong>NAME COOKIE<\/strong><\/td><td><strong>KUCHENTYP<\/strong><\/td><td><strong>EXPIRY<\/strong><\/td><td><strong>BESCHREIBUNG<\/strong><\/td><\/tr><tr><td>_gid<\/td><td>Analytik<\/td><td>1 Tag<\/td><td>Enth\u00e4lt eine eindeutige Kennung, die von Google Analytics verwendet wird, um festzustellen, dass zwei verschiedene Treffer \u00fcber mehrere Browsing-Sitzungen hinweg zu demselben Nutzer geh\u00f6ren.<\/td><\/tr><tr><td>_gat_*<\/td><td>Analytik<\/td><td>1 Stunde<\/td><td>Wird von Google Analytics verwendet, um die Anfragerate zu drosseln (Begrenzung der Datenerfassung auf stark frequentierten Websites)<\/td><\/tr><tr><td>_ga_*<\/td><td>Analytik<\/td><td>730 Tage<\/td><td>Enth\u00e4lt einen eindeutigen Bezeichner, der von Google Analytics 4 verwendet wird, um festzustellen, dass zwei verschiedene Treffer \u00fcber Browsing-Sitzungen hinweg zu demselben Nutzer geh\u00f6ren.<\/td><\/tr><tr><td>_ga<\/td><td>Analytik<\/td><td>730 Tage<\/td><td>Enth\u00e4lt eine eindeutige Kennung, die von Google Analytics verwendet wird, um festzustellen, dass zwei verschiedene Treffer \u00fcber mehrere Browsing-Sitzungen hinweg zu demselben Nutzer geh\u00f6ren.<\/td><\/tr><\/tbody><\/table><\/figure><p><strong><u>B- COOKIE-VERWALTUNG.<\/u><\/strong><\/p><p><strong>1.- Warum sollte ich Cookies zulassen?<\/strong><\/p><p>Wenn Sie Cookies zulassen, k\u00f6nnen Sie unsere Website besser nutzen.<\/p><p>Dar\u00fcber hinaus gibt es einige grundlegende Aktionen, f\u00fcr die (technische) Cookies erforderlich sind und die es der Website erm\u00f6glichen, ihre Funktionalit\u00e4ten zu entwickeln.<\/p><p><strong>2.- Was passiert, wenn ich Cookies blockiere?<\/strong><\/p><p>Wenn Sie sich daf\u00fcr entscheiden, Cookies zu blockieren, kann dies dazu f\u00fchren, dass einige Funktionen der Website nicht richtig funktionieren. Dies schr\u00e4nkt die M\u00f6glichkeiten ein, die Sie darin haben.<\/p><p>Wenn Sie diese Einschr\u00e4nkungen akzeptieren und sich entscheiden, Cookies zu blockieren, folgen Sie bitte den Anweisungen f\u00fcr Ihren Browser im n\u00e4chsten Abschnitt.<\/p><p><strong>3.- Wie kann ich Cookies blockieren oder zulassen?<\/strong><\/p><p>Sie k\u00f6nnen die auf Ihrem Computer installierten Cookies zulassen, kennen, blockieren oder l\u00f6schen, indem Sie die auf Ihrem Computer installierten Browseroptionen konfigurieren.<\/p><p>Informationen dazu finden Sie in der Tasche, die Sie als Browser verwenden:<\/p><p>Chrom, von<\/p><p><a href=\"http:\/\/support.google.com\/chrome\/bin\/answer.py?hl=es&amp;answer=95647\">http:\/\/support.google.com\/chrome\/bin\/answer.py?hl=es&amp;answer=95647<\/a><\/p><p>Explorer, von<\/p><p><a href=\"http:\/\/windows.microsoft.com\/es-es\/windows7\/how-to-manage-cookies-in-internet-explorer-9\">http:\/\/windows.microsoft.com\/es-es\/windows7\/how-to-manage-cookies-in-internet-explorer-9<\/a><\/p><p>Firefox, von<\/p><p><a href=\"https:\/\/support.mozilla.org\/es\/kb\/habilitar-y-deshabilitar-cookies-sitios-web-rastrear-preferencias\">https:\/\/support.mozilla.org\/es\/kb\/habilitar-y-deshabilitar-cookies-sitios-web-rastrear-preferencias<\/a><\/p><p>Safari, von<\/p><p><a href=\"http:\/\/support.apple.com\/kb\/ph5042\">http:\/\/support.apple.com\/kb\/ph5042<\/a><\/p><p>Oper, von<\/p><p><a href=\"http:\/\/www.opera.com\/help\/tutorials\/security\/privacy\/\">http:\/\/www.opera.com\/help\/tutorials\/security\/privacy\/<\/a><\/p><p><strong><u>PRIVATSPH\u00c4RE UND DATENVERARBEITUNG<\/u><\/strong><\/p><p>Das UNTERNEHMEN verarbeitet Ihre personenbezogenen Daten gem\u00e4\u00df den Bestimmungen der Verordnung (EU) 2016\/679 des Europ\u00e4ischen Parlaments und des Rates vom 27. April 2016 zum Schutz nat\u00fcrlicher Personen bei der Verarbeitung personenbezogener Daten, zum freien Datenverkehr und zur Aufhebung der Richtlinie 95\/46\/EG (Datenschutz-Grundverordnung) und LO 3\/2018. Die Informationen \u00fcber Ihre pers\u00f6nlichen Daten gem\u00e4\u00df Artikel 13, Absatz 2 der oben genannten Verordnung und dem LO 3\/2018 k\u00f6nnen unter folgendem Link eingesehen werden <a href=\"https:\/\/ayur.bio\/de\/datenschutzbestimmungen\/\" data-type=\"URL\" data-id=\"https:\/\/nortembio.com\/politica-privacidad\/\">[LINK]<\/a>.<\/p><p><strong><u>ZUGANG ZU DATEN<\/u><\/strong><\/p><p>Cookies auf unserer Website werden verwendet von:<\/p><ul class=\"wp-block-list\"><li>Der Eigent\u00fcmer der Website ist NORTEM CHEM, S.A., mit CIF A95234191 und Sitz in P.I. Las Salinas, Calle Alexander Humboldt n\u00ba 12 &#8211; 11500 El Puerto de Santa Mar\u00eda (C\u00e1diz).<\/li>\n\n<li>GOOGLE INC., 1600 Amphitheatre Parkway, Mountain View (Kalifornien), CA 94043, USA<\/li><\/ul>","protected":false},"excerpt":{"rendered":"<p>Ein Cookie ist eine Datei, die auf Ihren Computer heruntergeladen wird, wenn Sie bestimmte Webseiten aufrufen. Cookies erm\u00f6glichen es einer Website unter anderem, Informationen \u00fcber die Surfgewohnheiten eines Nutzers oder seines Ger\u00e4ts zu speichern und abzurufen, und je nach den enthaltenen Informationen und der Art und Weise, wie er sein Ger\u00e4t benutzt, k\u00f6nnen sie zur<\/p>\n<div class=\"klb-readmore entry-button\"><a class=\"btn link\" href=\"https:\/\/ayur.bio\/de\/cookie-richtlinie\/\">Read More <i class=\"klbth-icon-right-arrow\"><\/i><\/a><\/div>\n","protected":false},"author":4,"featured_media":0,"parent":0,"menu_order":0,"comment_status":"closed","ping_status":"closed","template":"","meta":{"_themeisle_gutenberg_block_has_review":false,"footnotes":""},"class_list":["post-5845","page","type-page","status-publish","hentry"],"yoast_head":"<!-- This site is optimized with the Yoast SEO plugin v24.8.1 - https:\/\/yoast.com\/wordpress\/plugins\/seo\/ -->\n<title>Cookie-Richtlinie - Ayurbio Wear<\/title>\n<meta name=\"robots\" content=\"index, follow, max-snippet:-1, max-image-preview:large, max-video-preview:-1\" \/>\n<link rel=\"canonical\" href=\"https:\/\/ayur.bio\/politicas-de-cookies\/\" \/>\n<meta property=\"og:locale\" content=\"de_DE\" \/>\n<meta property=\"og:type\" content=\"article\" \/>\n<meta property=\"og:title\" content=\"Cookie-Richtlinie - Ayurbio Wear\" \/>\n<meta property=\"og:description\" content=\"Ein Cookie ist eine Datei, die auf Ihren Computer heruntergeladen wird, wenn Sie bestimmte Webseiten aufrufen. Cookies erm\u00f6glichen es einer Website unter anderem, Informationen \u00fcber die Surfgewohnheiten eines Nutzers oder seines Ger\u00e4ts zu speichern und abzurufen, und je nach den enthaltenen Informationen und der Art und Weise, wie er sein Ger\u00e4t benutzt, k\u00f6nnen sie zurRead More\" \/>\n<meta property=\"og:url\" content=\"https:\/\/ayur.bio\/politicas-de-cookies\/\" \/>\n<meta property=\"og:site_name\" content=\"Ayurbio Wear\" \/>\n<meta property=\"article:modified_time\" content=\"2024-04-30T10:01:07+00:00\" \/>\n<meta name=\"twitter:card\" content=\"summary_large_image\" \/>\n<meta name=\"twitter:label1\" content=\"Gesch\u00e4tzte Lesezeit\" \/>\n\t<meta name=\"twitter:data1\" content=\"4\u00a0Minuten\" \/>\n<script type=\"application\/ld+json\" class=\"yoast-schema-graph\">{\"@context\":\"https:\/\/schema.org\",\"@graph\":[{\"@type\":\"WebPage\",\"@id\":\"https:\/\/ayur.bio\/politicas-de-cookies\/\",\"url\":\"https:\/\/ayur.bio\/politicas-de-cookies\/\",\"name\":\"Cookie-Richtlinie - Ayurbio Wear\",\"isPartOf\":{\"@id\":\"https:\/\/ayur.bio\/fr\/#website\"},\"datePublished\":\"2024-04-23T09:48:21+00:00\",\"dateModified\":\"2024-04-30T10:01:07+00:00\",\"breadcrumb\":{\"@id\":\"https:\/\/ayur.bio\/politicas-de-cookies\/#breadcrumb\"},\"inLanguage\":\"de\",\"potentialAction\":[{\"@type\":\"ReadAction\",\"target\":[\"https:\/\/ayur.bio\/politicas-de-cookies\/\"]}]},{\"@type\":\"BreadcrumbList\",\"@id\":\"https:\/\/ayur.bio\/politicas-de-cookies\/#breadcrumb\",\"itemListElement\":[{\"@type\":\"ListItem\",\"position\":1,\"name\":\"Portada\",\"item\":\"https:\/\/ayur.bio\/de\/\"},{\"@type\":\"ListItem\",\"position\":2,\"name\":\"Cookie-Richtlinie\"}]},{\"@type\":\"WebSite\",\"@id\":\"https:\/\/ayur.bio\/fr\/#website\",\"url\":\"https:\/\/ayur.bio\/fr\/\",\"name\":\"Ayurbio Wear\",\"description\":\"\",\"potentialAction\":[{\"@type\":\"SearchAction\",\"target\":{\"@type\":\"EntryPoint\",\"urlTemplate\":\"https:\/\/ayur.bio\/fr\/?s={search_term_string}\"},\"query-input\":{\"@type\":\"PropertyValueSpecification\",\"valueRequired\":true,\"valueName\":\"search_term_string\"}}],\"inLanguage\":\"de\"}]}<\/script>\n<!-- \/ Yoast SEO plugin. -->","yoast_head_json":{"title":"Cookie-Richtlinie - Ayurbio Wear","robots":{"index":"index","follow":"follow","max-snippet":"max-snippet:-1","max-image-preview":"max-image-preview:large","max-video-preview":"max-video-preview:-1"},"canonical":"https:\/\/ayur.bio\/politicas-de-cookies\/","og_locale":"de_DE","og_type":"article","og_title":"Cookie-Richtlinie - Ayurbio Wear","og_description":"Ein Cookie ist eine Datei, die auf Ihren Computer heruntergeladen wird, wenn Sie bestimmte Webseiten aufrufen. Cookies erm\u00f6glichen es einer Website unter anderem, Informationen \u00fcber die Surfgewohnheiten eines Nutzers oder seines Ger\u00e4ts zu speichern und abzurufen, und je nach den enthaltenen Informationen und der Art und Weise, wie er sein Ger\u00e4t benutzt, k\u00f6nnen sie zurRead More","og_url":"https:\/\/ayur.bio\/politicas-de-cookies\/","og_site_name":"Ayurbio Wear","article_modified_time":"2024-04-30T10:01:07+00:00","twitter_card":"summary_large_image","twitter_misc":{"Gesch\u00e4tzte Lesezeit":"4\u00a0Minuten"},"schema":{"@context":"https:\/\/schema.org","@graph":[{"@type":"WebPage","@id":"https:\/\/ayur.bio\/politicas-de-cookies\/","url":"https:\/\/ayur.bio\/politicas-de-cookies\/","name":"Cookie-Richtlinie - Ayurbio Wear","isPartOf":{"@id":"https:\/\/ayur.bio\/fr\/#website"},"datePublished":"2024-04-23T09:48:21+00:00","dateModified":"2024-04-30T10:01:07+00:00","breadcrumb":{"@id":"https:\/\/ayur.bio\/politicas-de-cookies\/#breadcrumb"},"inLanguage":"de","potentialAction":[{"@type":"ReadAction","target":["https:\/\/ayur.bio\/politicas-de-cookies\/"]}]},{"@type":"BreadcrumbList","@id":"https:\/\/ayur.bio\/politicas-de-cookies\/#breadcrumb","itemListElement":[{"@type":"ListItem","position":1,"name":"Portada","item":"https:\/\/ayur.bio\/de\/"},{"@type":"ListItem","position":2,"name":"Cookie-Richtlinie"}]},{"@type":"WebSite","@id":"https:\/\/ayur.bio\/fr\/#website","url":"https:\/\/ayur.bio\/fr\/","name":"Ayurbio Wear","description":"","potentialAction":[{"@type":"SearchAction","target":{"@type":"EntryPoint","urlTemplate":"https:\/\/ayur.bio\/fr\/?s={search_term_string}"},"query-input":{"@type":"PropertyValueSpecification","valueRequired":true,"valueName":"search_term_string"}}],"inLanguage":"de"}]}},"jetpack_sharing_enabled":true,"_links":{"self":[{"href":"https:\/\/ayur.bio\/de\/wp-json\/wp\/v2\/pages\/5845","targetHints":{"allow":["GET"]}}],"collection":[{"href":"https:\/\/ayur.bio\/de\/wp-json\/wp\/v2\/pages"}],"about":[{"href":"https:\/\/ayur.bio\/de\/wp-json\/wp\/v2\/types\/page"}],"author":[{"embeddable":true,"href":"https:\/\/ayur.bio\/de\/wp-json\/wp\/v2\/users\/4"}],"replies":[{"embeddable":true,"href":"https:\/\/ayur.bio\/de\/wp-json\/wp\/v2\/comments?post=5845"}],"version-history":[{"count":1,"href":"https:\/\/ayur.bio\/de\/wp-json\/wp\/v2\/pages\/5845\/revisions"}],"predecessor-version":[{"id":5846,"href":"https:\/\/ayur.bio\/de\/wp-json\/wp\/v2\/pages\/5845\/revisions\/5846"}],"wp:attachment":[{"href":"https:\/\/ayur.bio\/de\/wp-json\/wp\/v2\/media?parent=5845"}],"curies":[{"name":"wp","href":"https:\/\/api.w.org\/{rel}","templated":true}]}}