{"id":5843,"date":"2022-04-11T10:35:27","date_gmt":"2022-04-11T08:35:27","guid":{"rendered":"https:\/\/ayur.bio\/datenschutzbestimmungen\/"},"modified":"2024-04-30T11:54:22","modified_gmt":"2024-04-30T09:54:22","slug":"datenschutzbestimmungen","status":"publish","type":"page","link":"https:\/\/ayur.bio\/de\/datenschutzbestimmungen\/","title":{"rendered":"Datenschutzbestimmungen"},"content":{"rendered":"<p>Diese Datenschutzerkl\u00e4rung gilt f\u00fcr die Verarbeitung der personenbezogenen Daten von Kunden und\/oder Nutzern der Website www.ayur.bio, deren Verantwortlicher NORTEM CHEM, S.A. ist.<\/p><p><strong>VERTRAULICHKEIT UND DATENSCHUTZ<\/strong><\/p><p>Zweck dieser Datenschutzrichtlinie ist es, Sie \u00fcber Ihre Rechte gem\u00e4\u00df den Bestimmungen der VERORDNUNG (EU) 2016\/679 DES EUROP\u00c4ISCHEN PARLAMENTS UND DES RATES vom 27. April 2016 zum Schutz nat\u00fcrlicher Personen bei der Verarbeitung personenbezogener Daten, zum freien Datenverkehr und zur Aufhebung der Richtlinie 95\/46\/EG (Datenschutz-Grundverordnung) und der LO 3\/2018 zu informieren. Informationen \u00fcber Ihre pers\u00f6nlichen Daten, gem\u00e4\u00df Artikel 13, Absatz 2 der oben genannten Verordnung und LO 3\/2018.<\/p><p>Indem er uns seine Daten zur Verf\u00fcgung stellt, erkl\u00e4rt der Kunde und\/oder Nutzer, dass er die vorliegende Datenschutzerkl\u00e4rung gelesen und zur Kenntnis genommen hat, und gibt seine eindeutige und ausdr\u00fcckliche Zustimmung zur Verarbeitung seiner pers\u00f6nlichen Daten gem\u00e4\u00df den hierin genannten Zwecken und Bedingungen.<\/p><p>NORTEM CHEM, S.A. beh\u00e4lt sich das Recht vor, diese Datenschutzerkl\u00e4rung zu \u00e4ndern, um sie an neue Gesetze, die Rechtsprechung oder die Auslegung der spanischen Datenschutzbeh\u00f6rde anzupassen. Die vorliegenden Datenschutzbestimmungen k\u00f6nnen durch den rechtlichen Hinweis, die Cookies-Politik und die Allgemeinen Gesch\u00e4ftsbedingungen erg\u00e4nzt werden, die gegebenenfalls f\u00fcr bestimmte Produkte oder Dienstleistungen enthalten sind, wenn der Zugang zu diesen eine Besonderheit im Hinblick auf den Schutz personenbezogener Daten darstellt.<\/p><p><strong>GRUNDLEGENDE INFORMATIONEN ZUM DATENSCHUTZ<\/strong><\/p><figure class=\"wp-block-table\"><table><tbody><tr><td><strong>GRUNDLEGENDE INFORMATIONEN ZUM DATENSCHUTZ<\/strong><\/td><\/tr><tr><td>Website<\/td><td>www.ayur.bio<\/td><\/tr><tr><td>Eigent\u00fcmer der Website<\/td><td>NORTEM CHEM, S.A.<strong><em><u><a href=\"https:\/\/ayur.bio\/politica-de-privacidad\/#titular\">+ info<\/a><\/u><\/em><\/strong> <\/td><\/tr><tr><td>Verantwortlicher f\u00fcr die Datenverarbeitung<\/td><td>NORTEM CHEM, S.A., im Folgenden als \u201edas Unternehmen\u201c bezeichnet. <strong><em><u><a href=\"https:\/\/ayur.bio\/politica-de-privacidad\/#responsable\">+ info<\/a><\/u><\/em><\/strong><\/td><\/tr><tr><td>Zweck<\/td><td>Verwaltung, Untersuchung und L\u00f6sung von Anfragen, die \u00fcber die Website gestellt werden. <strong><em><u><a href=\"https:\/\/ayur.bio\/politica-de-privacidad\/#finalidad\">+ info<\/a><\/u><\/em><\/strong><\/td><\/tr><tr><td>Legitimation<\/td><td>Vom Nutzer erteilte Zustimmung <strong><em><u><a href=\"https:\/\/ayur.bio\/politica-de-privacidad\/legitimacion\">+ info<\/a><\/u><\/em><\/strong><\/td><\/tr><tr><td>M\u00fcndigkeitsalter<\/td><td>Der Nutzer best\u00e4tigt, dass er \u00fcber 14 Jahre alt ist und somit \u00fcber die erforderliche Rechtsf\u00e4higkeit verf\u00fcgt, um der Verarbeitung seiner personenbezogenen Daten gem\u00e4\u00df den Bestimmungen der vorliegenden Datenschutzrichtlinie zuzustimmen.<\/td><\/tr><tr><td>Adressaten<\/td><td>Die Daten werden an Dritte weitergegeben, um die in dieser Datenschutzrichtlinie beschriebenen Zwecke zu erf\u00fcllen. Die Daten werden unter keinen Umst\u00e4nden zu anderen als den in diesem Dokument beschriebenen Zwecken an Dritte weitergegeben.<\/td><\/tr><tr><td>Rechte<\/td><td>Zugang, Berichtigung und L\u00f6schung von Daten sowie weitere Rechte, wie in den zus\u00e4tzlichen Informationen erl\u00e4utert.<\/td><\/tr><tr><td>Zus\u00e4tzliche Informationen<\/td><td>Zus\u00e4tzliche und ausf\u00fchrliche Informationen zum Datenschutz k\u00f6nnen Sie hier abrufen. <strong><em><u><a href=\"https:\/\/ayur.bio\/politica-de-privacidad\/#info-adicional\">+ info<\/a><\/u><\/em><\/strong><\/td><\/tr><\/tbody><\/table><\/figure><p id=\"info-adicional\"><strong>ZUS\u00c4TZLICHE INFORMATIONEN ZUM DATENSCHUTZ:<\/strong><\/p><ol class=\"wp-block-list\" style=\"list-style-type:1\" id=\"titular\"><li>1 &#8211; Wer ist der Eigent\u00fcmer dieser Website?<strong><\/strong><\/li><\/ol><figure class=\"wp-block-table\"><table><tbody><tr><td>Identit\u00e4t<\/td><td>NORTEM CHEM, S.A.- CIF: A95234191<strong><\/strong><\/td><\/tr><tr><td>Daten zur Registrierung<\/td><td>Handelsregister von C\u00e1diz, Band 2065, Folio 197, Abschnitt 8, Blatt 44093, Eintrag 7<strong><\/strong><\/td><\/tr><tr><td>Postanschrift<\/td><td>P.I. Las Salinas, Calle Alexander Humboldt n\u00ba 12 &#8211; 11500 El Puerto de Santa Mar\u00eda (C\u00e1diz)<strong><\/strong><\/td><\/tr><tr><td>Telefon<\/td><td>856925095<\/td><\/tr><tr><td>E-Mail Adresse<\/td><td>info@ayur.bio<\/td><\/tr><\/tbody><\/table><\/figure><ol class=\"wp-block-list\" style=\"list-style-type:1\" id=\"responsable\"><li><strong>2 &#8211; Wer ist f\u00fcr die Verarbeitung Ihrer personenbezogenen Daten verantwortlich?<\/strong><\/li><\/ol><figure class=\"wp-block-table\"><table><tbody><tr><td>Identit\u00e4t<\/td><td>NORTEM CHEM, S.A.- CIF: A95234191<\/td><\/tr><tr><td>Daten zur Registrierung<\/td><td>Registro Mercantil de C\u00e1diz, Tomo 2065, Folio 197, Secci\u00f3n 8, Hoja 44093, Inscripci\u00f3n 7<\/td><\/tr><tr><td>Postanschrift<\/td><td>P.I. Las Salinas, Calle Alexander Humboldt n\u00ba 12 &#8211; 11500 El Puerto de Santa Mar\u00eda (C\u00e1diz)<\/td><\/tr><tr><td>Telefon<\/td><td>856925095<\/td><\/tr><tr><td>E-Mail Adresse<\/td><td>info@ayur.bio<\/td><\/tr><\/tbody><\/table><\/figure><ol class=\"wp-block-list\" style=\"list-style-type:1\" id=\"finalidad\"><li><strong>3 &#8211; Zu welchem Zweck verarbeiten wir Ihre personenbezogenen Daten und wie lange werden wir sie aufbewahren?<\/strong><\/li><\/ol><ul class=\"wp-block-list\"><li>Ihre personenbezogenen Daten werden von dem Unternehmen nur f\u00fcr festgelegte, eindeutige und rechtm\u00e4\u00dfige Zwecke verarbeitet und nicht in einer Weise, die mit diesen Zwecken unvereinbar ist.<\/li><\/ul><figure class=\"wp-block-table\"><table><tbody><tr><td><strong>Verwendungszwecke<\/strong><\/td><\/tr><tr><td>Zweck 1: f\u00fcr alle Benutzer<\/td><td>Verwaltung, Untersuchung und L\u00f6sung von Anfragen, die \u00fcber die Website gestellt werden.<\/td><\/tr><tr><td>Zweck 2: f\u00fcr alle Nutzer, die diesem Zweck zustimmen.<\/td><td>Versenden von kommerziellen Mitteilungen \u00fcber die Produkte und Dienstleistungen des Unternehmens.<\/td><\/tr><tr><td>Zweck 3: f\u00fcr die Kunden des Online-Shops<\/td><td>Buchhaltung, Steuern und Verwaltungsmanagement.<\/td><\/tr><\/tbody><\/table><\/figure><ul class=\"wp-block-list\"><li>Das Unternehmen bewahrt Ihre personenbezogenen Daten so lange auf, wie es nach den zur Verf\u00fcgung gestellten Informationen und den in den geltenden Vorschriften festgelegten Aufbewahrungsfristen erforderlich ist.<\/li><\/ul><p>NORTEM CHEM, S.A. verarbeitet die personenbezogenen Daten, die von den Nutzern \u00fcber die elektronischen Formulare auf der Website www.biosaltpearls.com zur Verf\u00fcgung gestellt werden, zu den unten genannten Zwecken:<\/p><ol class=\"wp-block-list\" style=\"list-style-type:lower-alpha\"><li>In Bezug auf das \u201eRegistrierungsformular\u201c:<\/li><\/ol><p>Zweck: Verwaltung, Pr\u00fcfung und Bearbeitung von Antr\u00e4gen auf Registrierung als Nutzer unserer Website sowie Zusendung kommerzieller Mitteilungen \u00fcber unsere Dienstleistungen, sofern der Betroffene in die Verarbeitung seiner personenbezogenen Daten zu diesem Zweck eingewilligt hat.<\/p><p>Legitimation: Die Einwilligung der betroffenen Person, die jederzeit widerrufen werden kann.<\/p><ul class=\"wp-block-list\"><li>In Bezug auf das Formular \u201eSenden Sie uns eine Nachricht\u201c:<\/li><\/ul><p>Zweck: Verwaltung der gestellten Anfragen sowie Zusendung kommerzieller Mitteilungen \u00fcber unsere Dienstleistungen, sofern der Betroffene in die Verarbeitung seiner personenbezogenen Daten zu diesem Zweck eingewilligt hat.<\/p><p>Legitimation: Die Einwilligung der betroffenen Person, die jederzeit widerrufen werden kann.<\/p><ul class=\"wp-block-list\"><li>In Bezug auf das \u201eBestellformular\u201c:<\/li><\/ul><p>Zweck: Verwaltung, Pr\u00fcfung und Abwicklung von Online-Kaufanfragen \u00fcber unsere Website sowie Zusendung von kommerziellen Mitteilungen \u00fcber unsere Dienstleistungen, sofern der Betroffene in die Verarbeitung seiner personenbezogenen Daten zu diesem Zweck eingewilligt hat.<\/p><p>Legitimation: Die Einwilligung der betroffenen Person, die jederzeit widerrufen werden kann.<\/p><ul class=\"wp-block-list\"><li>Wenn die in den elektronischen Formularen abgefragten Daten f\u00fcr den Zugang zu bestimmten Funktionen der Website erforderlich sind, weist NORTEM CHEM, S.A. bei der Erfassung der Daten des Benutzers auf diesen obligatorischen Charakter hin, und die Nichtbereitstellung dieser Daten hat zur Folge, dass die entsprechende Anfrage nicht bearbeitet werden kann.<\/li><\/ul><ol class=\"wp-block-list\" style=\"list-style-type:1\" id=\"legitimacion\"><li><strong>4 &#8211; An welche Empf\u00e4nger werden Ihre Daten weitergegeben?<\/strong><\/li><\/ol><p>Die Daten werden an die folgenden Unternehmen und zu den folgenden Zwecken weitergegeben: <\/p><figure class=\"wp-block-table\"><table><tbody><tr><td><strong>TARGET<\/strong><\/td><td><strong>ZWECK<\/strong><\/td><td><strong>LEGITIMIT\u00c4T<\/strong><\/td><\/tr><tr><td>NORTEM CHEM S.A.<\/td><td>Unternehmen, das f\u00fcr die Wartung und Programmierung unserer Website zust\u00e4ndig ist.<\/td><td>Abschluss eines Vertrags \u00fcber die Erbringung von Dienstleistungen.<\/td><\/tr><\/tbody><\/table><\/figure><ul class=\"wp-block-list\"><li>Eine Daten\u00fcbermittlung an Drittl\u00e4nder ist nicht geplant.<\/li><\/ul><ol class=\"wp-block-list\" style=\"list-style-type:1\"><li><strong>5 &#8211; Welche Rechte haben Sie, wenn Sie uns Ihre Daten zur Verf\u00fcgung stellen?<\/strong><\/li><\/ol><p>Jede Person hat das Recht, eine Best\u00e4tigung dar\u00fcber zu erhalten, ob das Unternehmen sie betreffende personenbezogene Daten verarbeitet oder nicht.<\/p><p>Sie k\u00f6nnen sich an die Postanschrift des Unternehmens oder an die in diesem Dokument angegebene E-Mail-Adresse wenden, um die folgenden Rechte geltend zu machen:<\/p><ul class=\"wp-block-list\"><li>Recht auf Auskunft \u00fcber die personenbezogenen Daten der betroffenen Person.<ul class=\"wp-block-list\"><li>Das Recht, die Berichtigung oder L\u00f6schung der Daten zu verlangen.<\/li>\n\n<li>Das Recht, die Einschr\u00e4nkung der Verarbeitung zu verlangen.<\/li>\n\n<li>Recht auf Widerspruch gegen die Verarbeitung.<\/li>\n\n<li>Recht auf Daten\u00fcbertragbarkeit.<\/li><\/ul><\/li><\/ul><p>Sie k\u00f6nnen die zur Aus\u00fcbung dieser Rechte erforderlichen Formulare anfordern, indem Sie eine E-Mail an die in diesem Dokument angegebene E-Mail-Adresse senden.<\/p><p>Da die Aus\u00fcbung dieser Rechte sehr pers\u00f6nlich ist, m\u00fcssen Sie dem Antrag eine Kopie Ihres Personalausweises oder eines gleichwertigen Dokuments beif\u00fcgen.<\/p><p>Sie k\u00f6nnen sich an die spanische Datenschutzbeh\u00f6rde wenden, um zus\u00e4tzliche Informationen \u00fcber Ihre Rechte zu erhalten oder eine Beschwerde bei ihr einzureichen, insbesondere dann, wenn Sie bei der Aus\u00fcbung Ihrer Rechte nicht zufriedenstellend behandelt wurden, wobei Sie alle daf\u00fcr erforderlichen Informationen \u00fcber die Website <a href=\"http:\/\/www.agpd.es\/\">www.agpd.es<\/a><\/p><ol class=\"wp-block-list\" style=\"list-style-type:1\"><li><strong>6 &#8211; Welche Sicherheitsma\u00dfnahmen werden angewendet?<\/strong><\/li><\/ol><p>NORTEM CHEM, S.A. wendet zu jeder Zeit die von der RGPD geforderten Sicherheitsniveaus an, die der Art der verarbeiteten Daten entsprechen. Ungeachtet dessen muss der Benutzer bedenken, dass die Sicherheit der Systeme nicht un\u00fcberwindbar ist und es zu betr\u00fcgerischen Handlungen durch Dritte kommen kann, obwohl NORTEM CHEM, S.A. alle Anstrengungen unternimmt, um solche Handlungen zu vermeiden. Sie k\u00f6nnen weitere Informationen \u00fcber unsere Sicherheitsma\u00dfnahmen per E-Mail an rgpd@nortem.info anfordern.<\/p>","protected":false},"excerpt":{"rendered":"<p>Diese Datenschutzerkl\u00e4rung gilt f\u00fcr die Verarbeitung der personenbezogenen Daten von Kunden und\/oder Nutzern der Website www.ayur.bio, deren Verantwortlicher NORTEM CHEM, S.A. ist. VERTRAULICHKEIT UND DATENSCHUTZ Zweck dieser Datenschutzrichtlinie ist es, Sie \u00fcber Ihre Rechte gem\u00e4\u00df den Bestimmungen der VERORDNUNG (EU) 2016\/679 DES EUROP\u00c4ISCHEN PARLAMENTS UND DES RATES vom 27. April 2016 zum Schutz nat\u00fcrlicher Personen<\/p>\n<div class=\"klb-readmore entry-button\"><a class=\"btn link\" href=\"https:\/\/ayur.bio\/de\/datenschutzbestimmungen\/\">Read More <i class=\"klbth-icon-right-arrow\"><\/i><\/a><\/div>\n","protected":false},"author":1,"featured_media":0,"parent":0,"menu_order":0,"comment_status":"closed","ping_status":"closed","template":"","meta":{"_themeisle_gutenberg_block_has_review":false,"footnotes":""},"class_list":["post-5843","page","type-page","status-publish","hentry"],"yoast_head":"<!-- This site is optimized with the Yoast SEO plugin v24.8.1 - https:\/\/yoast.com\/wordpress\/plugins\/seo\/ -->\n<title>Datenschutzbestimmungen - Ayurbio Wear<\/title>\n<meta name=\"robots\" content=\"index, follow, max-snippet:-1, max-image-preview:large, max-video-preview:-1\" \/>\n<link rel=\"canonical\" href=\"https:\/\/ayur.bio\/politica-privacidad\/\" \/>\n<meta property=\"og:locale\" content=\"de_DE\" \/>\n<meta property=\"og:type\" content=\"article\" \/>\n<meta property=\"og:title\" content=\"Datenschutzbestimmungen - Ayurbio Wear\" \/>\n<meta property=\"og:description\" content=\"Diese Datenschutzerkl\u00e4rung gilt f\u00fcr die Verarbeitung der personenbezogenen Daten von Kunden und\/oder Nutzern der Website www.ayur.bio, deren Verantwortlicher NORTEM CHEM, S.A. ist. VERTRAULICHKEIT UND DATENSCHUTZ Zweck dieser Datenschutzrichtlinie ist es, Sie \u00fcber Ihre Rechte gem\u00e4\u00df den Bestimmungen der VERORDNUNG (EU) 2016\/679 DES EUROP\u00c4ISCHEN PARLAMENTS UND DES RATES vom 27. April 2016 zum Schutz nat\u00fcrlicher PersonenRead More\" \/>\n<meta property=\"og:url\" content=\"https:\/\/ayur.bio\/politica-privacidad\/\" \/>\n<meta property=\"og:site_name\" content=\"Ayurbio Wear\" \/>\n<meta property=\"article:modified_time\" content=\"2024-04-30T09:54:22+00:00\" \/>\n<meta name=\"twitter:card\" content=\"summary_large_image\" \/>\n<meta name=\"twitter:label1\" content=\"Gesch\u00e4tzte Lesezeit\" \/>\n\t<meta name=\"twitter:data1\" content=\"6\u00a0Minuten\" \/>\n<script type=\"application\/ld+json\" class=\"yoast-schema-graph\">{\"@context\":\"https:\/\/schema.org\",\"@graph\":[{\"@type\":\"WebPage\",\"@id\":\"https:\/\/ayur.bio\/politica-privacidad\/\",\"url\":\"https:\/\/ayur.bio\/politica-privacidad\/\",\"name\":\"Datenschutzbestimmungen - Ayurbio Wear\",\"isPartOf\":{\"@id\":\"https:\/\/ayur.bio\/fr\/#website\"},\"datePublished\":\"2022-04-11T08:35:27+00:00\",\"dateModified\":\"2024-04-30T09:54:22+00:00\",\"breadcrumb\":{\"@id\":\"https:\/\/ayur.bio\/politica-privacidad\/#breadcrumb\"},\"inLanguage\":\"de\",\"potentialAction\":[{\"@type\":\"ReadAction\",\"target\":[\"https:\/\/ayur.bio\/politica-privacidad\/\"]}]},{\"@type\":\"BreadcrumbList\",\"@id\":\"https:\/\/ayur.bio\/politica-privacidad\/#breadcrumb\",\"itemListElement\":[{\"@type\":\"ListItem\",\"position\":1,\"name\":\"Portada\",\"item\":\"https:\/\/ayur.bio\/de\/\"},{\"@type\":\"ListItem\",\"position\":2,\"name\":\"Datenschutzbestimmungen\"}]},{\"@type\":\"WebSite\",\"@id\":\"https:\/\/ayur.bio\/fr\/#website\",\"url\":\"https:\/\/ayur.bio\/fr\/\",\"name\":\"Ayurbio Wear\",\"description\":\"\",\"potentialAction\":[{\"@type\":\"SearchAction\",\"target\":{\"@type\":\"EntryPoint\",\"urlTemplate\":\"https:\/\/ayur.bio\/fr\/?s={search_term_string}\"},\"query-input\":{\"@type\":\"PropertyValueSpecification\",\"valueRequired\":true,\"valueName\":\"search_term_string\"}}],\"inLanguage\":\"de\"}]}<\/script>\n<!-- \/ Yoast SEO plugin. -->","yoast_head_json":{"title":"Datenschutzbestimmungen - Ayurbio Wear","robots":{"index":"index","follow":"follow","max-snippet":"max-snippet:-1","max-image-preview":"max-image-preview:large","max-video-preview":"max-video-preview:-1"},"canonical":"https:\/\/ayur.bio\/politica-privacidad\/","og_locale":"de_DE","og_type":"article","og_title":"Datenschutzbestimmungen - Ayurbio Wear","og_description":"Diese Datenschutzerkl\u00e4rung gilt f\u00fcr die Verarbeitung der personenbezogenen Daten von Kunden und\/oder Nutzern der Website www.ayur.bio, deren Verantwortlicher NORTEM CHEM, S.A. ist. VERTRAULICHKEIT UND DATENSCHUTZ Zweck dieser Datenschutzrichtlinie ist es, Sie \u00fcber Ihre Rechte gem\u00e4\u00df den Bestimmungen der VERORDNUNG (EU) 2016\/679 DES EUROP\u00c4ISCHEN PARLAMENTS UND DES RATES vom 27. April 2016 zum Schutz nat\u00fcrlicher PersonenRead More","og_url":"https:\/\/ayur.bio\/politica-privacidad\/","og_site_name":"Ayurbio Wear","article_modified_time":"2024-04-30T09:54:22+00:00","twitter_card":"summary_large_image","twitter_misc":{"Gesch\u00e4tzte Lesezeit":"6\u00a0Minuten"},"schema":{"@context":"https:\/\/schema.org","@graph":[{"@type":"WebPage","@id":"https:\/\/ayur.bio\/politica-privacidad\/","url":"https:\/\/ayur.bio\/politica-privacidad\/","name":"Datenschutzbestimmungen - Ayurbio Wear","isPartOf":{"@id":"https:\/\/ayur.bio\/fr\/#website"},"datePublished":"2022-04-11T08:35:27+00:00","dateModified":"2024-04-30T09:54:22+00:00","breadcrumb":{"@id":"https:\/\/ayur.bio\/politica-privacidad\/#breadcrumb"},"inLanguage":"de","potentialAction":[{"@type":"ReadAction","target":["https:\/\/ayur.bio\/politica-privacidad\/"]}]},{"@type":"BreadcrumbList","@id":"https:\/\/ayur.bio\/politica-privacidad\/#breadcrumb","itemListElement":[{"@type":"ListItem","position":1,"name":"Portada","item":"https:\/\/ayur.bio\/de\/"},{"@type":"ListItem","position":2,"name":"Datenschutzbestimmungen"}]},{"@type":"WebSite","@id":"https:\/\/ayur.bio\/fr\/#website","url":"https:\/\/ayur.bio\/fr\/","name":"Ayurbio Wear","description":"","potentialAction":[{"@type":"SearchAction","target":{"@type":"EntryPoint","urlTemplate":"https:\/\/ayur.bio\/fr\/?s={search_term_string}"},"query-input":{"@type":"PropertyValueSpecification","valueRequired":true,"valueName":"search_term_string"}}],"inLanguage":"de"}]}},"jetpack_sharing_enabled":true,"_links":{"self":[{"href":"https:\/\/ayur.bio\/de\/wp-json\/wp\/v2\/pages\/5843","targetHints":{"allow":["GET"]}}],"collection":[{"href":"https:\/\/ayur.bio\/de\/wp-json\/wp\/v2\/pages"}],"about":[{"href":"https:\/\/ayur.bio\/de\/wp-json\/wp\/v2\/types\/page"}],"author":[{"embeddable":true,"href":"https:\/\/ayur.bio\/de\/wp-json\/wp\/v2\/users\/1"}],"replies":[{"embeddable":true,"href":"https:\/\/ayur.bio\/de\/wp-json\/wp\/v2\/comments?post=5843"}],"version-history":[{"count":1,"href":"https:\/\/ayur.bio\/de\/wp-json\/wp\/v2\/pages\/5843\/revisions"}],"predecessor-version":[{"id":5844,"href":"https:\/\/ayur.bio\/de\/wp-json\/wp\/v2\/pages\/5843\/revisions\/5844"}],"wp:attachment":[{"href":"https:\/\/ayur.bio\/de\/wp-json\/wp\/v2\/media?parent=5843"}],"curies":[{"name":"wp","href":"https:\/\/api.w.org\/{rel}","templated":true}]}}